{"id":13967,"date":"2025-02-21T20:53:23","date_gmt":"2025-02-21T20:53:23","guid":{"rendered":"https:\/\/edimeinter.com\/libreria\/?post_type=product&#038;p=13967"},"modified":"2025-05-13T17:56:05","modified_gmt":"2025-05-13T17:56:05","slug":"miller-anestesia-9a-edicion","status":"publish","type":"product","link":"https:\/\/edimeinter.com\/libreria\/product\/miller-anestesia-9a-edicion\/","title":{"rendered":"Miller. Anestesia. 9\u00aa Edici\u00f3n"},"content":{"rendered":"\t\t<div data-elementor-type=\"wp-post\" data-elementor-id=\"13967\" class=\"elementor elementor-13967\">\n\t\t\t\t<div class=\"elementor-element elementor-element-2612b12 e-flex e-con-boxed e-con e-parent\" data-id=\"2612b12\" data-element_type=\"container\" data-e-type=\"container\">\n\t\t\t\t\t<div class=\"e-con-inner\">\n\t\t\n\t\t<div class=\"elementor-element elementor-element-498707ae elementor-widget elementor-widget-text-editor\" data-id=\"498707ae\" data-element_type=\"widget\" data-e-type=\"widget\" data-widget_type=\"text-editor.default\">\n\t\t\t\t<div class=\"elementor-widget-container\">\n\t\t\t\t\t\t\t\t\t<p>La principal referencia en el campo de la anestesiolog\u00eda, cubre los fundamentos cient\u00edficos y la pr\u00e1ctica cl\u00ednica actuales desde una perspectiva hist\u00f3rica e internacional.<\/p><p>Incorpora cuatro cap\u00edtulos nuevos: \u00abCuidados cl\u00ednicos en entornos extremos: alta presi\u00f3n, inmersi\u00f3n, ahogamiento, hipo- e hipertermia\u00bb; \u00abDisfunci\u00f3n cognitiva y otras complicaciones a largo plazo de la cirug\u00eda y la anestesia\u00bb; \u00abInvestigaci\u00f3ncl\u00ednica\u00bb, e \u00abInterpretaci\u00f3n de la literatura m\u00e9dica\u00bb.<\/p><p>Proporciona informaci\u00f3n plenamente actualizada sobre f\u00e1rmacos anest\u00e9sicos; directrices sobre pr\u00e1ctica anest\u00e9sica y seguridad del paciente; nuevas t\u00e9cnicas; instrucciones paso a paso para el abordaje de los pacientes; necesidades espec\u00edficas de los pacientes pedi\u00e1tricos, y otros muchos temas, acompa\u00f1adosde m\u00e1s de 1.500 ilustraciones en color.<\/p><p>En esta nueva edici\u00f3n, el doctor Michael A. Gropper dirige a un equipo de expertos de todo el mundo que aportan la informaci\u00f3n m\u00e1s actualizada sobre las cuestiones t\u00e9cnicas, cient\u00edficas y cl\u00ednicas que se afrontan a diario, ya sea durante la preparaci\u00f3n de los ex\u00e1menes de especializaci\u00f3n o el abordaje de situaciones complejas en la pr\u00e1ctica profesional.<\/p><p>Incluye la versi\u00f3n electr\u00f3nica del libro en Expert Consult, que permite acceder al texto completo, las figuras y la bibliograf\u00eda desde distintos dispositivos, as\u00ed como a actualizaciones, p\u00e1ginas web relacionadas y una colecci\u00f3n ampliada a v\u00eddeos ilustrativos de las t\u00e9cnicas. Todos los recursos electr\u00f3nicos se ofrecen en ingl\u00e9s.<\/p>\t\t\t\t\t\t\t\t<\/div>\n\t\t\t\t<\/div>\n\t\t\t\t\t<\/div>\n\t\t\t\t<\/div>\n\t\t\t\t<\/div>\n\t\t","protected":false},"excerpt":{"rendered":"<p><strong>Autores:<\/strong>\u00a0Michael A. Gropper, MD, PhD, Lars I. Eriksson, MD, PhD, FRCA, Lee A Fleisher, MD, FACC, Jeanine P. Wiener-Kronish, MD, Neal H Cohen, MD, MS, MPH and Kate Leslie, MB, BS, MD<br \/>\n<strong>ISBN:<\/strong>\u00a09788491137368<br \/>\n<strong>Editorial:<\/strong>\u00a0Elsevier<br \/>\n<strong>Edici\u00f3n:<\/strong>\u00a09\u00aa<br \/>\n<strong>Especialidad<\/strong>: Anestesiolog\u00eda<br \/>\n<strong>P\u00e1ginas<\/strong>: 3000<br \/>\n\u00a9 2021<\/p>\n","protected":false},"featured_media":13968,"comment_status":"open","ping_status":"closed","template":"","meta":{"_joinchat":[]},"product_cat":[86],"product_tag":[87,85],"class_list":{"0":"post-13967","1":"product","2":"type-product","3":"status-publish","4":"has-post-thumbnail","6":"product_cat-anestesiologia-y-reanimacion","7":"product_tag-anestesiologia-y-reanimacion","8":"product_tag-elsevier","10":"first","11":"instock","12":"featured","13":"taxable","14":"shipping-taxable","15":"purchasable","16":"product-type-simple"},"_links":{"self":[{"href":"https:\/\/edimeinter.com\/libreria\/wp-json\/wp\/v2\/product\/13967","targetHints":{"allow":["GET"]}}],"collection":[{"href":"https:\/\/edimeinter.com\/libreria\/wp-json\/wp\/v2\/product"}],"about":[{"href":"https:\/\/edimeinter.com\/libreria\/wp-json\/wp\/v2\/types\/product"}],"replies":[{"embeddable":true,"href":"https:\/\/edimeinter.com\/libreria\/wp-json\/wp\/v2\/comments?post=13967"}],"version-history":[{"count":2,"href":"https:\/\/edimeinter.com\/libreria\/wp-json\/wp\/v2\/product\/13967\/revisions"}],"predecessor-version":[{"id":16090,"href":"https:\/\/edimeinter.com\/libreria\/wp-json\/wp\/v2\/product\/13967\/revisions\/16090"}],"wp:featuredmedia":[{"embeddable":true,"href":"https:\/\/edimeinter.com\/libreria\/wp-json\/wp\/v2\/media\/13968"}],"wp:attachment":[{"href":"https:\/\/edimeinter.com\/libreria\/wp-json\/wp\/v2\/media?parent=13967"}],"wp:term":[{"taxonomy":"product_cat","embeddable":true,"href":"https:\/\/edimeinter.com\/libreria\/wp-json\/wp\/v2\/product_cat?post=13967"},{"taxonomy":"product_tag","embeddable":true,"href":"https:\/\/edimeinter.com\/libreria\/wp-json\/wp\/v2\/product_tag?post=13967"}],"curies":[{"name":"wp","href":"https:\/\/api.w.org\/{rel}","templated":true}]}}