{"id":13974,"date":"2025-02-21T20:58:39","date_gmt":"2025-02-21T20:58:39","guid":{"rendered":"https:\/\/edimeinter.com\/libreria\/?post_type=product&#038;p=13974"},"modified":"2025-03-11T20:36:15","modified_gmt":"2025-03-11T20:36:15","slug":"kumar-robbins-patologia-esencial-1a-edicion","status":"publish","type":"product","link":"https:\/\/edimeinter.com\/libreria\/product\/kumar-robbins-patologia-esencial-1a-edicion\/","title":{"rendered":"Kumar. Robbins patolog\u00eda esencial. 1\u00aa Edici\u00f3n"},"content":{"rendered":"\t\t<div data-elementor-type=\"wp-post\" data-elementor-id=\"13974\" class=\"elementor elementor-13974\">\n\t\t\t\t\n<div class=\"elementor-element elementor-element-2612b12 e-flex e-con-boxed e-con e-parent\" data-id=\"2612b12\" data-element_type=\"container\" data-e-type=\"container\">\n\t\t\t\t\t<div class=\"e-con-inner\">\n\t\t\t\t<div class=\"elementor-element elementor-element-498707ae elementor-widget elementor-widget-text-editor\" data-id=\"498707ae\" data-element_type=\"widget\" data-e-type=\"widget\" data-widget_type=\"text-editor.default\">\n\t\t\t\t<div class=\"elementor-widget-container\">\n\t\t\t\t\t\t\t\t\t<p>Nuevo t\u00edtulo de la familia Robbins que nace como un derivado de las dos grandes obras de referencia en Anatom\u00eda Patol\u00f3gica: Kumar, Robbins y Cotran Patolog\u00eda estructural y funcional 10\u00aa ed y Robbins, Patolog\u00eda humana 10\u00aa ed.<\/p><p>El texto se presenta como el conjunto de conocimientos \u00abcore\u00bb que el alumno del grado de Medicina debe adquirir en la asignatura. Tiene un abordaje por sistemas y se adapta perfectamente a todos aquellos sistemas curriculares integrados con un alto grado de correlaci\u00f3n cl\u00ednica.<\/p><p>La obra se organiza en un total de 19 cap\u00edtulos e incluye numerosos elementos did\u00e1cticos cuyo objetivo es proporcionar los suficientes conocimientos para conocer los mecanismos causantes de enfermedad ( tablas, ilustraciones, cuadros de tratamiento, casos cl\u00ednicos\u2026).<\/p><p>Incluye acceso a Student Consult, que ofrece el contenido completo del libro en formato electr\u00f3nico y herramientas de aprendizaje integradas (disponibles en ingl\u00e9s). As\u00ed, se incluyen un conjunto de 600 preguntas de autoevaluaci\u00f3n con la respuesta correcta y un conjunto de casos cl\u00ednicos desarrollados paso a paso.<\/p>\t\t\t\t\t\t\t\t<\/div>\n\t\t\t\t<\/div>\n\t\t\t\t\t<\/div>\n\t\t\t\t<\/div>\n\t\t\t\t<\/div>\n\t\t","protected":false},"excerpt":{"rendered":"<p><strong>Autores:<\/strong>\u00a0Vinay Kumar, Abul K. Abbas, MBBS and Jon.C. Aster<br \/>\n<strong>ISBN:<\/strong>\u00a09788491138051<br \/>\n<strong>Editorial:<\/strong>\u00a0Elsevier<br \/>\n<strong>Edici\u00f3n:<\/strong>\u00a01\u00aa<br \/>\n<strong>Especialidad<\/strong>: Patolog\u00eda<br \/>\n<strong>P\u00e1ginas<\/strong>: 352<br \/>\n\u00a9 2021<\/p>\n","protected":false},"featured_media":13975,"comment_status":"open","ping_status":"open","template":"","meta":{"_joinchat":[]},"product_cat":[134],"product_tag":[85,135],"class_list":{"0":"post-13974","1":"product","2":"type-product","3":"status-publish","4":"has-post-thumbnail","6":"product_cat-patologia","7":"product_tag-elsevier","8":"product_tag-patologia","10":"first","11":"instock","12":"featured","13":"taxable","14":"shipping-taxable","15":"purchasable","16":"product-type-simple"},"_links":{"self":[{"href":"https:\/\/edimeinter.com\/libreria\/wp-json\/wp\/v2\/product\/13974","targetHints":{"allow":["GET"]}}],"collection":[{"href":"https:\/\/edimeinter.com\/libreria\/wp-json\/wp\/v2\/product"}],"about":[{"href":"https:\/\/edimeinter.com\/libreria\/wp-json\/wp\/v2\/types\/product"}],"replies":[{"embeddable":true,"href":"https:\/\/edimeinter.com\/libreria\/wp-json\/wp\/v2\/comments?post=13974"}],"version-history":[{"count":2,"href":"https:\/\/edimeinter.com\/libreria\/wp-json\/wp\/v2\/product\/13974\/revisions"}],"predecessor-version":[{"id":16092,"href":"https:\/\/edimeinter.com\/libreria\/wp-json\/wp\/v2\/product\/13974\/revisions\/16092"}],"wp:featuredmedia":[{"embeddable":true,"href":"https:\/\/edimeinter.com\/libreria\/wp-json\/wp\/v2\/media\/13975"}],"wp:attachment":[{"href":"https:\/\/edimeinter.com\/libreria\/wp-json\/wp\/v2\/media?parent=13974"}],"wp:term":[{"taxonomy":"product_cat","embeddable":true,"href":"https:\/\/edimeinter.com\/libreria\/wp-json\/wp\/v2\/product_cat?post=13974"},{"taxonomy":"product_tag","embeddable":true,"href":"https:\/\/edimeinter.com\/libreria\/wp-json\/wp\/v2\/product_tag?post=13974"}],"curies":[{"name":"wp","href":"https:\/\/api.w.org\/{rel}","templated":true}]}}