{"id":13980,"date":"2025-02-21T21:12:22","date_gmt":"2025-02-21T21:12:22","guid":{"rendered":"https:\/\/edimeinter.com\/libreria\/?post_type=product&#038;p=13980"},"modified":"2025-05-08T16:29:18","modified_gmt":"2025-05-08T16:29:18","slug":"enzinger-y-weiss-tumores-de-partes-blandas-7a-edicion","status":"publish","type":"product","link":"https:\/\/edimeinter.com\/libreria\/product\/enzinger-y-weiss-tumores-de-partes-blandas-7a-edicion\/","title":{"rendered":"Enzinger y Weiss. Tumores de partes blandas. 7\u00aa Edici\u00f3n"},"content":{"rendered":"\t\t<div data-elementor-type=\"wp-post\" data-elementor-id=\"13980\" class=\"elementor elementor-13980\">\n\t\t\t\t<div class=\"elementor-element elementor-element-2612b12 e-flex e-con-boxed e-con e-parent\" data-id=\"2612b12\" data-element_type=\"container\" data-e-type=\"container\">\n\t\t\t\t\t<div class=\"e-con-inner\">\n\t\t\n\t\t<div class=\"elementor-element elementor-element-498707ae elementor-widget elementor-widget-text-editor\" data-id=\"498707ae\" data-element_type=\"widget\" data-e-type=\"widget\" data-widget_type=\"text-editor.default\">\n\t\t\t\t<div class=\"elementor-widget-container\">\n\t\t\t\t\t\t\t\t\t<p>Desde la aparici\u00f3n de la primera edici\u00f3n hace m\u00e1s de 35 a\u00f1os, esta obra se ha consolidado como el texto de referencia m\u00e1s completo y fiable de la especialidad.<\/p><p>La presente obra proporciona a los pat\u00f3logos, tanto en ejercicio como en formaci\u00f3n, una gu\u00eda precisa para el diagn\u00f3stico mediante an\u00e1lisis microsc\u00f3pico, inmunohistoqu\u00edmico y gen\u00e9tico, as\u00ed como informaci\u00f3n cl\u00ednicamente relevante para los especialistas que m\u00e1s a menudo observan este tipo de enfermedades: dermat\u00f3logos, onc\u00f3logos y traumat\u00f3logos.<\/p><p>Incorpora los conocimientos acerca de entidades patol\u00f3gicas recientemente identificadas, secuenciaci\u00f3n masiva en paralelo o profunda (SMP), t\u00e9cnicas de diagn\u00f3stico molecular, y caracter\u00edsticas inmunohistoqu\u00edmicas y gen\u00e9ticas de los tumores de partes blandas, proporcionando informaci\u00f3n actualizada relativa a su diagn\u00f3stico y pron\u00f3stico.<\/p><p>Proporciona mas de 2.000 im\u00e1genes de gran calidad que capturan fielmente las caracter\u00edsticas cl\u00ednicas, macrosc\u00f3picas y microsc\u00f3picas de tumores tanto benignos como malignos, facilitando su clasificaci\u00f3n.<\/p><p>Ofrece informaci\u00f3n pr\u00e1ctica para el diagn\u00f3stico diferencial de los tumores del m\u00fasculo esquel\u00e9tico, del tejido conjuntivo, del tejido adiposo y de las estructuras anat\u00f3micas relacionadas, que ayudan a diagnosticar con precisi\u00f3n y a elaborar informes de patolog\u00eda con total confianza incluso en los casos m\u00e1s dif\u00edciles.<\/p>\t\t\t\t\t\t\t\t<\/div>\n\t\t\t\t<\/div>\n\t\t\t\t\t<\/div>\n\t\t\t\t<\/div>\n\t\t\t\t<\/div>\n\t\t","protected":false},"excerpt":{"rendered":"<p><strong>Autores:<\/strong>\u00a0John R. Goldblum, MD, FCAP, FASCP, FACG, Andrew L. Folpe, MD and Sharon W. Weiss, MD<br \/>\n<strong>ISBN:<\/strong>\u00a09788491138990<br \/>\n<strong>Editorial:<\/strong>\u00a0Elsevier<br \/>\n<strong>Edici\u00f3n:<\/strong>\u00a07\u00aa<br \/>\n<strong>Especialidad<\/strong>: Patolog\u00eda<br \/>\n<strong>P\u00e1ginas<\/strong>: 1304<br \/>\n\u00a9 2021<\/p>\n","protected":false},"featured_media":13981,"comment_status":"open","ping_status":"closed","template":"","meta":{"_joinchat":[]},"product_cat":[134],"product_tag":[85,135],"class_list":{"0":"post-13980","1":"product","2":"type-product","3":"status-publish","4":"has-post-thumbnail","6":"product_cat-patologia","7":"product_tag-elsevier","8":"product_tag-patologia","10":"first","11":"instock","12":"featured","13":"taxable","14":"shipping-taxable","15":"purchasable","16":"product-type-simple"},"_links":{"self":[{"href":"https:\/\/edimeinter.com\/libreria\/wp-json\/wp\/v2\/product\/13980","targetHints":{"allow":["GET"]}}],"collection":[{"href":"https:\/\/edimeinter.com\/libreria\/wp-json\/wp\/v2\/product"}],"about":[{"href":"https:\/\/edimeinter.com\/libreria\/wp-json\/wp\/v2\/types\/product"}],"replies":[{"embeddable":true,"href":"https:\/\/edimeinter.com\/libreria\/wp-json\/wp\/v2\/comments?post=13980"}],"version-history":[{"count":2,"href":"https:\/\/edimeinter.com\/libreria\/wp-json\/wp\/v2\/product\/13980\/revisions"}],"predecessor-version":[{"id":16094,"href":"https:\/\/edimeinter.com\/libreria\/wp-json\/wp\/v2\/product\/13980\/revisions\/16094"}],"wp:featuredmedia":[{"embeddable":true,"href":"https:\/\/edimeinter.com\/libreria\/wp-json\/wp\/v2\/media\/13981"}],"wp:attachment":[{"href":"https:\/\/edimeinter.com\/libreria\/wp-json\/wp\/v2\/media?parent=13980"}],"wp:term":[{"taxonomy":"product_cat","embeddable":true,"href":"https:\/\/edimeinter.com\/libreria\/wp-json\/wp\/v2\/product_cat?post=13980"},{"taxonomy":"product_tag","embeddable":true,"href":"https:\/\/edimeinter.com\/libreria\/wp-json\/wp\/v2\/product_tag?post=13980"}],"curies":[{"name":"wp","href":"https:\/\/api.w.org\/{rel}","templated":true}]}}