{"id":13993,"date":"2025-02-21T21:21:22","date_gmt":"2025-02-21T21:21:22","guid":{"rendered":"https:\/\/edimeinter.com\/libreria\/?post_type=product&#038;p=13993"},"modified":"2025-03-11T20:43:16","modified_gmt":"2025-03-11T20:43:16","slug":"procedimientos-clinicos-esenciales-4a-edicion","status":"publish","type":"product","link":"https:\/\/edimeinter.com\/libreria\/product\/procedimientos-clinicos-esenciales-4a-edicion\/","title":{"rendered":"Procedimientos cl\u00ednicos esenciales. 4\u00aa Edici\u00f3n"},"content":{"rendered":"\t\t<div data-elementor-type=\"wp-post\" data-elementor-id=\"13993\" class=\"elementor elementor-13993\">\n\t\t\t\t<div class=\"elementor-element elementor-element-2612b12 e-flex e-con-boxed e-con e-parent\" data-id=\"2612b12\" data-element_type=\"container\" data-e-type=\"container\">\n\t\t\t\t\t<div class=\"e-con-inner\">\n\t\t\n\t\t<div class=\"elementor-element elementor-element-498707ae elementor-widget elementor-widget-text-editor\" data-id=\"498707ae\" data-element_type=\"widget\" data-e-type=\"widget\" data-widget_type=\"text-editor.default\">\n\t\t\t\t<div class=\"elementor-widget-container\">\n\t\t\t\t\t\t\t\t\t<p>Prestigiosa obra de referencia que muestra paso a paso c\u00f3mo llevar a cabo las intervenciones diagn\u00f3sticas y terap\u00e9uticas m\u00e1s habituales en el \u00e1mbito de la atenci\u00f3n primaria y de la especializada.<\/p><p>El lector encontrar\u00e1 informaci\u00f3n sobre todo lo que necesita conocer de 70 procedimientos, incluyendo las t\u00e9cnicas m\u00e1s innovadoras y avanzadas. Aborda la preparaci\u00f3n del paciente, el uso del instrumental, y los riesgos y complicaciones potenciales asociados a las intervenciones m\u00e1s comunes, as\u00ed como cuestiones extraprocedimentales.<\/p><p>Incluye nuevos cap\u00edtulos sobre ecograf\u00eda a pie de cama y extracci\u00f3n de anillos, as\u00ed como 34 nuevos v\u00eddeos de intervenciones (contenido en ingl\u00e9s). Presenta contenido revisado y actualizado sobre criocirug\u00eda \u2022 t\u00e9cnicas de inyec ci\u00f3n \u2022 punci\u00f3n arterial \u2022 subluxaciones de hombro\/dedo \u2022 t\u00e9cnica est\u00e9ril \u2022 codifi caci\u00f3n ambulatoria \u2022 colocaci\u00f3n de yesos y f\u00e9rulas \u2022 hemocultivos \u2022 precauciones est\u00e1ndar \u2022 y muchas otras cuestiones.<\/p><p>Contiene m\u00e1s de 200 ilustraciones de alta calidad, entre las que se cuentan im\u00e1 genes actualizadas sobre pruebas de funci\u00f3n pulmonar en la consulta y cierre de heridas. Se estructura sistem\u00e1tica y uniformemente a lo largo de las p\u00e1ginas, lo que facilita la localizaci\u00f3n de la informaci\u00f3n con rapidez.<\/p><p>Permite acceder al texto, las figuras y la bibliograf\u00eda del libro en ingl\u00e9s a trav\u00e9s de distintos dispositivos gracias a la versi\u00f3n digital de la obra original incluida en la compra.<\/p>\t\t\t\t\t\t\t\t<\/div>\n\t\t\t\t<\/div>\n\t\t\t\t\t<\/div>\n\t\t\t\t<\/div>\n\t\t\t\t<\/div>\n\t\t","protected":false},"excerpt":{"rendered":"<p><strong>Autores:<\/strong>\u00a0Richard W. Dehn, MPA, PA-C and David P. Asprey, PhD, PA-C<br \/>\n<strong>ISBN:<\/strong>\u00a09788491138846<br \/>\n<strong>Editorial:<\/strong>\u00a0Elsevier<br \/>\n<strong>Edici\u00f3n:<\/strong>\u00a04\u00aa<br \/>\n<strong>Especialidad<\/strong>: Medicina Interna<br \/>\n<strong>P\u00e1ginas<\/strong>: 464<br \/>\n\u00a9 2021<\/p>\n","protected":false},"featured_media":13994,"comment_status":"open","ping_status":"open","template":"","meta":{"_joinchat":[]},"product_cat":[150],"product_tag":[85,151],"class_list":{"0":"post-13993","1":"product","2":"type-product","3":"status-publish","4":"has-post-thumbnail","6":"product_cat-medicina-interna","7":"product_tag-elsevier","8":"product_tag-medicina-interna","10":"first","11":"instock","12":"featured","13":"taxable","14":"shipping-taxable","15":"purchasable","16":"product-type-simple"},"_links":{"self":[{"href":"https:\/\/edimeinter.com\/libreria\/wp-json\/wp\/v2\/product\/13993","targetHints":{"allow":["GET"]}}],"collection":[{"href":"https:\/\/edimeinter.com\/libreria\/wp-json\/wp\/v2\/product"}],"about":[{"href":"https:\/\/edimeinter.com\/libreria\/wp-json\/wp\/v2\/types\/product"}],"replies":[{"embeddable":true,"href":"https:\/\/edimeinter.com\/libreria\/wp-json\/wp\/v2\/comments?post=13993"}],"version-history":[{"count":1,"href":"https:\/\/edimeinter.com\/libreria\/wp-json\/wp\/v2\/product\/13993\/revisions"}],"predecessor-version":[{"id":16096,"href":"https:\/\/edimeinter.com\/libreria\/wp-json\/wp\/v2\/product\/13993\/revisions\/16096"}],"wp:featuredmedia":[{"embeddable":true,"href":"https:\/\/edimeinter.com\/libreria\/wp-json\/wp\/v2\/media\/13994"}],"wp:attachment":[{"href":"https:\/\/edimeinter.com\/libreria\/wp-json\/wp\/v2\/media?parent=13993"}],"wp:term":[{"taxonomy":"product_cat","embeddable":true,"href":"https:\/\/edimeinter.com\/libreria\/wp-json\/wp\/v2\/product_cat?post=13993"},{"taxonomy":"product_tag","embeddable":true,"href":"https:\/\/edimeinter.com\/libreria\/wp-json\/wp\/v2\/product_tag?post=13993"}],"curies":[{"name":"wp","href":"https:\/\/api.w.org\/{rel}","templated":true}]}}