{"id":14000,"date":"2025-02-21T21:27:17","date_gmt":"2025-02-21T21:27:17","guid":{"rendered":"https:\/\/edimeinter.com\/libreria\/?post_type=product&#038;p=14000"},"modified":"2025-03-11T20:47:25","modified_gmt":"2025-03-11T20:47:25","slug":"modalidades-en-electroterapia-13a-edicion","status":"publish","type":"product","link":"https:\/\/edimeinter.com\/libreria\/product\/modalidades-en-electroterapia-13a-edicion\/","title":{"rendered":"Modalidades en electroterapia. 13\u00aa Edici\u00f3n"},"content":{"rendered":"\t\t<div data-elementor-type=\"wp-post\" data-elementor-id=\"14000\" class=\"elementor elementor-14000\">\n\t\t\t\t<div class=\"elementor-element elementor-element-2612b12 e-flex e-con-boxed e-con e-parent\" data-id=\"2612b12\" data-element_type=\"container\" data-e-type=\"container\">\n\t\t\t\t\t<div class=\"e-con-inner\">\n\t\t\n\t\t<div class=\"elementor-element elementor-element-498707ae elementor-widget elementor-widget-text-editor\" data-id=\"498707ae\" data-element_type=\"widget\" data-e-type=\"widget\" data-widget_type=\"text-editor.default\">\n\t\t\t\t<div class=\"elementor-widget-container\">\n\t\t\t\t\t\t\t\t\t<p>De una manera clara y sencilla, explica los conceptos de una disciplina como la electroterapia, abordando su aplicaci\u00f3n cl\u00ednica y los posibles efectos adversos que puede ocasionar.<\/p><p>Los cap\u00edtulos a\u00f1adidos a esta nueva edici\u00f3n reflejan el planteamiento expansivo de esta disciplina, con un abordaje de las distintas modalidades en el entorno terap\u00e9utico. Los cap\u00edtulos previos se han revisado a fondo, con objeto de incorporar el significativo volumen de evidencias publicadas desde la edici\u00f3n anterior.<\/p><p>La estructura de los cap\u00edtulos referidos a cada modalidad sigue un formato unificado, lo que facilita la localizaci\u00f3n de la informaci\u00f3n. Tras una breve introducci\u00f3n, se perfilan los principios f\u00edsicos espec\u00edficos. Se detallan los efectos biof\u00edsicos, continuando con una revisi\u00f3n de los usos terap\u00e9uticos y las aplicaciones cl\u00ednicas.<\/p><p>La evaluaci\u00f3n de la evidencia cl\u00ednica contin\u00faa conformando la secci\u00f3n m\u00e1s sustancial. Aunque en el texto se abordan cuestiones relativas a la aplicaci\u00f3n cl\u00ednica, el libro no pretende ser un manual de \u00abcomo se hace\u00bb, sino que se plantea como objetivos, desde una perspectiva cr\u00edtica, la exposici\u00f3n de la evidencia disponible y la funci\u00f3n de gu\u00eda bien informada que complemente la pr\u00e1ctica.<\/p><p>Este texto va dirigido a m\u00faltiples profesionales aunque, hist\u00f3ricamente, el uso de estas modalidades estuvo dominado en el pasado por los profesionales de la fisioterapia\/terapia f\u00edsica, la situaci\u00f3n ha cambiado. El t\u00e9rmino \u00abterapeuta\u00bb se emplea con profusi\u00f3n es esta edici\u00f3n para reflejar este cambio.<\/p>\t\t\t\t\t\t\t\t<\/div>\n\t\t\t\t<\/div>\n\t\t\t\t\t<\/div>\n\t\t\t\t<\/div>\n\t\t\t\t<\/div>\n\t\t","protected":false},"excerpt":{"rendered":"<p><strong>Autores:<\/strong>\u00a0Tim Watson, PhD, BSc(Hons), MCSP, DipTP; Edited by Tim Watson, PhD, BSc(Hons), MCSP, DipTP<br \/>\n<strong>ISBN:<\/strong>\u00a09788491137245<br \/>\n<strong>Editorial:<\/strong>\u00a0Elsevier<br \/>\n<strong>Edici\u00f3n:<\/strong>\u00a013\u00aa<br \/>\n<strong>Especialidad<\/strong>: Fisioterapia<br \/>\n<strong>P\u00e1ginas<\/strong>: 432<br \/>\n\u00a9 2021<\/p>\n","protected":false},"featured_media":14001,"comment_status":"open","ping_status":"open","template":"","meta":{"_joinchat":[]},"product_cat":[111],"product_tag":[85,112],"class_list":{"0":"post-14000","1":"product","2":"type-product","3":"status-publish","4":"has-post-thumbnail","6":"product_cat-fisioterapia","7":"product_tag-elsevier","8":"product_tag-fisioterapia","10":"first","11":"instock","12":"featured","13":"taxable","14":"shipping-taxable","15":"purchasable","16":"product-type-simple"},"_links":{"self":[{"href":"https:\/\/edimeinter.com\/libreria\/wp-json\/wp\/v2\/product\/14000","targetHints":{"allow":["GET"]}}],"collection":[{"href":"https:\/\/edimeinter.com\/libreria\/wp-json\/wp\/v2\/product"}],"about":[{"href":"https:\/\/edimeinter.com\/libreria\/wp-json\/wp\/v2\/types\/product"}],"replies":[{"embeddable":true,"href":"https:\/\/edimeinter.com\/libreria\/wp-json\/wp\/v2\/comments?post=14000"}],"version-history":[{"count":1,"href":"https:\/\/edimeinter.com\/libreria\/wp-json\/wp\/v2\/product\/14000\/revisions"}],"predecessor-version":[{"id":16097,"href":"https:\/\/edimeinter.com\/libreria\/wp-json\/wp\/v2\/product\/14000\/revisions\/16097"}],"wp:featuredmedia":[{"embeddable":true,"href":"https:\/\/edimeinter.com\/libreria\/wp-json\/wp\/v2\/media\/14001"}],"wp:attachment":[{"href":"https:\/\/edimeinter.com\/libreria\/wp-json\/wp\/v2\/media?parent=14000"}],"wp:term":[{"taxonomy":"product_cat","embeddable":true,"href":"https:\/\/edimeinter.com\/libreria\/wp-json\/wp\/v2\/product_cat?post=14000"},{"taxonomy":"product_tag","embeddable":true,"href":"https:\/\/edimeinter.com\/libreria\/wp-json\/wp\/v2\/product_tag?post=14000"}],"curies":[{"name":"wp","href":"https:\/\/api.w.org\/{rel}","templated":true}]}}