{"id":14006,"date":"2025-02-21T21:33:12","date_gmt":"2025-02-21T21:33:12","guid":{"rendered":"https:\/\/edimeinter.com\/libreria\/?post_type=product&#038;p=14006"},"modified":"2025-03-11T20:54:34","modified_gmt":"2025-03-11T20:54:34","slug":"vias-anatomicas-meridianos-miofasciales-para-terapeutas-manuales-y-profesionales-del-movimiento-4a-edicion","status":"publish","type":"product","link":"https:\/\/edimeinter.com\/libreria\/product\/vias-anatomicas-meridianos-miofasciales-para-terapeutas-manuales-y-profesionales-del-movimiento-4a-edicion\/","title":{"rendered":"V\u00edas anat\u00f3micas. Meridianos miofasciales para terapeutas manuales y profesionales del movimiento. 4\u00aa Edici\u00f3n"},"content":{"rendered":"\t\t<div data-elementor-type=\"wp-post\" data-elementor-id=\"14006\" class=\"elementor elementor-14006\">\n\t\t\t\t<div class=\"elementor-element elementor-element-2612b12 e-flex e-con-boxed e-con e-parent\" data-id=\"2612b12\" data-element_type=\"container\" data-e-type=\"container\">\n\t\t\t\t\t<div class=\"e-con-inner\">\n\t\t\n\t\t<div class=\"elementor-element elementor-element-498707ae elementor-widget elementor-widget-text-editor\" data-id=\"498707ae\" data-element_type=\"widget\" data-e-type=\"widget\" data-widget_type=\"text-editor.default\">\n\t\t\t\t<div class=\"elementor-widget-container\">\n\t\t\t\t\t\t\t\t\t<p>Bas\u00e1ndose en el mapa de meridianos, este libro presenta estrategias nuevas y hol\u00edsticas para los terapeutas manuales y del movimiento dirigidas a restablecer y mejorar la postura y la funci\u00f3n del movimiento.<\/p><p>La nueva secci\u00f3n sobre v\u00edas anat\u00f3micas en movimiento, de la autora invitada KArin Gurtner, utiliza el movimiento basado en pilates para explorar la fuerza y la elasticidad a lo largo de los meridianos miofasciales.<\/p><p>El contenido revisado y ampliado recoge las investigaciones m\u00e1s atuales y la evidencia m\u00e1s reciente para establecer unas bases cient\u00edficas de los hallazgos cl\u00ednicos frecuentes. Las nuevas fotograf\u00edas e ilustraciones de los tejidos, las adhesiones y las capas faciales permiten comprender mejor el contenido del texto.<\/p><p>Obra dirigida a todo profesional relacionado con las estructuras y el movimiento del ser humano: fisioterapeutas, entrenadores deportivos y personales, m\u00e9dicos rehabilitadores, oste\u00f3patas, quiropr\u00e1cticos, terapeutas manuales, instructores de yoga y pilates, masajistas tearap\u00e9uticos, profesores de baile y de movimiento, acupuntores y otros terapeutas.<\/p><p>La versi\u00f3n electr\u00f3nica incluye una videoteca nueva y ampliada, con animaciones y seminarios web del autor (contenidos en ingl\u00e9s).<\/p>\t\t\t\t\t\t\t\t<\/div>\n\t\t\t\t<\/div>\n\t\t\t\t\t<\/div>\n\t\t\t\t<\/div>\n\t\t\t\t<\/div>\n\t\t","protected":false},"excerpt":{"rendered":"<p><strong>Autores:<\/strong>\u00a0Thomas W. Myers; Edited by Thomas W. Myers<br \/>\n<strong>ISBN:<\/strong>\u00a09788491137252<br \/>\n<strong>Editorial:<\/strong>\u00a0Elsevier<br \/>\n<strong>Edici\u00f3n:<\/strong>\u00a04\u00aa<br \/>\n<strong>Especialidad<\/strong>: Fisioterapia<br \/>\n<strong>P\u00e1ginas<\/strong>: 384<br \/>\n\u00a9 2021<\/p>\n","protected":false},"featured_media":14007,"comment_status":"open","ping_status":"open","template":"","meta":{"_joinchat":[]},"product_cat":[111],"product_tag":[85,112],"class_list":{"0":"post-14006","1":"product","2":"type-product","3":"status-publish","4":"has-post-thumbnail","6":"product_cat-fisioterapia","7":"product_tag-elsevier","8":"product_tag-fisioterapia","10":"first","11":"instock","12":"featured","13":"taxable","14":"shipping-taxable","15":"purchasable","16":"product-type-simple"},"_links":{"self":[{"href":"https:\/\/edimeinter.com\/libreria\/wp-json\/wp\/v2\/product\/14006","targetHints":{"allow":["GET"]}}],"collection":[{"href":"https:\/\/edimeinter.com\/libreria\/wp-json\/wp\/v2\/product"}],"about":[{"href":"https:\/\/edimeinter.com\/libreria\/wp-json\/wp\/v2\/types\/product"}],"replies":[{"embeddable":true,"href":"https:\/\/edimeinter.com\/libreria\/wp-json\/wp\/v2\/comments?post=14006"}],"version-history":[{"count":1,"href":"https:\/\/edimeinter.com\/libreria\/wp-json\/wp\/v2\/product\/14006\/revisions"}],"predecessor-version":[{"id":16098,"href":"https:\/\/edimeinter.com\/libreria\/wp-json\/wp\/v2\/product\/14006\/revisions\/16098"}],"wp:featuredmedia":[{"embeddable":true,"href":"https:\/\/edimeinter.com\/libreria\/wp-json\/wp\/v2\/media\/14007"}],"wp:attachment":[{"href":"https:\/\/edimeinter.com\/libreria\/wp-json\/wp\/v2\/media?parent=14006"}],"wp:term":[{"taxonomy":"product_cat","embeddable":true,"href":"https:\/\/edimeinter.com\/libreria\/wp-json\/wp\/v2\/product_cat?post=14006"},{"taxonomy":"product_tag","embeddable":true,"href":"https:\/\/edimeinter.com\/libreria\/wp-json\/wp\/v2\/product_tag?post=14006"}],"curies":[{"name":"wp","href":"https:\/\/api.w.org\/{rel}","templated":true}]}}