{"id":14012,"date":"2025-02-21T21:36:39","date_gmt":"2025-02-21T21:36:39","guid":{"rendered":"https:\/\/edimeinter.com\/libreria\/?post_type=product&#038;p=14012"},"modified":"2025-03-11T20:56:04","modified_gmt":"2025-03-11T20:56:04","slug":"el-vendaje-funcional-7a-edicion","status":"publish","type":"product","link":"https:\/\/edimeinter.com\/libreria\/product\/el-vendaje-funcional-7a-edicion\/","title":{"rendered":"El vendaje funcional. 7\u00aa Edici\u00f3n"},"content":{"rendered":"\t\t<div data-elementor-type=\"wp-post\" data-elementor-id=\"14012\" class=\"elementor elementor-14012\">\n\t\t\t\t<div class=\"elementor-element elementor-element-2612b12 e-flex e-con-boxed e-con e-parent\" data-id=\"2612b12\" data-element_type=\"container\" data-e-type=\"container\">\n\t\t\t\t\t<div class=\"e-con-inner\">\n\t\t\n\t\t<div class=\"elementor-element elementor-element-498707ae elementor-widget elementor-widget-text-editor\" data-id=\"498707ae\" data-element_type=\"widget\" data-e-type=\"widget\" data-widget_type=\"text-editor.default\">\n\t\t\t\t<div class=\"elementor-widget-container\">\n\t\t\t\t\t\t\t\t\t<p>Una gu\u00eda plenamente actualizada de las diferentes t\u00e9cnicas de vendaje funcional y neuromuscular para la prevenci\u00f3n y el tratamiento de lesiones traumatol\u00f3gicas (tanto deportivas como laborales), todo ello en un estilo accesible y con un formato eminentemente visual.<\/p><p>Se incorporan las \u00faltimas tendencias en materiales para vendaje neuromuscular, en concreto, el m\u00e9todo kinesiology therapeutic tape (KT) en sus diversas variantes: KT flex, Pro-X patches, TheraBand, vendajes para drenaje de edemas, vendajes para tratamiento de contusiones directas, etc. y se incluyen nuevos procedimientos que ilustran el uso de los nuevos materiales, permitiendo una construcci\u00f3n m\u00e1s f\u00e1cil y l\u00f3gica para el profesional y m\u00e1s c\u00f3moda para el paciente.<\/p><p>Una vez m\u00e1s, se profundiza en la combinaci\u00f3n de t\u00e9cnicas de vendaje funcional (cuyo objetivo es inhibir aquellos movimientos que producen dolor) y vendaje neuromuscular (que se propone relajar las partes blandas y mejorar la circulaci\u00f3n perif\u00e9rica), mediante explicaciones paso a paso, claras y directas, apoyadas por numerosas fotograf\u00edas en color.<\/p><p>La presente obra est\u00e1 orientada a traumat\u00f3logos, fisioterapeutas, D.U.E. y esudiantes de Fisioterapia y Enfermer\u00eda que trabajan sobre el aparato locomotor, Tambi\u00e9n ser\u00e1 \u00fatil a deportistas, entrenadores y todos aquellos interesados en el mundo del deporte.<\/p><p>Ofrece acceso a www.elsevier.es\/clinicalreference, con 11 nuevos v\u00eddeos que se a\u00f1adaen a los 50 ya existentes, y que constituyen una perfecta gu\u00eda visual de la realizaci\u00f3n de los diferentes tipos de vendaje.<\/p>\t\t\t\t\t\t\t\t<\/div>\n\t\t\t\t<\/div>\n\t\t\t\t\t<\/div>\n\t\t\t\t<\/div>\n\t\t\t\t<\/div>\n\t\t","protected":false},"excerpt":{"rendered":"<p><strong>Autores:<\/strong>\u00a0Toni Bov\u00e9 P\u00e9rez<br \/>\n<strong>ISBN:<\/strong>\u00a09788491135210<br \/>\n<strong>Editorial:<\/strong>\u00a0Elsevier<br \/>\n<strong>Edici\u00f3n:<\/strong>\u00a07\u00aa<br \/>\n<strong>Especialidad<\/strong>: Fisioterapia<br \/>\n<strong>P\u00e1ginas<\/strong>: 272<br \/>\n\u00a9 2021<\/p>\n","protected":false},"featured_media":14013,"comment_status":"open","ping_status":"open","template":"","meta":{"_joinchat":[]},"product_cat":[111],"product_tag":[85,112],"class_list":{"0":"post-14012","1":"product","2":"type-product","3":"status-publish","4":"has-post-thumbnail","6":"product_cat-fisioterapia","7":"product_tag-elsevier","8":"product_tag-fisioterapia","10":"first","11":"instock","12":"featured","13":"taxable","14":"shipping-taxable","15":"purchasable","16":"product-type-simple"},"_links":{"self":[{"href":"https:\/\/edimeinter.com\/libreria\/wp-json\/wp\/v2\/product\/14012","targetHints":{"allow":["GET"]}}],"collection":[{"href":"https:\/\/edimeinter.com\/libreria\/wp-json\/wp\/v2\/product"}],"about":[{"href":"https:\/\/edimeinter.com\/libreria\/wp-json\/wp\/v2\/types\/product"}],"replies":[{"embeddable":true,"href":"https:\/\/edimeinter.com\/libreria\/wp-json\/wp\/v2\/comments?post=14012"}],"version-history":[{"count":1,"href":"https:\/\/edimeinter.com\/libreria\/wp-json\/wp\/v2\/product\/14012\/revisions"}],"predecessor-version":[{"id":16099,"href":"https:\/\/edimeinter.com\/libreria\/wp-json\/wp\/v2\/product\/14012\/revisions\/16099"}],"wp:featuredmedia":[{"embeddable":true,"href":"https:\/\/edimeinter.com\/libreria\/wp-json\/wp\/v2\/media\/14013"}],"wp:attachment":[{"href":"https:\/\/edimeinter.com\/libreria\/wp-json\/wp\/v2\/media?parent=14012"}],"wp:term":[{"taxonomy":"product_cat","embeddable":true,"href":"https:\/\/edimeinter.com\/libreria\/wp-json\/wp\/v2\/product_cat?post=14012"},{"taxonomy":"product_tag","embeddable":true,"href":"https:\/\/edimeinter.com\/libreria\/wp-json\/wp\/v2\/product_tag?post=14012"}],"curies":[{"name":"wp","href":"https:\/\/api.w.org\/{rel}","templated":true}]}}