{"id":14025,"date":"2025-02-21T21:45:54","date_gmt":"2025-02-21T21:45:54","guid":{"rendered":"https:\/\/edimeinter.com\/libreria\/?post_type=product&#038;p=14025"},"modified":"2025-03-11T20:58:41","modified_gmt":"2025-03-11T20:58:41","slug":"holcomb-y-ashcraft-cirugia-pediatrica-7a-edicion","status":"publish","type":"product","link":"https:\/\/edimeinter.com\/libreria\/product\/holcomb-y-ashcraft-cirugia-pediatrica-7a-edicion\/","title":{"rendered":"Holcomb y Ashcraft. Cirug\u00eda pedi\u00e1trica. 7\u00aa Edici\u00f3n"},"content":{"rendered":"\t\t<div data-elementor-type=\"wp-post\" data-elementor-id=\"14025\" class=\"elementor elementor-14025\">\n\t\t\t\t<div class=\"elementor-element elementor-element-2612b12 e-flex e-con-boxed e-con e-parent\" data-id=\"2612b12\" data-element_type=\"container\" data-e-type=\"container\">\n\t\t\t\t\t<div class=\"e-con-inner\">\n\t\t\n\t\t<div class=\"elementor-element elementor-element-498707ae elementor-widget elementor-widget-text-editor\" data-id=\"498707ae\" data-element_type=\"widget\" data-e-type=\"widget\" data-widget_type=\"text-editor.default\">\n\t\t\t\t<div class=\"elementor-widget-container\">\n\t\t\t\t\t\t\t\t\t<p>Aborda de manera totalmente actualizada, tanto en formato impreso como en v\u00eddeo, los diversos escenarios que se pueden plantear en la cirug\u00eda general y urol\u00f3gica en lactantes, ni\u00f1os y adolescentes, proporcionando las herramientas necesarias para conseguir resultados \u00f3ptimos en cada paciente.<\/p><p>Los contenidos, con un enfoque pr\u00e1ctico y acreditado, y redactados por expertos reconocidos internacionalmente, ense\u00f1an c\u00f3mo aplicar las m\u00e1s recientes t\u00e9cnicas de cirug\u00eda abierta y m\u00ednimamente invasiva basadas en la evidencia.<\/p><p>Incluye m\u00e1s de 1.000 im\u00e1genes de gran calidad, que ilustran los matices de la cirug\u00eda para todos los trastornos pedi\u00e1tricos con los que un m\u00e9dico pueda encontrarse, prestando especial atenci\u00f3n a los de tipo urol\u00f3gico.<\/p><p>Los autores han realizado una actualizaci\u00f3n exhaustiva de los \u00faltimos avances en el abordaje de alteraciones como hernias e hidroceles, ano imperforado y malformaciones cloacales, enfermedad de Hirschsprung, atresia y estenosis duodenal e intestinal, atresia esof\u00e1gica, y muchas otras.<\/p><p>Ofrece acceso a m\u00e1s de 50 v\u00eddeos online, \u00fatiles para perfeccionar la t\u00e9cnica quir\u00fargica, y que muestran abordajes como el de la oclusi\u00f3n traqueal endosc\u00f3pica fetal (FETO), la reparaci\u00f3n laparosc\u00f3pica de hernia inguinal, el reimplante ureteral extravesical asistido por robot, el abordaje laparosc\u00f3pico de la torsi\u00f3n ov\u00e1rica y la gastrectom\u00eda en manga laparosc\u00f3pica. Todos los v\u00eddeos est\u00e1n en ingl\u00e9s. Incluye acceso al ebook en ingl\u00e9s en Expert Consult. Este contenido electr\u00f3nico le permitir\u00e1 realizar b\u00fasquedas en todo el texto, las figuras y las referencias del libro desde diversos dispositivos.<\/p>\t\t\t\t\t\t\t\t<\/div>\n\t\t\t\t<\/div>\n\t\t\t\t\t<\/div>\n\t\t\t\t<\/div>\n\t\t\t\t<\/div>\n\t\t","protected":false},"excerpt":{"rendered":"<p><strong>Autores:<\/strong>\u00a0George W. Holcomb, III, MD, MBA, J. Patrick Murphy, MD and Shawn D. St Peter, MD<br \/>\n<strong>ISBN:<\/strong>\u00a09788491138334<br \/>\n<strong>Editorial:<\/strong>\u00a0Elsevier<br \/>\n<strong>Edici\u00f3n:<\/strong>\u00a07\u00aa<br \/>\n<strong>Especialidad<\/strong>: Cirug\u00eda<br \/>\n<strong>P\u00e1ginas<\/strong>: 1320<br \/>\n\u00a9 2021<\/p>\n","protected":false},"featured_media":14026,"comment_status":"open","ping_status":"open","template":"","meta":{"_joinchat":[]},"product_cat":[175],"product_tag":[176,85],"class_list":{"0":"post-14025","1":"product","2":"type-product","3":"status-publish","4":"has-post-thumbnail","6":"product_cat-cirugia","7":"product_tag-cirugia","8":"product_tag-elsevier","10":"first","11":"instock","12":"featured","13":"taxable","14":"shipping-taxable","15":"purchasable","16":"product-type-simple"},"_links":{"self":[{"href":"https:\/\/edimeinter.com\/libreria\/wp-json\/wp\/v2\/product\/14025","targetHints":{"allow":["GET"]}}],"collection":[{"href":"https:\/\/edimeinter.com\/libreria\/wp-json\/wp\/v2\/product"}],"about":[{"href":"https:\/\/edimeinter.com\/libreria\/wp-json\/wp\/v2\/types\/product"}],"replies":[{"embeddable":true,"href":"https:\/\/edimeinter.com\/libreria\/wp-json\/wp\/v2\/comments?post=14025"}],"version-history":[{"count":1,"href":"https:\/\/edimeinter.com\/libreria\/wp-json\/wp\/v2\/product\/14025\/revisions"}],"predecessor-version":[{"id":16102,"href":"https:\/\/edimeinter.com\/libreria\/wp-json\/wp\/v2\/product\/14025\/revisions\/16102"}],"wp:featuredmedia":[{"embeddable":true,"href":"https:\/\/edimeinter.com\/libreria\/wp-json\/wp\/v2\/media\/14026"}],"wp:attachment":[{"href":"https:\/\/edimeinter.com\/libreria\/wp-json\/wp\/v2\/media?parent=14025"}],"wp:term":[{"taxonomy":"product_cat","embeddable":true,"href":"https:\/\/edimeinter.com\/libreria\/wp-json\/wp\/v2\/product_cat?post=14025"},{"taxonomy":"product_tag","embeddable":true,"href":"https:\/\/edimeinter.com\/libreria\/wp-json\/wp\/v2\/product_tag?post=14025"}],"curies":[{"name":"wp","href":"https:\/\/api.w.org\/{rel}","templated":true}]}}