{"id":14031,"date":"2025-02-21T21:53:13","date_gmt":"2025-02-21T21:53:13","guid":{"rendered":"https:\/\/edimeinter.com\/libreria\/?post_type=product&#038;p=14031"},"modified":"2025-03-11T20:59:35","modified_gmt":"2025-03-11T20:59:35","slug":"microbiologia-medica-9a-edicion","status":"publish","type":"product","link":"https:\/\/edimeinter.com\/libreria\/product\/microbiologia-medica-9a-edicion\/","title":{"rendered":"Microbiolog\u00eda m\u00e9dica. 9\u00aa Edici\u00f3n"},"content":{"rendered":"\t\t<div data-elementor-type=\"wp-post\" data-elementor-id=\"14031\" class=\"elementor elementor-14031\">\n\t\t\t\t\n<div class=\"elementor-element elementor-element-2612b12 e-flex e-con-boxed e-con e-parent\" data-id=\"2612b12\" data-element_type=\"container\" data-e-type=\"container\">\n\t\t\t\t\t<div class=\"e-con-inner\">\n\t\t\t\t<div class=\"elementor-element elementor-element-498707ae elementor-widget elementor-widget-text-editor\" data-id=\"498707ae\" data-element_type=\"widget\" data-e-type=\"widget\" data-widget_type=\"text-editor.default\">\n\t\t\t\t<div class=\"elementor-widget-container\">\n\t\t\t\t\t\t\t\t\t<p>Nueva edici\u00f3n de la obra de referencia en la asignatura de Microbiolog\u00eda que continua siendo la \u00abbiblia\u00bb y el texto m\u00e1s reputado en esta tem\u00e1tica.<\/p><p>Su amplia cobertura de los principios b\u00e1sicos, el diagn\u00f3stico de laboratorio, la bacteriolog\u00eda, la virolog\u00eda, la micolog\u00eda y la parasitolog\u00eda ayuda al lector a dominar los aspectos esenciales de la microbiolog\u00eda, y a preparar de forma eficaz las clases, los ex\u00e1menes y la pr\u00e1ctica futura por lo que es un libro esencial en este complejo campo tan r\u00e1pidamente cambiante.<\/p><p>Incluye casos cl\u00ednicos que ilustran la epidemiolog\u00eda, el diagn\u00f3stico y el tratamiento de las enfermedades infecciosas. Tambien introduce los cap\u00edtulos sobre microorganismos con res\u00famenes y palabras clave para facilitar su revisi\u00f3n. Adem\u00e1s destaca los aspectos m\u00e1s importantes del texto con figuras, fotograf\u00edas cl\u00ednicas e ilustraciones que ayudan a visualizar la presentaci\u00f3n cl\u00ednica de las infecciones.<\/p><p>Presenta nueva informaci\u00f3n sobre el microbioma humano y su influencia en el sistema inmunitario y otros sistemas corporales, as\u00ed como los m\u00e1s recientes avances en el diagn\u00f3stico, el tratamiento, asi como, de las enfermedades y los pat\u00f3genos que las causan.<\/p><p>Incluye la versi\u00f3n electr\u00f3nica del libro, que permite acceder al texto completo, las figuras y las referencias bibliogr\u00e1ficas desde diversos dispositivos. Adem\u00e1s, la plataforma proporcional recursos de estudio en l\u00ednea adicionales, con 200 preguntas de autoevaluaci\u00f3n; casos cl\u00ednicos resueltos; preguntas de repaso que correlacionan la ciencia b\u00e1sica con la pr\u00e1ctica cl\u00ednica; im\u00e1genes microsc\u00f3picas de los microorganismos; animaciones en v\u00eddeo, y tablas resumen de las patolog\u00edas por sistemas de \u00f3rganos que incluyen hiperv\u00ednculos entre los pat\u00f3genos causantes y los \u00f3rganos a los que afectan y las patolog\u00edas causadas. Este \u00faltimo punto especialmente interesante para aquellos que estudien la asignatura desde un abordaje por \u00f3rganos\/sistemas o por patolog\u00edas. Todos los recursos electr\u00f3nicos se ofrecen en ingl\u00e9s.<\/p>\t\t\t\t\t\t\t\t<\/div>\n\t\t\t\t<\/div>\n\t\t\t\t\t<\/div>\n\t\t\t\t<\/div>\n\t\t\t\t<\/div>\n\t\t","protected":false},"excerpt":{"rendered":"<p><strong>Autores:<\/strong>\u00a0Patrick R. Murray, PhD, Ken S. Rosenthal, PhD and Michael A. Pfaller, MD<br \/>\n<strong>ISBN:<\/strong>\u00a09788491138082<br \/>\n<strong>Editorial:<\/strong>\u00a0Elsevier<br \/>\n<strong>Edici\u00f3n:<\/strong>\u00a09\u00aa<br \/>\n<strong>Especialidad<\/strong>: Microbiolog\u00eda<br \/>\n<strong>P\u00e1ginas<\/strong>: 868<br \/>\n\u00a9 2021<\/p>\n","protected":false},"featured_media":14032,"comment_status":"open","ping_status":"open","template":"","meta":{"_joinchat":[]},"product_cat":[116],"product_tag":[85,117],"class_list":{"0":"post-14031","1":"product","2":"type-product","3":"status-publish","4":"has-post-thumbnail","6":"product_cat-microbiologia","7":"product_tag-elsevier","8":"product_tag-microbiologia","10":"first","11":"instock","12":"featured","13":"taxable","14":"shipping-taxable","15":"purchasable","16":"product-type-simple"},"_links":{"self":[{"href":"https:\/\/edimeinter.com\/libreria\/wp-json\/wp\/v2\/product\/14031","targetHints":{"allow":["GET"]}}],"collection":[{"href":"https:\/\/edimeinter.com\/libreria\/wp-json\/wp\/v2\/product"}],"about":[{"href":"https:\/\/edimeinter.com\/libreria\/wp-json\/wp\/v2\/types\/product"}],"replies":[{"embeddable":true,"href":"https:\/\/edimeinter.com\/libreria\/wp-json\/wp\/v2\/comments?post=14031"}],"version-history":[{"count":2,"href":"https:\/\/edimeinter.com\/libreria\/wp-json\/wp\/v2\/product\/14031\/revisions"}],"predecessor-version":[{"id":16104,"href":"https:\/\/edimeinter.com\/libreria\/wp-json\/wp\/v2\/product\/14031\/revisions\/16104"}],"wp:featuredmedia":[{"embeddable":true,"href":"https:\/\/edimeinter.com\/libreria\/wp-json\/wp\/v2\/media\/14032"}],"wp:attachment":[{"href":"https:\/\/edimeinter.com\/libreria\/wp-json\/wp\/v2\/media?parent=14031"}],"wp:term":[{"taxonomy":"product_cat","embeddable":true,"href":"https:\/\/edimeinter.com\/libreria\/wp-json\/wp\/v2\/product_cat?post=14031"},{"taxonomy":"product_tag","embeddable":true,"href":"https:\/\/edimeinter.com\/libreria\/wp-json\/wp\/v2\/product_tag?post=14031"}],"curies":[{"name":"wp","href":"https:\/\/api.w.org\/{rel}","templated":true}]}}