{"id":14064,"date":"2025-02-21T22:17:17","date_gmt":"2025-02-21T22:17:17","guid":{"rendered":"https:\/\/edimeinter.com\/libreria\/?post_type=product&#038;p=14064"},"modified":"2025-12-16T22:05:05","modified_gmt":"2025-12-16T22:05:05","slug":"electromiografia-y-trastornos-neuromusculares-4a-edicion","status":"publish","type":"product","link":"https:\/\/edimeinter.com\/libreria\/product\/electromiografia-y-trastornos-neuromusculares-4a-edicion\/","title":{"rendered":"Electromiograf\u00eda y trastornos neuromusculares. 4\u00aa Edici\u00f3n"},"content":{"rendered":"\t\t<div data-elementor-type=\"wp-post\" data-elementor-id=\"14064\" class=\"elementor elementor-14064\">\n\t\t\t\t<div class=\"elementor-element elementor-element-2612b12 e-flex e-con-boxed e-con e-parent\" data-id=\"2612b12\" data-element_type=\"container\" data-e-type=\"container\">\n\t\t\t\t\t<div class=\"e-con-inner\">\n\t\t\n\t\t<div class=\"elementor-element elementor-element-498707ae elementor-widget elementor-widget-text-editor\" data-id=\"498707ae\" data-element_type=\"widget\" data-e-type=\"widget\" data-widget_type=\"text-editor.default\">\n\t\t\t\t<div class=\"elementor-widget-container\">\n\t\t\t\t\t\t\t\t\t<p>La obra de consulta por excelencia para todos aquellos profesionales, tanto noveles como expertos, interesados por la medicina neuromuscular. Una ayuda imprescindible para correlacionar con \u00e9xito los hallazgos electromiogr\u00e1ficos y ecogr\u00e1ficos con las diferentes presentaciones cl\u00ednicas.<\/p><p>Incluye nuevos cap\u00edtulos sobre ecograf\u00eda neuromuscular e incorpora dicha t\u00e9cnica, junto con los estudios electromiogr\u00e1ficos, a la evaluaci\u00f3n de los trastornos neuromusculares en la mayor\u00eda de los cap\u00edtulos de tem\u00e1tica cl\u00ednica.<\/p><p>Proporciona informaci\u00f3n actualizada sobre las complicaciones iatrog\u00e9nicas de los estudios electrodiagn\u00f3sticos, y acerca de trastornos neuromuscularesgen\u00e9ticos recientemente identificados, explica los contenidos m\u00e1s complejos de forma clara y f\u00e1cilmente comprensible y, adem\u00e1s, ofrece numerosas y detalladas ilustraciones de anatom\u00eda seccional para asegurar la correcta inserci\u00f3n de la aguja electromiogr\u00e1fica y evitar as\u00ed posibles lesiones nerviosas o vasculares.<\/p><p>Su estilo de f\u00e1cil lectura y sus numerosos casos cl\u00ednicos ayudan a dominar la evaluaci\u00f3n y el diagn\u00f3stico con precisi\u00f3n y seguridad.<\/p><p>Incluye acceso a los siguientes contenidos online (en ingl\u00e9s) a trav\u00e9s de Expert Consult: texto completo en versi\u00f3n electr\u00f3nica, m\u00e1s de 70 v\u00eddeos que permiten ver y escuchar las formas de onda electromiogr\u00e1fica descritas en el texto y un m\u00f3dulo de autoevaluaci\u00f3n.<\/p>\t\t\t\t\t\t\t\t<\/div>\n\t\t\t\t<\/div>\n\t\t\t\t\t<\/div>\n\t\t\t\t<\/div>\n\t\t\t\t<\/div>\n\t\t","protected":false},"excerpt":{"rendered":"<p><strong>Autores:<\/strong>\u00a0David C. Preston, MD and Barbara E. Shapiro, MD, PhD<br \/>\n<strong>ISBN:<\/strong>\u00a09788491139065<br \/>\n<strong>Editorial:<\/strong>\u00a0Elsevier<br \/>\n<strong>Edici\u00f3n:<\/strong>\u00a04\u00aa<br \/>\n<strong>Especialidad<\/strong>:\u00a0Neurolog\u00eda<br \/>\n<strong>P\u00e1ginas<\/strong>: 808<br \/>\n\u00a9 2021<\/p>\n","protected":false},"featured_media":14065,"comment_status":"open","ping_status":"closed","template":"","meta":{"_joinchat":[]},"product_cat":[166],"product_tag":[85,167],"class_list":{"0":"post-14064","1":"product","2":"type-product","3":"status-publish","4":"has-post-thumbnail","6":"product_cat-neurologia-y-neurocirugia","7":"product_tag-elsevier","8":"product_tag-neurologia-y-neurocirugia","10":"first","11":"instock","12":"featured","13":"taxable","14":"shipping-taxable","15":"purchasable","16":"product-type-simple"},"_links":{"self":[{"href":"https:\/\/edimeinter.com\/libreria\/wp-json\/wp\/v2\/product\/14064","targetHints":{"allow":["GET"]}}],"collection":[{"href":"https:\/\/edimeinter.com\/libreria\/wp-json\/wp\/v2\/product"}],"about":[{"href":"https:\/\/edimeinter.com\/libreria\/wp-json\/wp\/v2\/types\/product"}],"replies":[{"embeddable":true,"href":"https:\/\/edimeinter.com\/libreria\/wp-json\/wp\/v2\/comments?post=14064"}],"version-history":[{"count":2,"href":"https:\/\/edimeinter.com\/libreria\/wp-json\/wp\/v2\/product\/14064\/revisions"}],"predecessor-version":[{"id":17447,"href":"https:\/\/edimeinter.com\/libreria\/wp-json\/wp\/v2\/product\/14064\/revisions\/17447"}],"wp:featuredmedia":[{"embeddable":true,"href":"https:\/\/edimeinter.com\/libreria\/wp-json\/wp\/v2\/media\/14065"}],"wp:attachment":[{"href":"https:\/\/edimeinter.com\/libreria\/wp-json\/wp\/v2\/media?parent=14064"}],"wp:term":[{"taxonomy":"product_cat","embeddable":true,"href":"https:\/\/edimeinter.com\/libreria\/wp-json\/wp\/v2\/product_cat?post=14064"},{"taxonomy":"product_tag","embeddable":true,"href":"https:\/\/edimeinter.com\/libreria\/wp-json\/wp\/v2\/product_tag?post=14064"}],"curies":[{"name":"wp","href":"https:\/\/api.w.org\/{rel}","templated":true}]}}