{"id":14085,"date":"2025-02-21T22:35:06","date_gmt":"2025-02-21T22:35:06","guid":{"rendered":"https:\/\/edimeinter.com\/libreria\/?post_type=product&#038;p=14085"},"modified":"2025-03-11T21:07:44","modified_gmt":"2025-03-11T21:07:44","slug":"propedeutica-y-semiologia-en-odontologia-2a-edicion","status":"publish","type":"product","link":"https:\/\/edimeinter.com\/libreria\/product\/propedeutica-y-semiologia-en-odontologia-2a-edicion\/","title":{"rendered":"Proped\u00e9utica y semiolog\u00eda en odontolog\u00eda. 2\u00aa Edici\u00f3n"},"content":{"rendered":"\t\t<div data-elementor-type=\"wp-post\" data-elementor-id=\"14085\" class=\"elementor elementor-14085\">\n\t\t\t\t<div class=\"elementor-element elementor-element-2612b12 e-flex e-con-boxed e-con e-parent\" data-id=\"2612b12\" data-element_type=\"container\" data-e-type=\"container\">\n\t\t\t\t\t<div class=\"e-con-inner\">\n\t\t\n\t\t<div class=\"elementor-element elementor-element-498707ae elementor-widget elementor-widget-text-editor\" data-id=\"498707ae\" data-element_type=\"widget\" data-e-type=\"widget\" data-widget_type=\"text-editor.default\">\n\t\t\t\t<div class=\"elementor-widget-container\">\n\t\t\t\t\t\t\t\t\t<p>Nueva edici\u00f3n de este manual que cuenta con la colaboraci\u00f3n de numerosos expertos tanto cl\u00ednicos como docentes enfocado a la elaboraci\u00f3n y la interpretaci\u00f3n de la historia clinica odontol\u00f3gica.<\/p><p>La obra se estructura en un total de 17 cap\u00edtulos a trav\u00e9s de los cuales se proporcionan las bases proped\u00e9uticas y semiol\u00f3gicas tanto para la elaboraci\u00f3n de la historia cl\u00ednica, como para establecer diagn\u00f3sticos e identificar los trastornos sist\u00e9micos que requieren una derivaci\u00f3n al especialista. Se ofrece tambi\u00e9n una gu\u00eda para la exploraci\u00f3n de cabeza y cuello, as\u00ed como informaci\u00f3n sobre patolog\u00edas frecuentes que afectan a estas zonas.<\/p><p>Incorporaci\u00f3n de un nuevo cap\u00edtulo a la segunda edici\u00f3n: \u00abHisto ria cl\u00ednica en odontopediatr\u00eda\u00bb.<\/p><p>Esta obra ofrece a estudiantes y profesionales de la odontolog\u00eda las bases proped\u00e9uticas y semiol\u00f3gicas para elaborar correctamente una historia cl\u00ednica; establecer diagn\u00f3sticos presuntivos de las alteraciones de la cavidad bucal (caries dental, tumores benignos y malignos, etc.); identificar los trastornos sist\u00e9micos que requierenderivaci\u00f3n a un especialista, y planificar un tratamiento dental individualizado.<\/p><p>Pr\u00f3logo de la Dra Laura M\u00aa Guzm\u00e1n , Presidenta de la Asociaci\u00f3n Dental Mexicana. Profesora em\u00e9rita de la Universidad La Salle Baj\u00edo, M\u00e9xico.<\/p>\t\t\t\t\t\t\t\t<\/div>\n\t\t\t\t<\/div>\n\t\t\t\t\t<\/div>\n\t\t\t\t<\/div>\n\t\t\t\t<\/div>\n\t\t","protected":false},"excerpt":{"rendered":"<p><strong>Autores:<\/strong>\u00a0Norma Guadalupe Ib\u00e1\u00f1ez Mancera; Edited by Norma Guadalupe Ib\u00e1\u00f1ez Mancera<br \/>\n<strong>ISBN:<\/strong>\u00a09788491137863<br \/>\n<strong>Editorial:<\/strong>\u00a0Elsevier<br \/>\n<strong>Edici\u00f3n:<\/strong>\u00a02\u00aa<br \/>\n<strong>Especialidad<\/strong>: Odontolog\u00eda<br \/>\n<strong>P\u00e1ginas<\/strong>: 264<br \/>\n\u00a9 2021<\/p>\n","protected":false},"featured_media":14086,"comment_status":"open","ping_status":"open","template":"","meta":{"_joinchat":[]},"product_cat":[140],"product_tag":[85,141],"class_list":{"0":"post-14085","1":"product","2":"type-product","3":"status-publish","4":"has-post-thumbnail","6":"product_cat-odontologia-y-ortodoncia","7":"product_tag-elsevier","8":"product_tag-odontologia-y-ortodoncia","10":"first","11":"instock","12":"featured","13":"taxable","14":"shipping-taxable","15":"purchasable","16":"product-type-simple"},"_links":{"self":[{"href":"https:\/\/edimeinter.com\/libreria\/wp-json\/wp\/v2\/product\/14085","targetHints":{"allow":["GET"]}}],"collection":[{"href":"https:\/\/edimeinter.com\/libreria\/wp-json\/wp\/v2\/product"}],"about":[{"href":"https:\/\/edimeinter.com\/libreria\/wp-json\/wp\/v2\/types\/product"}],"replies":[{"embeddable":true,"href":"https:\/\/edimeinter.com\/libreria\/wp-json\/wp\/v2\/comments?post=14085"}],"version-history":[{"count":1,"href":"https:\/\/edimeinter.com\/libreria\/wp-json\/wp\/v2\/product\/14085\/revisions"}],"predecessor-version":[{"id":16112,"href":"https:\/\/edimeinter.com\/libreria\/wp-json\/wp\/v2\/product\/14085\/revisions\/16112"}],"wp:featuredmedia":[{"embeddable":true,"href":"https:\/\/edimeinter.com\/libreria\/wp-json\/wp\/v2\/media\/14086"}],"wp:attachment":[{"href":"https:\/\/edimeinter.com\/libreria\/wp-json\/wp\/v2\/media?parent=14085"}],"wp:term":[{"taxonomy":"product_cat","embeddable":true,"href":"https:\/\/edimeinter.com\/libreria\/wp-json\/wp\/v2\/product_cat?post=14085"},{"taxonomy":"product_tag","embeddable":true,"href":"https:\/\/edimeinter.com\/libreria\/wp-json\/wp\/v2\/product_tag?post=14085"}],"curies":[{"name":"wp","href":"https:\/\/api.w.org\/{rel}","templated":true}]}}