{"id":14103,"date":"2025-02-21T22:47:57","date_gmt":"2025-02-21T22:47:57","guid":{"rendered":"https:\/\/edimeinter.com\/libreria\/?post_type=product&#038;p=14103"},"modified":"2025-03-11T21:09:21","modified_gmt":"2025-03-11T21:09:21","slug":"cirugia-refractiva-protocolo-de-exploracion-de-vision-binocular-y-acomodacion-1a-edicion","status":"publish","type":"product","link":"https:\/\/edimeinter.com\/libreria\/product\/cirugia-refractiva-protocolo-de-exploracion-de-vision-binocular-y-acomodacion-1a-edicion\/","title":{"rendered":"Cirug\u00eda refractiva. Protocolo de exploraci\u00f3n de visi\u00f3n binocular y acomodaci\u00f3n. 1\u00aa Edici\u00f3n"},"content":{"rendered":"\t\t<div data-elementor-type=\"wp-post\" data-elementor-id=\"14103\" class=\"elementor elementor-14103\">\n\t\t\t\t<div class=\"elementor-element elementor-element-2612b12 e-flex e-con-boxed e-con e-parent\" data-id=\"2612b12\" data-element_type=\"container\" data-e-type=\"container\">\n\t\t\t\t\t<div class=\"e-con-inner\">\n\t\t\n\t\t<div class=\"elementor-element elementor-element-498707ae elementor-widget elementor-widget-text-editor\" data-id=\"498707ae\" data-element_type=\"widget\" data-e-type=\"widget\" data-widget_type=\"text-editor.default\">\n\t\t\t\t<div class=\"elementor-widget-container\">\n\t\t\t\t\t\t\t\t\t<p>El presente manual tiene como objetivo ofrecer una gu\u00eda cl\u00ednica que permita, por un lado, predecir qu\u00e9 pacientes pueden ser susceptibles de padecer un desequi librio acomodativo, vergencial o sensorial tras un procedimiento de cirug\u00eda refrac tiva y, por otro, orientar el manejo de aquellas descompensaciones binoculares o acomodativas que pueden surgir en el postoperatorio de pacientes sanos.<\/p><p>Aborda un amplio abanico de temas: ventajas e inconvenientes de las dife rentes t\u00e9cnicas quir\u00fargicas; diversos tipos de lentes intraoculares; evidencia sobre las complicaciones postoperatorias m\u00e1s frecuentes; anisometrop\u00eda ymonovisi\u00f3n; ambliop\u00eda en adultos, y terapias de rehabilitaci\u00f3n para complica ciones postoperatorias.<\/p><p>Proporciona protocolos completos de exploraci\u00f3n optom\u00e9trica para la identificaci\u00f3n de cuadros disfuncionales y factores susceptibles de desenca denar complicaciones, as\u00ed como para la evaluaci\u00f3n del estado motor-sensorial.<\/p><p>Incluye una secci\u00f3n de casos cl\u00ednicos reales, diagnosticados, evaluados y tra tados por los propios autores y ofrece pr\u00e1cticos y detallados algoritmos de decisi\u00f3n para orientar el manejo cl\u00ednico.<\/p><p>El presente manual ofrece a oftalm\u00f3logos y optometristas una gu\u00eda para la correcta evaluaci\u00f3n de la funci\u00f3n acomodativa y binocular en el \u00e1mbi to de la cirug\u00eda refractiva, con el prop\u00f3sito de proporcionar una atenci\u00f3n cl\u00ednica \u00f3ptima y de conseguir los mejores resultados para el paciente.<\/p>\t\t\t\t\t\t\t\t<\/div>\n\t\t\t\t<\/div>\n\t\t\t\t\t<\/div>\n\t\t\t\t<\/div>\n\t\t\t\t<\/div>\n\t\t","protected":false},"excerpt":{"rendered":"<p><strong>Autores:<\/strong>\u00a0Mar\u00eda Garc\u00eda Montero, Esther L\u00f3pez Artero, Nuria Garz\u00f3n Jim\u00e9nez, C\u00e9sar Albarr\u00e1n Diego, Rafael Jos\u00e9 P\u00e9rez Cambrod\u00ed, Igor Illarramendi Mendicute, Juan Carlos Ondategui Parra and Francisco Alba Bueno<br \/>\n<strong>ISBN:<\/strong>\u00a09788491138327<br \/>\n<strong>Editorial:<\/strong>\u00a0Elsevier<br \/>\n<strong>Edici\u00f3n:<\/strong>\u00a01\u00aa<br \/>\n<strong>Especialidad<\/strong>: Oftalmolog\u00eda<br \/>\n<strong>P\u00e1ginas<\/strong>: 224<br \/>\n\u00a9 2021<\/p>\n","protected":false},"featured_media":14104,"comment_status":"open","ping_status":"open","template":"","meta":{"_joinchat":[]},"product_cat":[95],"product_tag":[85,96],"class_list":{"0":"post-14103","1":"product","2":"type-product","3":"status-publish","4":"has-post-thumbnail","6":"product_cat-oftalmologia-y-optometria","7":"product_tag-elsevier","8":"product_tag-oftalmologia-y-optometria","10":"first","11":"outofstock","12":"featured","13":"taxable","14":"shipping-taxable","15":"purchasable","16":"product-type-simple"},"_links":{"self":[{"href":"https:\/\/edimeinter.com\/libreria\/wp-json\/wp\/v2\/product\/14103","targetHints":{"allow":["GET"]}}],"collection":[{"href":"https:\/\/edimeinter.com\/libreria\/wp-json\/wp\/v2\/product"}],"about":[{"href":"https:\/\/edimeinter.com\/libreria\/wp-json\/wp\/v2\/types\/product"}],"replies":[{"embeddable":true,"href":"https:\/\/edimeinter.com\/libreria\/wp-json\/wp\/v2\/comments?post=14103"}],"version-history":[{"count":1,"href":"https:\/\/edimeinter.com\/libreria\/wp-json\/wp\/v2\/product\/14103\/revisions"}],"predecessor-version":[{"id":16115,"href":"https:\/\/edimeinter.com\/libreria\/wp-json\/wp\/v2\/product\/14103\/revisions\/16115"}],"wp:featuredmedia":[{"embeddable":true,"href":"https:\/\/edimeinter.com\/libreria\/wp-json\/wp\/v2\/media\/14104"}],"wp:attachment":[{"href":"https:\/\/edimeinter.com\/libreria\/wp-json\/wp\/v2\/media?parent=14103"}],"wp:term":[{"taxonomy":"product_cat","embeddable":true,"href":"https:\/\/edimeinter.com\/libreria\/wp-json\/wp\/v2\/product_cat?post=14103"},{"taxonomy":"product_tag","embeddable":true,"href":"https:\/\/edimeinter.com\/libreria\/wp-json\/wp\/v2\/product_tag?post=14103"}],"curies":[{"name":"wp","href":"https:\/\/api.w.org\/{rel}","templated":true}]}}