{"id":14115,"date":"2025-02-21T23:07:56","date_gmt":"2025-02-21T23:07:56","guid":{"rendered":"https:\/\/edimeinter.com\/libreria\/?post_type=product&#038;p=14115"},"modified":"2025-03-11T21:10:48","modified_gmt":"2025-03-11T21:10:48","slug":"atlas-de-neoplasias-precoces-del-tracto-gastrointestinal-2a-edicion","status":"publish","type":"product","link":"https:\/\/edimeinter.com\/libreria\/product\/atlas-de-neoplasias-precoces-del-tracto-gastrointestinal-2a-edicion\/","title":{"rendered":"Atlas de neoplasias precoces del tracto gastrointestinal. 2\u00aa Edici\u00f3n"},"content":{"rendered":"\t\t<div data-elementor-type=\"wp-post\" data-elementor-id=\"14115\" class=\"elementor elementor-14115\">\n\t\t\t\t<div class=\"elementor-element elementor-element-2612b12 e-flex e-con-boxed e-con e-parent\" data-id=\"2612b12\" data-element_type=\"container\" data-e-type=\"container\">\n\t\t\t\t\t<div class=\"e-con-inner\">\n\t\t\n\t\t<div class=\"elementor-element elementor-element-498707ae elementor-widget elementor-widget-text-editor\" data-id=\"498707ae\" data-element_type=\"widget\" data-e-type=\"widget\" data-widget_type=\"text-editor.default\">\n\t\t\t\t<div class=\"elementor-widget-container\">\n\t\t\t\t\t\t\t\t\t<p>Una actualizaci\u00f3n exhaustiva de los est\u00e1ndares y las t\u00e9cnicas m\u00e1s recientes en endoscopia diagn\u00f3stica para las lesiones preneopl\u00e1sicas y neopl\u00e1sicas del tracto gastrointestinal superior e inferior.<\/p><p>Adem\u00e1s de una pro funda revisi\u00f3n de los cap\u00edtulos de la edici\u00f3n anterior, el atlas presenta nuevo contenido sobre neoplasias submucosas del tracto gastrointesti nal, nuevas im\u00e1genes a gran aumento de neoplasias g\u00e1stricas precoces y nuevas im\u00e1genes endosc\u00f3picas de adenomas, displasias, enfermedad inflamatoria intestinal, y c\u00e1ncer precoz en el duodeno y el intestino del gado.<\/p><p>En la obra se describen los requisitos para los procedimientos terap\u00e9uticos y lasestrategias para la detecci\u00f3n y la estadificaci\u00f3n endosc\u00f3pica (predicci\u00f3n de la categor\u00eda pT) de los c\u00e1nceres precoces peque\u00f1os y muy peque\u00f1os-<\/p><p>Se detallan las tres t\u00e9cnicas de re secci\u00f3n principales, incluyendo los perfiles de riesgo y las indicaciones y contraindicaciones diferenciales de cada t\u00e9cnicay tambi\u00e9n se presen tan los criterios para la endoscopia y la ecoendoscopia de alta resoluci\u00f3n en la invasi\u00f3n submucosa.<\/p><p>Est\u00e1 escrito por especia listas con amplia experiencia en la materia y es un recurso muy \u00fatil que mejorar\u00e1 las habilidades diagn\u00f3sticas de los endoscopistas.<\/p>\t\t\t\t\t\t\t\t<\/div>\n\t\t\t\t<\/div>\n\t\t\t\t\t<\/div>\n\t\t\t\t<\/div>\n\t\t\t\t<\/div>\n\t\t","protected":false},"excerpt":{"rendered":"<p><strong>Autores:<\/strong>\u00a0Frieder Berr, Tsuneo Oyama, Thierry Ponchon and Naohisa Yahagi<br \/>\n<strong>ISBN:<\/strong>\u00a09788491137825<br \/>\n<strong>Editorial:<\/strong>\u00a0Elsevier<br \/>\n<strong>Edici\u00f3n:<\/strong>\u00a02\u00aa<br \/>\n<strong>Especialidad<\/strong>: Gastroenterolog\u00eda<br \/>\n<strong>P\u00e1ginas<\/strong>: 221<br \/>\n\u00a9 2021<\/p>\n","protected":false},"featured_media":14116,"comment_status":"open","ping_status":"open","template":"","meta":{"_joinchat":[]},"product_cat":[168],"product_tag":[85,169],"class_list":{"0":"post-14115","1":"product","2":"type-product","3":"status-publish","4":"has-post-thumbnail","6":"product_cat-gastroenterologia","7":"product_tag-elsevier","8":"product_tag-gastroenterologia","10":"first","11":"instock","12":"featured","13":"taxable","14":"shipping-taxable","15":"purchasable","16":"product-type-simple"},"_links":{"self":[{"href":"https:\/\/edimeinter.com\/libreria\/wp-json\/wp\/v2\/product\/14115","targetHints":{"allow":["GET"]}}],"collection":[{"href":"https:\/\/edimeinter.com\/libreria\/wp-json\/wp\/v2\/product"}],"about":[{"href":"https:\/\/edimeinter.com\/libreria\/wp-json\/wp\/v2\/types\/product"}],"replies":[{"embeddable":true,"href":"https:\/\/edimeinter.com\/libreria\/wp-json\/wp\/v2\/comments?post=14115"}],"version-history":[{"count":1,"href":"https:\/\/edimeinter.com\/libreria\/wp-json\/wp\/v2\/product\/14115\/revisions"}],"predecessor-version":[{"id":16117,"href":"https:\/\/edimeinter.com\/libreria\/wp-json\/wp\/v2\/product\/14115\/revisions\/16117"}],"wp:featuredmedia":[{"embeddable":true,"href":"https:\/\/edimeinter.com\/libreria\/wp-json\/wp\/v2\/media\/14116"}],"wp:attachment":[{"href":"https:\/\/edimeinter.com\/libreria\/wp-json\/wp\/v2\/media?parent=14115"}],"wp:term":[{"taxonomy":"product_cat","embeddable":true,"href":"https:\/\/edimeinter.com\/libreria\/wp-json\/wp\/v2\/product_cat?post=14115"},{"taxonomy":"product_tag","embeddable":true,"href":"https:\/\/edimeinter.com\/libreria\/wp-json\/wp\/v2\/product_tag?post=14115"}],"curies":[{"name":"wp","href":"https:\/\/api.w.org\/{rel}","templated":true}]}}