{"id":14153,"date":"2025-02-22T20:54:36","date_gmt":"2025-02-22T20:54:36","guid":{"rendered":"https:\/\/edimeinter.com\/libreria\/?post_type=product&#038;p=14153"},"modified":"2025-03-11T21:11:55","modified_gmt":"2025-03-11T21:11:55","slug":"cuidado-de-heridas-en-enfermeria-3a-edicion","status":"publish","type":"product","link":"https:\/\/edimeinter.com\/libreria\/product\/cuidado-de-heridas-en-enfermeria-3a-edicion\/","title":{"rendered":"Cuidado de heridas en enfermer\u00eda . 3\u00aa Edici\u00f3n"},"content":{"rendered":"\t\t<div data-elementor-type=\"wp-post\" data-elementor-id=\"14153\" class=\"elementor elementor-14153\">\n\t\t\t\t<div class=\"elementor-element elementor-element-2612b12 e-flex e-con-boxed e-con e-parent\" data-id=\"2612b12\" data-element_type=\"container\" data-e-type=\"container\">\n\t\t\t\t\t<div class=\"e-con-inner\">\n\t\t\n\t\t<div class=\"elementor-element elementor-element-498707ae elementor-widget elementor-widget-text-editor\" data-id=\"498707ae\" data-element_type=\"widget\" data-e-type=\"widget\" data-widget_type=\"text-editor.default\">\n\t\t\t\t<div class=\"elementor-widget-container\">\n\t\t\t\t\t\t\t\t\t<p>Obra imprescindible para cualquier enfermera que desee ampliar sus conocimientos en el \u00e1rea del cuidado de heridas.<\/p><p>Est\u00e1 profusamente ilustrado con fotograf\u00edas y esquemas en color, e incluye detallados casos cl\u00ednicos que muestran la aplicaci\u00f3n pr\u00e1ctica de las m\u00e1s recientes investigaciones sobre el cuidado de heridas. Adem\u00e1s, ilustra los conceptos desarrollados mediante numerosas fotograf\u00edas y esquemas de color de las m\u00e1s recientes investigaciones sobre el cuidado de heridas.<\/p><p>Incluye nuevos contenidos acerca de la cobertura de las \u00falceras por presi\u00f3n, la dermatitis asociada a incontinencia urinaria, las \u00falceras venosas de la extremidad inferior y el control de heridas en cuidados paliativos, adem\u00e1s ofrece contenidos plenamente actualizados a fin de reflejar los conocimientos vigentes.<\/p><p>Adopta un original enfoque que recorre las diferentes etapas de la vida de la persona, desde el nacimiento hasta la vejez.<\/p>\t\t\t\t\t\t\t\t<\/div>\n\t\t\t\t<\/div>\n\t\t\t\t\t<\/div>\n\t\t\t\t<\/div>\n\t\t\t\t<\/div>\n\t\t","protected":false},"excerpt":{"rendered":"<p><strong>Autores:<\/strong>\u00a0Sebastian Probst, DClinPrac, RN<br \/>\n<strong>ISBN:<\/strong>\u00a09788413820156<br \/>\n<strong>Editorial:<\/strong>\u00a0Elsevier<br \/>\n<strong>Edici\u00f3n:<\/strong>\u00a03\u00aa<br \/>\n<strong>Especialidad<\/strong>:\u00a0Enfermer\u00eda<br \/>\n<strong>P\u00e1ginas<\/strong>: 192<br \/>\n\u00a9 2021<\/p>\n","protected":false},"featured_media":14154,"comment_status":"open","ping_status":"open","template":"","meta":{"_joinchat":[]},"product_cat":[115],"product_tag":[85,82],"class_list":{"0":"post-14153","1":"product","2":"type-product","3":"status-publish","4":"has-post-thumbnail","6":"product_cat-enfermeria","7":"product_tag-elsevier","8":"product_tag-enfermeria","10":"first","11":"instock","12":"featured","13":"taxable","14":"shipping-taxable","15":"purchasable","16":"product-type-simple"},"_links":{"self":[{"href":"https:\/\/edimeinter.com\/libreria\/wp-json\/wp\/v2\/product\/14153","targetHints":{"allow":["GET"]}}],"collection":[{"href":"https:\/\/edimeinter.com\/libreria\/wp-json\/wp\/v2\/product"}],"about":[{"href":"https:\/\/edimeinter.com\/libreria\/wp-json\/wp\/v2\/types\/product"}],"replies":[{"embeddable":true,"href":"https:\/\/edimeinter.com\/libreria\/wp-json\/wp\/v2\/comments?post=14153"}],"version-history":[{"count":1,"href":"https:\/\/edimeinter.com\/libreria\/wp-json\/wp\/v2\/product\/14153\/revisions"}],"predecessor-version":[{"id":16119,"href":"https:\/\/edimeinter.com\/libreria\/wp-json\/wp\/v2\/product\/14153\/revisions\/16119"}],"wp:featuredmedia":[{"embeddable":true,"href":"https:\/\/edimeinter.com\/libreria\/wp-json\/wp\/v2\/media\/14154"}],"wp:attachment":[{"href":"https:\/\/edimeinter.com\/libreria\/wp-json\/wp\/v2\/media?parent=14153"}],"wp:term":[{"taxonomy":"product_cat","embeddable":true,"href":"https:\/\/edimeinter.com\/libreria\/wp-json\/wp\/v2\/product_cat?post=14153"},{"taxonomy":"product_tag","embeddable":true,"href":"https:\/\/edimeinter.com\/libreria\/wp-json\/wp\/v2\/product_tag?post=14153"}],"curies":[{"name":"wp","href":"https:\/\/api.w.org\/{rel}","templated":true}]}}