{"id":14171,"date":"2025-02-22T22:38:29","date_gmt":"2025-02-22T22:38:29","guid":{"rendered":"https:\/\/edimeinter.com\/libreria\/?post_type=product&#038;p=14171"},"modified":"2025-03-11T21:16:10","modified_gmt":"2025-03-11T21:16:10","slug":"comunicacion-en-enfermeria-9a-edicion","status":"publish","type":"product","link":"https:\/\/edimeinter.com\/libreria\/product\/comunicacion-en-enfermeria-9a-edicion\/","title":{"rendered":"Comunicaci\u00f3n en Enfermer\u00eda. 9\u00aa Edici\u00f3n"},"content":{"rendered":"\t\t<div data-elementor-type=\"wp-post\" data-elementor-id=\"14171\" class=\"elementor elementor-14171\">\n\t\t\t\t<div class=\"elementor-element elementor-element-2612b12 e-flex e-con-boxed e-con e-parent\" data-id=\"2612b12\" data-element_type=\"container\" data-e-type=\"container\">\n\t\t\t\t\t<div class=\"e-con-inner\">\n\t\t\n\t\t<div class=\"elementor-element elementor-element-498707ae elementor-widget elementor-widget-text-editor\" data-id=\"498707ae\" data-element_type=\"widget\" data-e-type=\"widget\" data-widget_type=\"text-editor.default\">\n\t\t\t\t<div class=\"elementor-widget-container\">\n\t\t\t\t\t\t\t\t\t<p>Este texto ofrece estrategias de aprendizaje para preparar a enfermeras en el desarrollo de capacidades de comunicaci\u00f3n esenciales, de manera que intervengan de un modo pleno en el equipo de atenci\u00f3n sanitaria.<\/p><p>Cada cap\u00edtulo incluye diversos tipos de estrategias de aprendizaje, y algunos de ellos ofrecen la oportunidad de desarrollar las competencias sobre calidad y seguridad integradas hoy en d\u00eda en todos los est\u00e1ndares de enfermer\u00eda.<\/p><p>Incorpora ejercicios de expresi\u00f3n creativa adicionales, para desarrollar la inteligencia emocional necesaria para contar con el autoconocimiento, el autocontrol y el automanejo necesarios para ser un miembro efi caz del equipo.<\/p><p>A lo largo del texto, se perfila el concepto de mindfulness con el fin de que est\u00e9 plenamente presente para pacientes y profesionales de la salud.<\/p><p>La comunicaci\u00f3n interprofesional se destaca especialmente como un elemento fundamental del trabajo conjunto para la prestaci\u00f3n de una asistencia segura y humanitaria.<\/p>\t\t\t\t\t\t\t\t<\/div>\n\t\t\t\t<\/div>\n\t\t\t\t\t<\/div>\n\t\t\t\t<\/div>\n\t\t\t\t<\/div>\n\t\t","protected":false},"excerpt":{"rendered":"<p><strong>Autores:<\/strong>\u00a0Julia Balzer Riley, RN, MN, AHN-BC, REACE<br \/>\n<strong>ISBN:<\/strong>\u00a09788491138822<br \/>\n<strong>Editorial:<\/strong>\u00a0Elsevier<br \/>\n<strong>Edici\u00f3n:<\/strong>\u00a09\u00aa<br \/>\n<strong>Especialidad<\/strong>:\u00a0Enfermer\u00eda<br \/>\n<strong>P\u00e1ginas<\/strong>: 352<br \/>\n\u00a9 2021<\/p>\n","protected":false},"featured_media":14172,"comment_status":"open","ping_status":"open","template":"","meta":{"_joinchat":[]},"product_cat":[115],"product_tag":[85,82],"class_list":{"0":"post-14171","1":"product","2":"type-product","3":"status-publish","4":"has-post-thumbnail","6":"product_cat-enfermeria","7":"product_tag-elsevier","8":"product_tag-enfermeria","10":"first","11":"instock","12":"featured","13":"taxable","14":"shipping-taxable","15":"purchasable","16":"product-type-simple"},"_links":{"self":[{"href":"https:\/\/edimeinter.com\/libreria\/wp-json\/wp\/v2\/product\/14171","targetHints":{"allow":["GET"]}}],"collection":[{"href":"https:\/\/edimeinter.com\/libreria\/wp-json\/wp\/v2\/product"}],"about":[{"href":"https:\/\/edimeinter.com\/libreria\/wp-json\/wp\/v2\/types\/product"}],"replies":[{"embeddable":true,"href":"https:\/\/edimeinter.com\/libreria\/wp-json\/wp\/v2\/comments?post=14171"}],"version-history":[{"count":1,"href":"https:\/\/edimeinter.com\/libreria\/wp-json\/wp\/v2\/product\/14171\/revisions"}],"predecessor-version":[{"id":16123,"href":"https:\/\/edimeinter.com\/libreria\/wp-json\/wp\/v2\/product\/14171\/revisions\/16123"}],"wp:featuredmedia":[{"embeddable":true,"href":"https:\/\/edimeinter.com\/libreria\/wp-json\/wp\/v2\/media\/14172"}],"wp:attachment":[{"href":"https:\/\/edimeinter.com\/libreria\/wp-json\/wp\/v2\/media?parent=14171"}],"wp:term":[{"taxonomy":"product_cat","embeddable":true,"href":"https:\/\/edimeinter.com\/libreria\/wp-json\/wp\/v2\/product_cat?post=14171"},{"taxonomy":"product_tag","embeddable":true,"href":"https:\/\/edimeinter.com\/libreria\/wp-json\/wp\/v2\/product_tag?post=14171"}],"curies":[{"name":"wp","href":"https:\/\/api.w.org\/{rel}","templated":true}]}}