{"id":14177,"date":"2025-02-22T22:45:43","date_gmt":"2025-02-22T22:45:43","guid":{"rendered":"https:\/\/edimeinter.com\/libreria\/?post_type=product&#038;p=14177"},"modified":"2025-03-11T21:17:01","modified_gmt":"2025-03-11T21:17:01","slug":"pensamiento-critico-razonamiento-clinico-y-juicio-clinico-en-enfermeria-7a-edicion","status":"publish","type":"product","link":"https:\/\/edimeinter.com\/libreria\/product\/pensamiento-critico-razonamiento-clinico-y-juicio-clinico-en-enfermeria-7a-edicion\/","title":{"rendered":"Pensamiento cr\u00edtico, razonamiento cl\u00ednico y juicio cl\u00ednico en enfermer\u00eda. 7\u00aa Edici\u00f3n"},"content":{"rendered":"\t\t<div data-elementor-type=\"wp-post\" data-elementor-id=\"14177\" class=\"elementor elementor-14177\">\n\t\t\t\t<div class=\"elementor-element elementor-element-2612b12 e-flex e-con-boxed e-con e-parent\" data-id=\"2612b12\" data-element_type=\"container\" data-e-type=\"container\">\n\t\t\t\t\t<div class=\"e-con-inner\">\n\t\t\n\t\t<div class=\"elementor-element elementor-element-498707ae elementor-widget elementor-widget-text-editor\" data-id=\"498707ae\" data-element_type=\"widget\" data-e-type=\"widget\" data-widget_type=\"text-editor.default\">\n\t\t\t\t<div class=\"elementor-widget-container\">\n\t\t\t\t\t\t\t\t\t<p>La obra aborda el modo de desarrollar un pensamiento cr\u00edtico con sensibilidad y resiliencia para poder adquirir las habilidades clave necesarias para mantener la seguridad de los pacientes y alcanzar el \u00e9xito tanto en la pr\u00e1ctica cl\u00ednica como en los ex\u00e1menes.<\/p><p>Incluye contenido totalmente actualizado sobre las habilidades de enfermer\u00eda del siglo XXI y las competencias QSEN\u00a0<em>(Quality and Safety Education for Nurses),\u00a0<\/em>as\u00ed como numerosas situaciones pr\u00e1cticas con actividades que ayudan a mejorar la capacidad de razonar en el contexto cl\u00ednico.<\/p><p>Trata de forma exhaustiva la relaci\u00f3n entre el proceso de enfermer\u00eda y los modelos de juicio cl\u00ednico y ayuda a garantizar que el pensamiento de enfermer\u00eda y las preferencias del paciente quedan incluidos en el razonamiento cl\u00ednico interprofesional y la toma de decisiones.<\/p><p>Contiene las claves de c\u00f3mo desarrollar las habilidades de liderazgo, de utilidad en situaciones cl\u00ednicas, docentes y personales; de c\u00f3mo afrontar la sobrecarga de informaci\u00f3n, desarrollar el aprendizaje conceptual, y aprovechar al m\u00e1ximo las simulaciones cl\u00ednicas y las evaluaciones de las competencias; y de c\u00f3mo pensar en el contexto de la tecnolog\u00eda de la informaci\u00f3n sanitaria.<\/p>\t\t\t\t\t\t\t\t<\/div>\n\t\t\t\t<\/div>\n\t\t\t\t\t<\/div>\n\t\t\t\t<\/div>\n\t\t\t\t<\/div>\n\t\t","protected":false},"excerpt":{"rendered":"<p><strong>Autores:<\/strong>\u00a0By Rosalinda Alfaro-LeFevre, RN, MSN, ANEF<br \/>\n<strong>ISBN:<\/strong>\u00a09788491138310<br \/>\n<strong>Editorial:<\/strong>\u00a0Elsevier<br \/>\n<strong>Edici\u00f3n:<\/strong>\u00a07\u00aa<br \/>\n<strong>Especialidad<\/strong>:\u00a0Enfermer\u00eda<br \/>\n<strong>P\u00e1ginas<\/strong>: 264<br \/>\n\u00a9 2021<\/p>\n","protected":false},"featured_media":14178,"comment_status":"open","ping_status":"open","template":"","meta":{"_joinchat":[]},"product_cat":[115],"product_tag":[85,82],"class_list":{"0":"post-14177","1":"product","2":"type-product","3":"status-publish","4":"has-post-thumbnail","6":"product_cat-enfermeria","7":"product_tag-elsevier","8":"product_tag-enfermeria","10":"first","11":"instock","12":"featured","13":"taxable","14":"shipping-taxable","15":"purchasable","16":"product-type-simple"},"_links":{"self":[{"href":"https:\/\/edimeinter.com\/libreria\/wp-json\/wp\/v2\/product\/14177","targetHints":{"allow":["GET"]}}],"collection":[{"href":"https:\/\/edimeinter.com\/libreria\/wp-json\/wp\/v2\/product"}],"about":[{"href":"https:\/\/edimeinter.com\/libreria\/wp-json\/wp\/v2\/types\/product"}],"replies":[{"embeddable":true,"href":"https:\/\/edimeinter.com\/libreria\/wp-json\/wp\/v2\/comments?post=14177"}],"version-history":[{"count":1,"href":"https:\/\/edimeinter.com\/libreria\/wp-json\/wp\/v2\/product\/14177\/revisions"}],"predecessor-version":[{"id":16124,"href":"https:\/\/edimeinter.com\/libreria\/wp-json\/wp\/v2\/product\/14177\/revisions\/16124"}],"wp:featuredmedia":[{"embeddable":true,"href":"https:\/\/edimeinter.com\/libreria\/wp-json\/wp\/v2\/media\/14178"}],"wp:attachment":[{"href":"https:\/\/edimeinter.com\/libreria\/wp-json\/wp\/v2\/media?parent=14177"}],"wp:term":[{"taxonomy":"product_cat","embeddable":true,"href":"https:\/\/edimeinter.com\/libreria\/wp-json\/wp\/v2\/product_cat?post=14177"},{"taxonomy":"product_tag","embeddable":true,"href":"https:\/\/edimeinter.com\/libreria\/wp-json\/wp\/v2\/product_tag?post=14177"}],"curies":[{"name":"wp","href":"https:\/\/api.w.org\/{rel}","templated":true}]}}