{"id":14206,"date":"2025-02-23T16:42:12","date_gmt":"2025-02-23T16:42:12","guid":{"rendered":"https:\/\/edimeinter.com\/libreria\/?post_type=product&#038;p=14206"},"modified":"2025-03-11T21:20:37","modified_gmt":"2025-03-11T21:20:37","slug":"psicologia-medica-2a-edicion","status":"publish","type":"product","link":"https:\/\/edimeinter.com\/libreria\/product\/psicologia-medica-2a-edicion\/","title":{"rendered":"Psicolog\u00eda m\u00e9dica . 2\u00aa Edici\u00f3n"},"content":{"rendered":"\t\t<div data-elementor-type=\"wp-post\" data-elementor-id=\"14206\" class=\"elementor elementor-14206\">\n\t\t\t\t<div class=\"elementor-element elementor-element-2612b12 e-flex e-con-boxed e-con e-parent\" data-id=\"2612b12\" data-element_type=\"container\" data-e-type=\"container\">\n\t\t\t\t\t<div class=\"e-con-inner\">\n\t\t\n\t\t<div class=\"elementor-element elementor-element-498707ae elementor-widget elementor-widget-text-editor\" data-id=\"498707ae\" data-element_type=\"widget\" data-e-type=\"widget\" data-widget_type=\"text-editor.default\">\n\t\t\t\t<div class=\"elementor-widget-container\">\n\t\t\t\t\t\t\t\t\t<p>Texto riguroso en el que se recogen de manera siste m\u00e1tica los \u00faltimos avances cient\u00edficos en el estudio del comportamiento humano relacio nado con la salud.<\/p><p>La obra se divide en cinco grandes bloques tem\u00e1ticos, en los que se abordan desde los procesos psicol\u00f3gicos b\u00e1sicos, la personalidad y el desarrollo en un entorno social, la comunicaci\u00f3n asistencial y la interacci\u00f3 m\u00e9ico-paciente, hasta contenidos introductorios a la psicopatolog\u00ed y la psicoterapia.<\/p><p>Buscando un enfoque multidisciplinar, en la elaboraci\u00f3n de esta segunda edici\u00f3n han participado 54 profesores e investigadores nacionales e internacionales de los h\u00e1bitos de la medicina, la psicolog\u00ed, la enfermer\u00ed o la biolog\u00ed, todos ellos expertos en sus campos de conocimiento. A pesar de su rigor, se ha empleado un lenguaje did\u00e1tico.<\/p><p>Incluye, en esta nueva edici\u00f3n, cap\u00edtulos espec\u00edficos que desarrollan los factores psicol\u00f3gicos clave para la adquisici\u00f3n de habilidades de comunicaci\u00f3n asistencial con el objetivo de ense\u00f1ar como establecer una buena interacci\u00f3n m\u00e9dico-paciente.<\/p><p>\u00danico texto actualizado disponible en espa\u00f1ol en un campo cient\u00edfico en continua evoluci\u00f3n, adaptado al Espacio Europeo de Educaci\u00f3n Superior y dirigido a estudiantes de Medicina y otras ciencias de la salud, especialmente Enfermer\u00eda y Odontolog\u00eda.<\/p>\t\t\t\t\t\t\t\t<\/div>\n\t\t\t\t<\/div>\n\t\t\t\t\t<\/div>\n\t\t\t\t<\/div>\n\t\t\t\t<\/div>\n\t\t","protected":false},"excerpt":{"rendered":"<p><strong>Autores:<\/strong>\u00a0Dar\u00edo D\u00edaz M\u00e9ndez and Jos\u00e9 Miguel Latorre Postigo; Edited by Dar\u00edo D\u00edaz M\u00e9ndez and Jos\u00e9 Miguel Latorre Postigo<br \/>\n<strong>ISBN:<\/strong>\u00a09788491136675<br \/>\n<strong>Editorial:<\/strong>\u00a0Elsevier<br \/>\n<strong>Edici\u00f3n:<\/strong>\u00a02\u00aa<br \/>\n<strong>Especialidad<\/strong>: Psicolog\u00eda<br \/>\n<strong>P\u00e1ginas<\/strong>: 440<br \/>\n\u00a9 2021<\/p>\n","protected":false},"featured_media":14207,"comment_status":"open","ping_status":"open","template":"","meta":{"_joinchat":[]},"product_cat":[88],"product_tag":[85,89],"class_list":{"0":"post-14206","1":"product","2":"type-product","3":"status-publish","4":"has-post-thumbnail","6":"product_cat-psicologia","7":"product_tag-elsevier","8":"product_tag-psicologia","10":"first","11":"instock","12":"featured","13":"taxable","14":"shipping-taxable","15":"purchasable","16":"product-type-simple"},"_links":{"self":[{"href":"https:\/\/edimeinter.com\/libreria\/wp-json\/wp\/v2\/product\/14206","targetHints":{"allow":["GET"]}}],"collection":[{"href":"https:\/\/edimeinter.com\/libreria\/wp-json\/wp\/v2\/product"}],"about":[{"href":"https:\/\/edimeinter.com\/libreria\/wp-json\/wp\/v2\/types\/product"}],"replies":[{"embeddable":true,"href":"https:\/\/edimeinter.com\/libreria\/wp-json\/wp\/v2\/comments?post=14206"}],"version-history":[{"count":4,"href":"https:\/\/edimeinter.com\/libreria\/wp-json\/wp\/v2\/product\/14206\/revisions"}],"predecessor-version":[{"id":14211,"href":"https:\/\/edimeinter.com\/libreria\/wp-json\/wp\/v2\/product\/14206\/revisions\/14211"}],"wp:featuredmedia":[{"embeddable":true,"href":"https:\/\/edimeinter.com\/libreria\/wp-json\/wp\/v2\/media\/14207"}],"wp:attachment":[{"href":"https:\/\/edimeinter.com\/libreria\/wp-json\/wp\/v2\/media?parent=14206"}],"wp:term":[{"taxonomy":"product_cat","embeddable":true,"href":"https:\/\/edimeinter.com\/libreria\/wp-json\/wp\/v2\/product_cat?post=14206"},{"taxonomy":"product_tag","embeddable":true,"href":"https:\/\/edimeinter.com\/libreria\/wp-json\/wp\/v2\/product_tag?post=14206"}],"curies":[{"name":"wp","href":"https:\/\/api.w.org\/{rel}","templated":true}]}}