{"id":14218,"date":"2025-02-23T16:56:16","date_gmt":"2025-02-23T16:56:16","guid":{"rendered":"https:\/\/edimeinter.com\/libreria\/?post_type=product&#038;p=14218"},"modified":"2026-03-20T21:38:47","modified_gmt":"2026-03-20T21:38:47","slug":"flashcards-de-farmacologia-basica-4a-edicion-rev-2020","status":"publish","type":"product","link":"https:\/\/edimeinter.com\/libreria\/product\/flashcards-de-farmacologia-basica-4a-edicion-rev-2020\/","title":{"rendered":"Flashcards de Farmacolog\u00eda b\u00e1sica. 4\u00aa Edici\u00f3n Rev. 2020"},"content":{"rendered":"\t\t<div data-elementor-type=\"wp-post\" data-elementor-id=\"14218\" class=\"elementor elementor-14218\">\n\t\t\t\t<div class=\"elementor-element elementor-element-2612b12 e-flex e-con-boxed e-con e-parent\" data-id=\"2612b12\" data-element_type=\"container\" data-e-type=\"container\">\n\t\t\t\t\t<div class=\"e-con-inner\">\n\t\t\n\t\t<div class=\"elementor-element elementor-element-498707ae elementor-widget elementor-widget-text-editor\" data-id=\"498707ae\" data-element_type=\"widget\" data-e-type=\"widget\" data-widget_type=\"text-editor.default\">\n\t\t\t\t<div class=\"elementor-widget-container\">\n\t\t\t\t\t\t\t\t\t<p>Totalmente revisadas estas fichas ilustradas cubren los conceptos b\u00e1sicos de la farmacolog\u00eda que el estudiante necesita conocer para preparar los ex\u00e1menes de esta disciplina.<\/p><p>Cubren cientos de los f\u00e1rmacos m\u00e1s utilizados e indican el nombre, la clase farmacol\u00f3gica, el mecanismo de acci\u00f3n, el uso cl\u00ednico, las consideraciones especiales, los efectos adversos y las interacciones de cada uno de ellos, as\u00ed como una menci\u00f3n a otros f\u00e1rmacos similares.<\/p><p>En cada ficha se proporciona la informaci\u00f3n b\u00e1sica y se dirige directamente a las p\u00e1ginas del libro de texto Brenner y Stevens. Farmacolog\u00eda b\u00e1sica, 5\u00aa ed. en las que puede consultarse informaci\u00f3n m\u00e1s detallada.<\/p><p>Incluye el acceso a la versi\u00f3n electr\u00f3nica de las fichas en StudentConsult que permite realizar b\u00fasquedas en todo el texto y las figuras. Adem\u00e1s hay 30 fichas adicionales y tablas comparativas (todo ello en ingl\u00e9s).<\/p>\t\t\t\t\t\t\t\t<\/div>\n\t\t\t\t<\/div>\n\t\t\t\t\t<\/div>\n\t\t\t\t<\/div>\n\t\t\t\t<\/div>\n\t\t","protected":false},"excerpt":{"rendered":"<p><strong>Autores:<\/strong>\u00a0George M. Brenner<br \/>\n<strong>ISBN:<\/strong>\u00a09788491134589<br \/>\n<strong>Editorial:<\/strong>\u00a0Elsevier<br \/>\n<strong>Edici\u00f3n:<\/strong>\u00a04\u00aa<br \/>\n<strong>Especialidad<\/strong>:\u00a0Farmacolog\u00eda<br \/>\n<strong>P\u00e1ginas<\/strong>: 570<br \/>\n\u00a9 2019. Rev. 2020<\/p>\n","protected":false},"featured_media":14219,"comment_status":"open","ping_status":"closed","template":"","meta":{"_joinchat":[]},"product_cat":[207],"product_tag":[85,153],"class_list":{"0":"post-14218","1":"product","2":"type-product","3":"status-publish","4":"has-post-thumbnail","6":"product_cat-farmacologia-y-terapeutica","7":"product_tag-elsevier","8":"product_tag-farmacologia","10":"first","11":"outofstock","12":"featured","13":"taxable","14":"shipping-taxable","15":"purchasable","16":"product-type-simple"},"_links":{"self":[{"href":"https:\/\/edimeinter.com\/libreria\/wp-json\/wp\/v2\/product\/14218","targetHints":{"allow":["GET"]}}],"collection":[{"href":"https:\/\/edimeinter.com\/libreria\/wp-json\/wp\/v2\/product"}],"about":[{"href":"https:\/\/edimeinter.com\/libreria\/wp-json\/wp\/v2\/types\/product"}],"replies":[{"embeddable":true,"href":"https:\/\/edimeinter.com\/libreria\/wp-json\/wp\/v2\/comments?post=14218"}],"version-history":[{"count":8,"href":"https:\/\/edimeinter.com\/libreria\/wp-json\/wp\/v2\/product\/14218\/revisions"}],"predecessor-version":[{"id":17994,"href":"https:\/\/edimeinter.com\/libreria\/wp-json\/wp\/v2\/product\/14218\/revisions\/17994"}],"wp:featuredmedia":[{"embeddable":true,"href":"https:\/\/edimeinter.com\/libreria\/wp-json\/wp\/v2\/media\/14219"}],"wp:attachment":[{"href":"https:\/\/edimeinter.com\/libreria\/wp-json\/wp\/v2\/media?parent=14218"}],"wp:term":[{"taxonomy":"product_cat","embeddable":true,"href":"https:\/\/edimeinter.com\/libreria\/wp-json\/wp\/v2\/product_cat?post=14218"},{"taxonomy":"product_tag","embeddable":true,"href":"https:\/\/edimeinter.com\/libreria\/wp-json\/wp\/v2\/product_tag?post=14218"}],"curies":[{"name":"wp","href":"https:\/\/api.w.org\/{rel}","templated":true}]}}