{"id":14227,"date":"2025-02-23T17:13:50","date_gmt":"2025-02-23T17:13:50","guid":{"rendered":"https:\/\/edimeinter.com\/libreria\/?post_type=product&#038;p=14227"},"modified":"2025-03-12T16:27:22","modified_gmt":"2025-03-12T16:27:22","slug":"ecografia-a-pie-de-cama-2a-edicion","status":"publish","type":"product","link":"https:\/\/edimeinter.com\/libreria\/product\/ecografia-a-pie-de-cama-2a-edicion\/","title":{"rendered":"Ecograf\u00eda a pie de cama. 2\u00aa Edici\u00f3n"},"content":{"rendered":"\t\t<div data-elementor-type=\"wp-post\" data-elementor-id=\"14227\" class=\"elementor elementor-14227\">\n\t\t\t\t<div class=\"elementor-element elementor-element-2612b12 e-flex e-con-boxed e-con e-parent\" data-id=\"2612b12\" data-element_type=\"container\" data-e-type=\"container\">\n\t\t\t\t\t<div class=\"e-con-inner\">\n\t\t\n\t\t<div class=\"elementor-element elementor-element-498707ae elementor-widget elementor-widget-text-editor\" data-id=\"498707ae\" data-element_type=\"widget\" data-e-type=\"widget\" data-widget_type=\"text-editor.default\">\n\t\t\t\t<div class=\"elementor-widget-container\">\n\t\t\t\t\t\t\t\t\t<p>Ecograf\u00eda a pie de cama. Fundamentos de la ecograf\u00eda cl\u00ednica es un libro de referencia internacional en esta \u00e1rea de la Medicina. Prueba de ello es el galard\u00f3n que recibi\u00f3 por la British Medical Association con el reconocimiento President\u2019s Choice Award y Highly Commended in Internal Medicine.<\/p><p>La obra ofrece una cobertura detallada de los principios y de las amplias aplicaciones de la ecograf\u00eda a pie de cama para los profesionales de cualquier disciplina o entorno cl\u00ednico.<\/p><p>Cada uno de los cap\u00edtulos est\u00e1 escrito por expertos que dominan a la perfecci\u00f3n cada uno de los temas abordados y que sintetizan los aspectos clave de la t\u00e9cnica y destacan con claridad los puntos clave los aspectos conflictivos y las causas m\u00e1s frecuentes de error.<\/p>\t\t\t\t\t\t\t\t<\/div>\n\t\t\t\t<\/div>\n\t\t\t\t\t<\/div>\n\t\t\t\t<\/div>\n\t\t\t\t<\/div>\n\t\t","protected":false},"excerpt":{"rendered":"<p><strong>Autores:<\/strong>\u00a0Nilam J Soni &amp; Robert Arntfield &amp; Pierre Kory<br \/>\n<strong>ISBN:<\/strong>\u00a09788491136880<br \/>\n<strong>Editorial:<\/strong>\u00a0Elsevier<br \/>\n<strong>Edici\u00f3n:<\/strong>\u00a02\u00aa<br \/>\n<strong>Especialidad<\/strong>: Ecograf\u00eda<br \/>\n<strong>P\u00e1ginas<\/strong>: 544<br \/>\n\u00a9 2020<\/p>\n","protected":false},"featured_media":14228,"comment_status":"open","ping_status":"open","template":"","meta":{"_joinchat":[]},"product_cat":[237],"product_tag":[238,85],"class_list":{"0":"post-14227","1":"product","2":"type-product","3":"status-publish","4":"has-post-thumbnail","6":"product_cat-ecografia","7":"product_tag-ecografia","8":"product_tag-elsevier","10":"first","11":"instock","12":"featured","13":"taxable","14":"shipping-taxable","15":"purchasable","16":"product-type-simple"},"_links":{"self":[{"href":"https:\/\/edimeinter.com\/libreria\/wp-json\/wp\/v2\/product\/14227","targetHints":{"allow":["GET"]}}],"collection":[{"href":"https:\/\/edimeinter.com\/libreria\/wp-json\/wp\/v2\/product"}],"about":[{"href":"https:\/\/edimeinter.com\/libreria\/wp-json\/wp\/v2\/types\/product"}],"replies":[{"embeddable":true,"href":"https:\/\/edimeinter.com\/libreria\/wp-json\/wp\/v2\/comments?post=14227"}],"version-history":[{"count":4,"href":"https:\/\/edimeinter.com\/libreria\/wp-json\/wp\/v2\/product\/14227\/revisions"}],"predecessor-version":[{"id":14232,"href":"https:\/\/edimeinter.com\/libreria\/wp-json\/wp\/v2\/product\/14227\/revisions\/14232"}],"wp:featuredmedia":[{"embeddable":true,"href":"https:\/\/edimeinter.com\/libreria\/wp-json\/wp\/v2\/media\/14228"}],"wp:attachment":[{"href":"https:\/\/edimeinter.com\/libreria\/wp-json\/wp\/v2\/media?parent=14227"}],"wp:term":[{"taxonomy":"product_cat","embeddable":true,"href":"https:\/\/edimeinter.com\/libreria\/wp-json\/wp\/v2\/product_cat?post=14227"},{"taxonomy":"product_tag","embeddable":true,"href":"https:\/\/edimeinter.com\/libreria\/wp-json\/wp\/v2\/product_tag?post=14227"}],"curies":[{"name":"wp","href":"https:\/\/api.w.org\/{rel}","templated":true}]}}