{"id":14245,"date":"2025-02-23T17:40:38","date_gmt":"2025-02-23T17:40:38","guid":{"rendered":"https:\/\/edimeinter.com\/libreria\/?post_type=product&#038;p=14245"},"modified":"2025-03-12T16:30:03","modified_gmt":"2025-03-12T16:30:03","slug":"enfermo-critico-y-emergencias-2a-edicion","status":"publish","type":"product","link":"https:\/\/edimeinter.com\/libreria\/product\/enfermo-critico-y-emergencias-2a-edicion\/","title":{"rendered":"Enfermo cr\u00edtico y emergencias. 2\u00aa Edici\u00f3n"},"content":{"rendered":"\t\t<div data-elementor-type=\"wp-post\" data-elementor-id=\"14245\" class=\"elementor elementor-14245\">\n\t\t\t\t<div class=\"elementor-element elementor-element-2612b12 e-flex e-con-boxed e-con e-parent\" data-id=\"2612b12\" data-element_type=\"container\" data-e-type=\"container\">\n\t\t\t\t\t<div class=\"e-con-inner\">\n\t\t\n\t\t<div class=\"elementor-element elementor-element-498707ae elementor-widget elementor-widget-text-editor\" data-id=\"498707ae\" data-element_type=\"widget\" data-e-type=\"widget\" data-widget_type=\"text-editor.default\">\n\t\t\t\t<div class=\"elementor-widget-container\">\n\t\t\t\t\t\t\t\t\t<p>Segunda edici\u00f3n de Enfermo cr\u00edtico y emergencias que actualiza sus conteni\u00addos continuando con\u00a0el objetivo de formar a los profesionales implicados en esta \u00e1rea tanto en el \u00e1mbito hospitalario como en el prehospitalario. El contenido viene avalado por la experiencia cl\u00ednica y docente de autores referentes en sus campos de conocimiento.<\/p><p>Organizaci\u00f3n de los cap\u00edtulos en cuatro partes principales: \u00abProcedimientos y monitorizaci\u00f3n en el enfermo cr\u00edtico y emergencias\u00bb \u00abEmergencias en el \u00e1mbito prehospitalario\u00bb \u00abAtenci\u00f3n a las diversas patolog\u00edas en la uni\u00addad de cuidados intensivos\u00bb y \u00abOtras consideraciones en la atenci\u00f3n al enfermo cr\u00edtico y emergencias\u00bb.<\/p><p>Nuevos cap\u00edtulos incorporados en la segunda edici\u00f3n: \u00abEcograf\u00eda cl\u00ednica\u00bb \u00abCuidados posresucitaci\u00f3n y valoraci\u00f3n del pr\u00f3nostico neurol\u00f3gico\u00bb \u00abTriaje: sistema de clasificaci\u00f3n y estratificaci\u00f3n frente a los signos y s\u00edntomas agudos m\u00e1s frecuentes\u00bb \u00abAbordaje del enfermo cr\u00edtico pos\u00adquir\u00fargico\u00bb \u00abFundamentos para el aislamiento de alto nivel\u00bb \u00abConside\u00adraciones b\u00e1sicas en amenazas nucleares\/radiol\u00f3gicas biol\u00f3gicas y\/o qu\u00edmicas\u00bb \u00abHumanizaci\u00f3n de la atenci\u00f3n al enfermo cr\u00edtico\u00bb y \u00abSistemas de informaci\u00f3n en la atenci\u00f3n al enfermo cr\u00edtico\u00bb.<\/p><p>Los cap\u00edtulos comienzan con un cuadro de puntos clave que introducen al lector en su contenido fundamental seguidos en los cap\u00edtulos cl\u00ednicos de un caso cl\u00ednico ilustrativo que aproxima al lector a la realidad profesio\u00adnal.<\/p>\t\t\t\t\t\t\t\t<\/div>\n\t\t\t\t<\/div>\n\t\t\t\t\t<\/div>\n\t\t\t\t<\/div>\n\t\t\t\t<\/div>\n\t\t","protected":false},"excerpt":{"rendered":"<p><strong>Autores:<\/strong>\u00a0J. M.\u00aa Nicol\u00e1s &amp; Javier Ruiz Moreno &amp; Xavier Jim\u00e9nez F\u00e1brega &amp; \u00c0lvar Net Castel<br \/>\n<strong>ISBN:<\/strong>\u00a09788490228227<br \/>\n<strong>Editorial:<\/strong>\u00a0Elsevier<br \/>\n<strong>Edici\u00f3n:<\/strong>\u00a02\u00aa<br \/>\n<strong>Especialidad<\/strong>: Cuidados Intensivos<br \/>\n<strong>P\u00e1ginas<\/strong>: 1096<br \/>\n\u00a9 2020<\/p>\n","protected":false},"featured_media":14246,"comment_status":"open","ping_status":"open","template":"","meta":{"_joinchat":[]},"product_cat":[179],"product_tag":[180,85],"class_list":{"0":"post-14245","1":"product","2":"type-product","3":"status-publish","4":"has-post-thumbnail","6":"product_cat-cuidados-intensivos","7":"product_tag-cuidados-intensivos","8":"product_tag-elsevier","10":"first","11":"instock","12":"featured","13":"taxable","14":"shipping-taxable","15":"purchasable","16":"product-type-simple"},"_links":{"self":[{"href":"https:\/\/edimeinter.com\/libreria\/wp-json\/wp\/v2\/product\/14245","targetHints":{"allow":["GET"]}}],"collection":[{"href":"https:\/\/edimeinter.com\/libreria\/wp-json\/wp\/v2\/product"}],"about":[{"href":"https:\/\/edimeinter.com\/libreria\/wp-json\/wp\/v2\/types\/product"}],"replies":[{"embeddable":true,"href":"https:\/\/edimeinter.com\/libreria\/wp-json\/wp\/v2\/comments?post=14245"}],"version-history":[{"count":4,"href":"https:\/\/edimeinter.com\/libreria\/wp-json\/wp\/v2\/product\/14245\/revisions"}],"predecessor-version":[{"id":14251,"href":"https:\/\/edimeinter.com\/libreria\/wp-json\/wp\/v2\/product\/14245\/revisions\/14251"}],"wp:featuredmedia":[{"embeddable":true,"href":"https:\/\/edimeinter.com\/libreria\/wp-json\/wp\/v2\/media\/14246"}],"wp:attachment":[{"href":"https:\/\/edimeinter.com\/libreria\/wp-json\/wp\/v2\/media?parent=14245"}],"wp:term":[{"taxonomy":"product_cat","embeddable":true,"href":"https:\/\/edimeinter.com\/libreria\/wp-json\/wp\/v2\/product_cat?post=14245"},{"taxonomy":"product_tag","embeddable":true,"href":"https:\/\/edimeinter.com\/libreria\/wp-json\/wp\/v2\/product_tag?post=14245"}],"curies":[{"name":"wp","href":"https:\/\/api.w.org\/{rel}","templated":true}]}}