{"id":14258,"date":"2025-02-23T18:01:06","date_gmt":"2025-02-23T18:01:06","guid":{"rendered":"https:\/\/edimeinter.com\/libreria\/?post_type=product&#038;p=14258"},"modified":"2025-07-23T20:22:45","modified_gmt":"2025-07-23T20:22:45","slug":"terapia-acuatica-2a-edicion","status":"publish","type":"product","link":"https:\/\/edimeinter.com\/libreria\/product\/terapia-acuatica-2a-edicion\/","title":{"rendered":"Terapia acu\u00e1tica. 2\u00aa Edici\u00f3n"},"content":{"rendered":"\t\t<div data-elementor-type=\"wp-post\" data-elementor-id=\"14258\" class=\"elementor elementor-14258\">\n\t\t\t\t<div class=\"elementor-element elementor-element-2612b12 e-flex e-con-boxed e-con e-parent\" data-id=\"2612b12\" data-element_type=\"container\" data-e-type=\"container\">\n\t\t\t\t\t<div class=\"e-con-inner\">\n\t\t\n\t\t<div class=\"elementor-element elementor-element-498707ae elementor-widget elementor-widget-text-editor\" data-id=\"498707ae\" data-element_type=\"widget\" data-e-type=\"widget\" data-widget_type=\"text-editor.default\">\n\t\t\t\t<div class=\"elementor-widget-container\">\n\t\t\t\t\t\t\t\t\t<p>Esta nueva edici\u00f3n de\u00a0<em>Terapia acu\u00e1tica<\/em>\u00a0mantiene su compromiso de\u00a0<strong>tratar de forma integral todos los aspectos de los procedimientos terap\u00e9uticos en el medio acu\u00e1tico\u00a0<\/strong>abordando desde conceptos b\u00e1sicos hasta t\u00e9cnicas espec\u00edficas desde \u00e1reas y grupos de poblaci\u00f3n concretos hasta enfoques transversales sin olvidar aspectos conceptuales y de investigaci\u00f3n pero\u00a0<strong>actualizando y ampliando su enfoque para incorporar importantes novedades<\/strong>.<\/p><p>Esta obra est\u00e1 orientada a profesionales sanitarios que desarrollan su labor asistencial en el medio acu\u00e1tico as\u00ed como a estudiantes y profesionales sanitarios interesados en la terapia acu\u00e1tica como intervenci\u00f3n terap\u00e9utica.<\/p><p>El panel de colaboradores tanto espa\u00f1oles como extranjeros se ha visto enriquecido por la incorporaci\u00f3n de nuevos y prestigiosos profesionales. Tanto las nuevas incorporaciones como los colaboradores habituales son todos ellos reconocidos profesionales con gran experiencia asistencial docente e investigadora que se encuentran actualmente desarrollando y profundizando estas competencias.<\/p>\t\t\t\t\t\t\t\t<\/div>\n\t\t\t\t<\/div>\n\t\t\t\t\t<\/div>\n\t\t\t\t<\/div>\n\t\t\t\t<\/div>\n\t\t","protected":false},"excerpt":{"rendered":"<div>\n<p><strong>Autores:<\/strong>\u00a0Javier G\u00fceita Rodr\u00edguez &amp; Mar\u00eda Alonso Fraile<br \/>\n<strong>ISBN:<\/strong>\u00a09788491135791<br \/>\n<strong>Editorial:<\/strong>\u00a0Elsevier<br \/>\n<strong>Edici\u00f3n:<\/strong>\u00a02\u00aa<br \/>\n<strong>Especialidad<\/strong>: Fisioterapia<br \/>\n<strong>P\u00e1ginas<\/strong>: 464<br \/>\n\u00a9 2020<\/p>\n<\/div>\n","protected":false},"featured_media":14259,"comment_status":"open","ping_status":"closed","template":"","meta":{"_joinchat":[]},"product_cat":[111],"product_tag":[85,112],"class_list":{"0":"post-14258","1":"product","2":"type-product","3":"status-publish","4":"has-post-thumbnail","6":"product_cat-fisioterapia","7":"product_tag-elsevier","8":"product_tag-fisioterapia","10":"first","11":"instock","12":"featured","13":"taxable","14":"shipping-taxable","15":"purchasable","16":"product-type-simple"},"_links":{"self":[{"href":"https:\/\/edimeinter.com\/libreria\/wp-json\/wp\/v2\/product\/14258","targetHints":{"allow":["GET"]}}],"collection":[{"href":"https:\/\/edimeinter.com\/libreria\/wp-json\/wp\/v2\/product"}],"about":[{"href":"https:\/\/edimeinter.com\/libreria\/wp-json\/wp\/v2\/types\/product"}],"replies":[{"embeddable":true,"href":"https:\/\/edimeinter.com\/libreria\/wp-json\/wp\/v2\/comments?post=14258"}],"version-history":[{"count":5,"href":"https:\/\/edimeinter.com\/libreria\/wp-json\/wp\/v2\/product\/14258\/revisions"}],"predecessor-version":[{"id":16894,"href":"https:\/\/edimeinter.com\/libreria\/wp-json\/wp\/v2\/product\/14258\/revisions\/16894"}],"wp:featuredmedia":[{"embeddable":true,"href":"https:\/\/edimeinter.com\/libreria\/wp-json\/wp\/v2\/media\/14259"}],"wp:attachment":[{"href":"https:\/\/edimeinter.com\/libreria\/wp-json\/wp\/v2\/media?parent=14258"}],"wp:term":[{"taxonomy":"product_cat","embeddable":true,"href":"https:\/\/edimeinter.com\/libreria\/wp-json\/wp\/v2\/product_cat?post=14258"},{"taxonomy":"product_tag","embeddable":true,"href":"https:\/\/edimeinter.com\/libreria\/wp-json\/wp\/v2\/product_tag?post=14258"}],"curies":[{"name":"wp","href":"https:\/\/api.w.org\/{rel}","templated":true}]}}