{"id":14273,"date":"2025-02-23T18:26:05","date_gmt":"2025-02-23T18:26:05","guid":{"rendered":"https:\/\/edimeinter.com\/libreria\/?post_type=product&#038;p=14273"},"modified":"2025-03-12T16:34:18","modified_gmt":"2025-03-12T16:34:18","slug":"ecografia-en-el-enfermo-critico-2a-edicion","status":"publish","type":"product","link":"https:\/\/edimeinter.com\/libreria\/product\/ecografia-en-el-enfermo-critico-2a-edicion\/","title":{"rendered":"Ecograf\u00eda en el enfermo cr\u00edtico. 2\u00aa Edici\u00f3n"},"content":{"rendered":"\t\t<div data-elementor-type=\"wp-post\" data-elementor-id=\"14273\" class=\"elementor elementor-14273\">\n\t\t\t\t\n<div class=\"elementor-element elementor-element-2612b12 e-flex e-con-boxed e-con e-parent\" data-id=\"2612b12\" data-element_type=\"container\" data-e-type=\"container\">\n\t\t\t\t\t<div class=\"e-con-inner\">\n\t\t\n\t\t<div class=\"elementor-element elementor-element-498707ae elementor-widget elementor-widget-text-editor\" data-id=\"498707ae\" data-element_type=\"widget\" data-e-type=\"widget\" data-widget_type=\"text-editor.default\">\n\t\t\t\t<div class=\"elementor-widget-container\">\n\t\t\t\t\t\t\t\t\t<p>Ecograf\u00eda en el enfermo cr\u00edtico en su segunda y renovada edici\u00f3n contin\u00faa ofreciendo al especialista una perfecta integraci\u00f3n de contenidos en formato impreso y electr\u00f3nico con el objeto de proporcionarle herramientas pr\u00e1cticas en forma de figuras v\u00eddeos y animaciones que le ayuden a alcanzar diagn\u00f3sticos m\u00e1s r\u00e1pidos y precisos \u00abbedside\u00bb a monitorizar a sus pacientes o como gu\u00eda en la realizaci\u00f3n de procedimientos intervencionistas. Incluye un primer cap\u00edtulo introductorio sobre aspectos t\u00e9cnicos b\u00e1sicos; a continuaci\u00f3n se abordan la ecograf\u00eda card\u00edaca pulmonar abdominal vascular y en enfermos neurocr\u00edticos; siguen un cap\u00edtulo sobre diversos aspectos de inter\u00e9s (como la evaluaci\u00f3n ecogr\u00e1fica de la instrumentaci\u00f3n de la v\u00eda a\u00e9rea o de otras peque\u00f1as partes incluidas las articulaciones \u00abcr\u00edticas\u00bb) un nuevo cap\u00edtulo sobre ecograf\u00eda multiorg\u00e1nica en la enferma cr\u00edtica durante el embarazo y el puerperio y finalmente un cap\u00edtulo sobre protocolos ecogr\u00e1ficos en enfermos cr\u00edticos.<\/p>\t\t\t\t\t\t\t\t<\/div>\n\t\t\t\t<\/div>\n\t\t\t\t\t<\/div>\n\t\t\t\t<\/div>\n\t\t\t\t<\/div>\n\t\t","protected":false},"excerpt":{"rendered":"<p><strong>Autores:<\/strong>\u00a0Pablo Blanco<br \/>\n<strong>ISBN:<\/strong>\u00a09788491135081<br \/>\n<strong>Editorial:<\/strong>\u00a0Elsevier<br \/>\n<strong>Edici\u00f3n:<\/strong>\u00a02\u00aa<br \/>\n<strong>Especialidad<\/strong>: Ecograf\u00eda<br \/>\n<strong>P\u00e1ginas<\/strong>: 272<br \/>\n\u00a9 2020<\/p>\n","protected":false},"featured_media":14274,"comment_status":"open","ping_status":"open","template":"","meta":{"_joinchat":[]},"product_cat":[237],"product_tag":[238,85],"class_list":{"0":"post-14273","1":"product","2":"type-product","3":"status-publish","4":"has-post-thumbnail","6":"product_cat-ecografia","7":"product_tag-ecografia","8":"product_tag-elsevier","10":"first","11":"instock","12":"featured","13":"taxable","14":"shipping-taxable","15":"purchasable","16":"product-type-simple"},"_links":{"self":[{"href":"https:\/\/edimeinter.com\/libreria\/wp-json\/wp\/v2\/product\/14273","targetHints":{"allow":["GET"]}}],"collection":[{"href":"https:\/\/edimeinter.com\/libreria\/wp-json\/wp\/v2\/product"}],"about":[{"href":"https:\/\/edimeinter.com\/libreria\/wp-json\/wp\/v2\/types\/product"}],"replies":[{"embeddable":true,"href":"https:\/\/edimeinter.com\/libreria\/wp-json\/wp\/v2\/comments?post=14273"}],"version-history":[{"count":4,"href":"https:\/\/edimeinter.com\/libreria\/wp-json\/wp\/v2\/product\/14273\/revisions"}],"predecessor-version":[{"id":14278,"href":"https:\/\/edimeinter.com\/libreria\/wp-json\/wp\/v2\/product\/14273\/revisions\/14278"}],"wp:featuredmedia":[{"embeddable":true,"href":"https:\/\/edimeinter.com\/libreria\/wp-json\/wp\/v2\/media\/14274"}],"wp:attachment":[{"href":"https:\/\/edimeinter.com\/libreria\/wp-json\/wp\/v2\/media?parent=14273"}],"wp:term":[{"taxonomy":"product_cat","embeddable":true,"href":"https:\/\/edimeinter.com\/libreria\/wp-json\/wp\/v2\/product_cat?post=14273"},{"taxonomy":"product_tag","embeddable":true,"href":"https:\/\/edimeinter.com\/libreria\/wp-json\/wp\/v2\/product_tag?post=14273"}],"curies":[{"name":"wp","href":"https:\/\/api.w.org\/{rel}","templated":true}]}}