{"id":14314,"date":"2025-02-23T19:18:57","date_gmt":"2025-02-23T19:18:57","guid":{"rendered":"https:\/\/edimeinter.com\/libreria\/?post_type=product&#038;p=14314"},"modified":"2025-03-12T16:40:16","modified_gmt":"2025-03-12T16:40:16","slug":"complicaciones-en-neurocirugia-1a-edicion","status":"publish","type":"product","link":"https:\/\/edimeinter.com\/libreria\/product\/complicaciones-en-neurocirugia-1a-edicion\/","title":{"rendered":"Complicaciones en neurocirug\u00eda. 1\u00aa Edici\u00f3n"},"content":{"rendered":"\t\t<div data-elementor-type=\"wp-post\" data-elementor-id=\"14314\" class=\"elementor elementor-14314\">\n\t\t\t\t<div class=\"elementor-element elementor-element-2612b12 e-flex e-con-boxed e-con e-parent\" data-id=\"2612b12\" data-element_type=\"container\" data-e-type=\"container\">\n\t\t\t\t\t<div class=\"e-con-inner\">\n\t\t\n\t\t<div class=\"elementor-element elementor-element-498707ae elementor-widget elementor-widget-text-editor\" data-id=\"498707ae\" data-element_type=\"widget\" data-e-type=\"widget\" data-widget_type=\"text-editor.default\">\n\t\t\t\t<div class=\"elementor-widget-container\">\n\t\t\t\t\t\t\t\t\t<p>Un recurso que permite aprender de los m\u00e1s destacados profesionales en el campo de la neurocirug\u00eda que ofrecen una gu\u00eda pr\u00e1ctica de concepci\u00f3n innovadora.\u00a0<em>Complicaciones en neurocirug\u00eda\u00a0<\/em>emplea un formato basado en casos cl\u00ednicos para explorar las posibles complicaciones de los\u00a0<strong>procedimientos neuroquir\u00fargicos realizados con m\u00e1s frecuencia.\u00a0<\/strong>Gracias a la exposici\u00f3n de decenas de casos extra\u00eddos de la pr\u00e1ctica cl\u00ednica real el lector estar\u00e1 mejor preparado para identificar y\u00a0<strong>anticiparse a posibles riesgos\u00a0<\/strong>y para\u00a0<strong>gestionar las dificultades\u00a0<\/strong>que se presentan durante una operaci\u00f3n quir\u00fargica.<\/p>\t\t\t\t\t\t\t\t<\/div>\n\t\t\t\t<\/div>\n\t\t\t\t\t<\/div>\n\t\t\t\t<\/div>\n\t\t\t\t<\/div>\n\t\t","protected":false},"excerpt":{"rendered":"<p><strong>Autores:<\/strong>\u00a0Anil Nanda<br \/>\n<strong>ISBN:<\/strong>\u00a09788491137757<br \/>\n<strong>Editorial:<\/strong>\u00a0Elsevier<br \/>\n<strong>Edici\u00f3n:<\/strong>\u00a01\u00aa<br \/>\n<strong>Especialidad<\/strong>: Neurocirug\u00eda<br \/>\n<strong>P\u00e1ginas<\/strong>: 424<br \/>\n\u00a9 2020<\/p>\n","protected":false},"featured_media":14315,"comment_status":"open","ping_status":"open","template":"","meta":{"_joinchat":[]},"product_cat":[166],"product_tag":[85,167],"class_list":{"0":"post-14314","1":"product","2":"type-product","3":"status-publish","4":"has-post-thumbnail","6":"product_cat-neurologia-y-neurocirugia","7":"product_tag-elsevier","8":"product_tag-neurologia-y-neurocirugia","10":"first","11":"instock","12":"featured","13":"taxable","14":"shipping-taxable","15":"purchasable","16":"product-type-simple"},"_links":{"self":[{"href":"https:\/\/edimeinter.com\/libreria\/wp-json\/wp\/v2\/product\/14314","targetHints":{"allow":["GET"]}}],"collection":[{"href":"https:\/\/edimeinter.com\/libreria\/wp-json\/wp\/v2\/product"}],"about":[{"href":"https:\/\/edimeinter.com\/libreria\/wp-json\/wp\/v2\/types\/product"}],"replies":[{"embeddable":true,"href":"https:\/\/edimeinter.com\/libreria\/wp-json\/wp\/v2\/comments?post=14314"}],"version-history":[{"count":4,"href":"https:\/\/edimeinter.com\/libreria\/wp-json\/wp\/v2\/product\/14314\/revisions"}],"predecessor-version":[{"id":14319,"href":"https:\/\/edimeinter.com\/libreria\/wp-json\/wp\/v2\/product\/14314\/revisions\/14319"}],"wp:featuredmedia":[{"embeddable":true,"href":"https:\/\/edimeinter.com\/libreria\/wp-json\/wp\/v2\/media\/14315"}],"wp:attachment":[{"href":"https:\/\/edimeinter.com\/libreria\/wp-json\/wp\/v2\/media?parent=14314"}],"wp:term":[{"taxonomy":"product_cat","embeddable":true,"href":"https:\/\/edimeinter.com\/libreria\/wp-json\/wp\/v2\/product_cat?post=14314"},{"taxonomy":"product_tag","embeddable":true,"href":"https:\/\/edimeinter.com\/libreria\/wp-json\/wp\/v2\/product_tag?post=14314"}],"curies":[{"name":"wp","href":"https:\/\/api.w.org\/{rel}","templated":true}]}}