{"id":14320,"date":"2025-02-23T20:02:18","date_gmt":"2025-02-23T20:02:18","guid":{"rendered":"https:\/\/edimeinter.com\/libreria\/?post_type=product&#038;p=14320"},"modified":"2025-03-12T16:41:35","modified_gmt":"2025-03-12T16:41:35","slug":"abordajes-neuroquirurgicos-de-la-patologia-craneal-y-cerebral-2a-edicion","status":"publish","type":"product","link":"https:\/\/edimeinter.com\/libreria\/product\/abordajes-neuroquirurgicos-de-la-patologia-craneal-y-cerebral-2a-edicion\/","title":{"rendered":"Abordajes neuroquir\u00fargicos de la patolog\u00eda craneal y cerebral. 2\u00aa Edici\u00f3n"},"content":{"rendered":"\t\t<div data-elementor-type=\"wp-post\" data-elementor-id=\"14320\" class=\"elementor elementor-14320\">\n\t\t\t\t<div class=\"elementor-element elementor-element-2612b12 e-flex e-con-boxed e-con e-parent\" data-id=\"2612b12\" data-element_type=\"container\" data-e-type=\"container\">\n\t\t\t\t\t<div class=\"e-con-inner\">\n\t\t\n\t\t<div class=\"elementor-element elementor-element-498707ae elementor-widget elementor-widget-text-editor\" data-id=\"498707ae\" data-element_type=\"widget\" data-e-type=\"widget\" data-widget_type=\"text-editor.default\">\n\t\t\t\t<div class=\"elementor-widget-container\">\n\t\t\t\t\t\t\t\t\t<p>La nueva edici\u00f3n de\u00a0<em>Abordajes neuroquir\u00fargicos de la patolog\u00eda craneal y cerebral<\/em>\u00a0mantiene el mismo eje rector que la primera: tratar los abordajes craneoencef\u00e1licos que constituyen el n\u00facleo fundamental de la neurocirug\u00eda tomando como base una concep\u00adci\u00f3n anat\u00f3mica y microquir\u00fargica de esta cirug\u00eda.<\/p>\t\t\t\t\t\t\t\t<\/div>\n\t\t\t\t<\/div>\n\t\t\t\t\t<\/div>\n\t\t\t\t<\/div>\n\t\t\t\t<\/div>\n\t\t","protected":false},"excerpt":{"rendered":"<p><strong>Autores:<\/strong>\u00a0Jos\u00e9 Manuel Gonz\u00e1lez Darder &amp; Vicent Quilis Quesada &amp; Evandro de Oliveira<br \/>\n<strong>ISBN:<\/strong>\u00a09788491135029<br \/>\n<strong>Editorial:<\/strong>\u00a0Elsevier<br \/>\n<strong>Edici\u00f3n:<\/strong>\u00a02\u00aa<br \/>\n<strong>Especialidad<\/strong>: Neurocirug\u00eda<br \/>\n<strong>P\u00e1ginas<\/strong>: 288<br \/>\n\u00a9 2020<\/p>\n","protected":false},"featured_media":14321,"comment_status":"open","ping_status":"open","template":"","meta":{"_joinchat":[]},"product_cat":[166],"product_tag":[85,167],"class_list":{"0":"post-14320","1":"product","2":"type-product","3":"status-publish","4":"has-post-thumbnail","6":"product_cat-neurologia-y-neurocirugia","7":"product_tag-elsevier","8":"product_tag-neurologia-y-neurocirugia","10":"first","11":"instock","12":"featured","13":"taxable","14":"shipping-taxable","15":"purchasable","16":"product-type-simple"},"_links":{"self":[{"href":"https:\/\/edimeinter.com\/libreria\/wp-json\/wp\/v2\/product\/14320","targetHints":{"allow":["GET"]}}],"collection":[{"href":"https:\/\/edimeinter.com\/libreria\/wp-json\/wp\/v2\/product"}],"about":[{"href":"https:\/\/edimeinter.com\/libreria\/wp-json\/wp\/v2\/types\/product"}],"replies":[{"embeddable":true,"href":"https:\/\/edimeinter.com\/libreria\/wp-json\/wp\/v2\/comments?post=14320"}],"version-history":[{"count":5,"href":"https:\/\/edimeinter.com\/libreria\/wp-json\/wp\/v2\/product\/14320\/revisions"}],"predecessor-version":[{"id":14334,"href":"https:\/\/edimeinter.com\/libreria\/wp-json\/wp\/v2\/product\/14320\/revisions\/14334"}],"wp:featuredmedia":[{"embeddable":true,"href":"https:\/\/edimeinter.com\/libreria\/wp-json\/wp\/v2\/media\/14321"}],"wp:attachment":[{"href":"https:\/\/edimeinter.com\/libreria\/wp-json\/wp\/v2\/media?parent=14320"}],"wp:term":[{"taxonomy":"product_cat","embeddable":true,"href":"https:\/\/edimeinter.com\/libreria\/wp-json\/wp\/v2\/product_cat?post=14320"},{"taxonomy":"product_tag","embeddable":true,"href":"https:\/\/edimeinter.com\/libreria\/wp-json\/wp\/v2\/product_tag?post=14320"}],"curies":[{"name":"wp","href":"https:\/\/api.w.org\/{rel}","templated":true}]}}