{"id":14326,"date":"2025-02-23T20:12:07","date_gmt":"2025-02-23T20:12:07","guid":{"rendered":"https:\/\/edimeinter.com\/libreria\/?post_type=product&#038;p=14326"},"modified":"2025-04-08T22:13:55","modified_gmt":"2025-04-08T22:13:55","slug":"decisiones-en-urgencias-pediatricas-2a-edicion","status":"publish","type":"product","link":"https:\/\/edimeinter.com\/libreria\/product\/decisiones-en-urgencias-pediatricas-2a-edicion\/","title":{"rendered":"Decisiones en urgencias pedi\u00e1tricas. 2\u00aa Edici\u00f3n"},"content":{"rendered":"\t\t<div data-elementor-type=\"wp-post\" data-elementor-id=\"14326\" class=\"elementor elementor-14326\">\n\t\t\t\t<div class=\"elementor-element elementor-element-2612b12 e-flex e-con-boxed e-con e-parent\" data-id=\"2612b12\" data-element_type=\"container\" data-e-type=\"container\">\n\t\t\t\t\t<div class=\"e-con-inner\">\n\t\t\n\t\t<div class=\"elementor-element elementor-element-498707ae elementor-widget elementor-widget-text-editor\" data-id=\"498707ae\" data-element_type=\"widget\" data-e-type=\"widget\" data-widget_type=\"text-editor.default\">\n\t\t\t\t<div class=\"elementor-widget-container\">\n\t\t\t\t\t\t\t\t\t<p>Liderado por Santos Garc\u00eda Garc\u00eda un extenso equipo de experimentados profesionales de las Urgencias Pedi\u00e1tricas en su mayor\u00eda pediatras relacionados con el Hospital La Paz de Madrid apoyados por un gran n\u00famero de especialistas (cirujanos pedi\u00e1tricos ORL dermat\u00f3logos cardi\u00f3logos etc.) del mismo centro han contribuido a dise\u00f1ar y redactar los 275 cap\u00edtulos.<\/p><p>La diversidad de las situaciones y las especiales caracter\u00edsticas de la poblaci\u00f3n pedi\u00e1trica hacen que la toma de decisiones en los Servicios de Urgencias Pedi\u00e1tricas sea un proceso en ocasiones complejo. Con un contenido eminentemente pr\u00e1ctico centrado en los problemas no en los diagn\u00f3sticos Decisiones en Urgencias Pedi\u00e1tricas 2.\u00aa edici\u00f3n es el recurso ideal para orientar a los profesionales de las Urgencias Pedi\u00e1tricas en la toma de deci\u00adsiones terap\u00e9uticas r\u00e1pidas para un amplio abanico de patolog\u00edas tanto en la pr\u00e1ctica diaria como en situaciones especiales.<\/p><p>Cada paso de los 275 algoritmos interconectados que se incluyen en la obra est\u00e1 relacionado con una nota expli\u00adcativa que contiene la informaci\u00f3n m\u00e1s relevante sobre el tema abordado: indicaciones de las pruebas observa\u00adci\u00f3n ingreso posibles diagn\u00f3sticos indicaciones de derivaci\u00f3n a consulta con el especialista y criterios y requisi\u00adtos para el alta. Adem\u00e1s los algoritmos incluyen indicaciones precisas para la realizaci\u00f3n de determinadas pruebas o tratamientos espec\u00edficos.<\/p>\t\t\t\t\t\t\t\t<\/div>\n\t\t\t\t<\/div>\n\t\t\t\t\t<\/div>\n\t\t\t\t<\/div>\n\t\t\t\t<\/div>\n\t\t","protected":false},"excerpt":{"rendered":"<p><strong>Autores:<\/strong>\u00a0Santos Garc\u00eda Garc\u00eda<br \/>\n<strong>ISBN:<\/strong>\u00a09788491134442<br \/>\n<strong>Editorial:<\/strong>\u00a0Elsevier<br \/>\n<strong>Edici\u00f3n:<\/strong>\u00a02\u00aa<br \/>\n<strong>Especialidad<\/strong>: Pediatr\u00eda<br \/>\n<strong>P\u00e1ginas<\/strong>: 1432<br \/>\n\u00a9 2020<\/p>\n","protected":false},"featured_media":14328,"comment_status":"open","ping_status":"closed","template":"","meta":{"_joinchat":[]},"product_cat":[130],"product_tag":[85,131],"class_list":{"0":"post-14326","1":"product","2":"type-product","3":"status-publish","4":"has-post-thumbnail","6":"product_cat-pediatria-y-neonatologia","7":"product_tag-elsevier","8":"product_tag-pediatria-y-neonatologia","10":"first","11":"instock","12":"featured","13":"taxable","14":"shipping-taxable","15":"purchasable","16":"product-type-simple"},"_links":{"self":[{"href":"https:\/\/edimeinter.com\/libreria\/wp-json\/wp\/v2\/product\/14326","targetHints":{"allow":["GET"]}}],"collection":[{"href":"https:\/\/edimeinter.com\/libreria\/wp-json\/wp\/v2\/product"}],"about":[{"href":"https:\/\/edimeinter.com\/libreria\/wp-json\/wp\/v2\/types\/product"}],"replies":[{"embeddable":true,"href":"https:\/\/edimeinter.com\/libreria\/wp-json\/wp\/v2\/comments?post=14326"}],"version-history":[{"count":5,"href":"https:\/\/edimeinter.com\/libreria\/wp-json\/wp\/v2\/product\/14326\/revisions"}],"predecessor-version":[{"id":16255,"href":"https:\/\/edimeinter.com\/libreria\/wp-json\/wp\/v2\/product\/14326\/revisions\/16255"}],"wp:featuredmedia":[{"embeddable":true,"href":"https:\/\/edimeinter.com\/libreria\/wp-json\/wp\/v2\/media\/14328"}],"wp:attachment":[{"href":"https:\/\/edimeinter.com\/libreria\/wp-json\/wp\/v2\/media?parent=14326"}],"wp:term":[{"taxonomy":"product_cat","embeddable":true,"href":"https:\/\/edimeinter.com\/libreria\/wp-json\/wp\/v2\/product_cat?post=14326"},{"taxonomy":"product_tag","embeddable":true,"href":"https:\/\/edimeinter.com\/libreria\/wp-json\/wp\/v2\/product_tag?post=14326"}],"curies":[{"name":"wp","href":"https:\/\/api.w.org\/{rel}","templated":true}]}}