{"id":14375,"date":"2025-02-23T21:23:46","date_gmt":"2025-02-23T21:23:46","guid":{"rendered":"https:\/\/edimeinter.com\/libreria\/?post_type=product&#038;p=14375"},"modified":"2025-03-12T16:49:51","modified_gmt":"2025-03-12T16:49:51","slug":"stevens-y-lowe-histologia-humana-5a-edicion","status":"publish","type":"product","link":"https:\/\/edimeinter.com\/libreria\/product\/stevens-y-lowe-histologia-humana-5a-edicion\/","title":{"rendered":"Stevens y Lowe. Histolog\u00eda humana. 5\u00aa Edici\u00f3n"},"content":{"rendered":"\t\t<div data-elementor-type=\"wp-post\" data-elementor-id=\"14375\" class=\"elementor elementor-14375\">\n\t\t\t\t<div class=\"elementor-element elementor-element-2612b12 e-flex e-con-boxed e-con e-parent\" data-id=\"2612b12\" data-element_type=\"container\" data-e-type=\"container\">\n\t\t\t\t\t<div class=\"e-con-inner\">\n\t\t\n\t\t<div class=\"elementor-element elementor-element-498707ae elementor-widget elementor-widget-text-editor\" data-id=\"498707ae\" data-element_type=\"widget\" data-e-type=\"widget\" data-widget_type=\"text-editor.default\">\n\t\t\t\t<div class=\"elementor-widget-container\">\n\t\t\t\t\t\t\t\t\t<p>Nueva edici\u00f3n del texto \u00abcore\u00bb que proporciona de una forma concisa y clara los conocimientos b\u00e1sicos de histolog\u00eda ofreciendo el nivel justo de detalle para un estudiante que no tiene conocimientos previos de la disciplina.<\/p><p>La nueva edici\u00f3n se estructura en un total de 19 cap\u00edtulos de estructura homog\u00e9nea. Tiene un abordaje integrado facilitando la comprensi\u00f3n de las interrelaciones entre la histolog\u00eda la biolog\u00eda celular y la anatom\u00eda siempre en un contexto cl\u00ednico.<\/p><p>Incluye m\u00e1s conceptos pertenecientes a la biolog\u00eda celular y a la patolog\u00eda. As\u00ed mismo tiene un mayor enfoque cl\u00ednico: nuevas im\u00e1genes cl\u00ednicas y aumento del n\u00famero de \u00abejemplos cl\u00ednicos\u00bb. Finalmente cabe destacar la inclusi\u00f3n de un apartado de \u00abcasos cl\u00ednicos\u00bb al final del libro a modo de ap\u00e9ndice (se incluye tambi\u00e9n el comentario).<\/p><p>La nueva edici\u00f3n incluye acceso a SC.com en el que cabe destacar la presencia de 19 v\u00eddeos (uno por cap\u00edtulo) en los que el propio autor (James S. Lowe) a modo de tutorial explica los diferentes contenidos. As\u00ed mismo en SC.com puede accederse a un completo laboratorio histol\u00f3gico virtual.<\/p>\t\t\t\t\t\t\t\t<\/div>\n\t\t\t\t<\/div>\n\t\t\t\t\t<\/div>\n\t\t\t\t<\/div>\n\t\t\t\t<\/div>\n\t\t","protected":false},"excerpt":{"rendered":"<p><strong>Autores:<\/strong>\u00a0James S. Lowe &amp; Peter G. Anderson &amp; Susan I. Anderson<br \/>\n<strong>ISBN:<\/strong>\u00a09788491136279<br \/>\n<strong>Editorial:<\/strong>\u00a0Elsevier<br \/>\n<strong>Edici\u00f3n:<\/strong>\u00a05\u00aa<br \/>\n<strong>Especialidad<\/strong>: Histolog\u00eda<br \/>\n<strong>P\u00e1ginas<\/strong>: 440<br \/>\n\u00a9 2020<\/p>\n","protected":false},"featured_media":14376,"comment_status":"open","ping_status":"open","template":"","meta":{"_joinchat":[]},"product_cat":[154],"product_tag":[85,155],"class_list":{"0":"post-14375","1":"product","2":"type-product","3":"status-publish","4":"has-post-thumbnail","6":"product_cat-histologia","7":"product_tag-elsevier","8":"product_tag-histologia","10":"first","11":"instock","12":"featured","13":"taxable","14":"shipping-taxable","15":"purchasable","16":"product-type-simple"},"_links":{"self":[{"href":"https:\/\/edimeinter.com\/libreria\/wp-json\/wp\/v2\/product\/14375","targetHints":{"allow":["GET"]}}],"collection":[{"href":"https:\/\/edimeinter.com\/libreria\/wp-json\/wp\/v2\/product"}],"about":[{"href":"https:\/\/edimeinter.com\/libreria\/wp-json\/wp\/v2\/types\/product"}],"replies":[{"embeddable":true,"href":"https:\/\/edimeinter.com\/libreria\/wp-json\/wp\/v2\/comments?post=14375"}],"version-history":[{"count":4,"href":"https:\/\/edimeinter.com\/libreria\/wp-json\/wp\/v2\/product\/14375\/revisions"}],"predecessor-version":[{"id":14380,"href":"https:\/\/edimeinter.com\/libreria\/wp-json\/wp\/v2\/product\/14375\/revisions\/14380"}],"wp:featuredmedia":[{"embeddable":true,"href":"https:\/\/edimeinter.com\/libreria\/wp-json\/wp\/v2\/media\/14376"}],"wp:attachment":[{"href":"https:\/\/edimeinter.com\/libreria\/wp-json\/wp\/v2\/media?parent=14375"}],"wp:term":[{"taxonomy":"product_cat","embeddable":true,"href":"https:\/\/edimeinter.com\/libreria\/wp-json\/wp\/v2\/product_cat?post=14375"},{"taxonomy":"product_tag","embeddable":true,"href":"https:\/\/edimeinter.com\/libreria\/wp-json\/wp\/v2\/product_tag?post=14375"}],"curies":[{"name":"wp","href":"https:\/\/api.w.org\/{rel}","templated":true}]}}