{"id":14381,"date":"2025-02-23T21:30:20","date_gmt":"2025-02-23T21:30:20","guid":{"rendered":"https:\/\/edimeinter.com\/libreria\/?post_type=product&#038;p=14381"},"modified":"2025-03-12T16:51:15","modified_gmt":"2025-03-12T16:51:15","slug":"medicina-de-observacion-1a-edicion","status":"publish","type":"product","link":"https:\/\/edimeinter.com\/libreria\/product\/medicina-de-observacion-1a-edicion\/","title":{"rendered":"Medicina de observaci\u00f3n. 1\u00aa Edici\u00f3n"},"content":{"rendered":"\t\t<div data-elementor-type=\"wp-post\" data-elementor-id=\"14381\" class=\"elementor elementor-14381\">\n\t\t\t\t<div class=\"elementor-element elementor-element-2612b12 e-flex e-con-boxed e-con e-parent\" data-id=\"2612b12\" data-element_type=\"container\" data-e-type=\"container\">\n\t\t\t\t\t<div class=\"e-con-inner\">\n\t\t\n\t\t<div class=\"elementor-element elementor-element-498707ae elementor-widget elementor-widget-text-editor\" data-id=\"498707ae\" data-element_type=\"widget\" data-e-type=\"widget\" data-widget_type=\"text-editor.default\">\n\t\t\t\t<div class=\"elementor-widget-container\">\n\t\t\t\t\t\t\t\t\t<ul><li><em>Medicina de observaci\u00f3n. M\u00e1s all\u00e1 de la primera decisi\u00f3n en urgencias<\/em>\u00a0recoge de manera detallada toda la informaci\u00f3n necesaria para que el lector se adentre en el conocimiento y manejo de un \u00e1rea como la Medicina de Observaci\u00f3n la cual requiere un enfoque de atenci\u00f3n y cuidados diferente a los que se prestan al paciente atendido en los servicios de urgencia de un hospital.<\/li><li>Obra pionera en espa\u00f1ol que cubre una necesidad importante en esta \u00e1rea espec\u00edfica de la Medicina de Urgencias y emergencias tanto en Espa\u00f1a como en Am\u00e9rica Latina.<\/li><li>El objetivo del autor con esta obra es recopilar en un texto la informaci\u00f3n m\u00e1s relevantes presente en la literatura cient\u00edfica sobre la medicina de observaci\u00f3n as\u00ed como sentar los principios que deber\u00edan tenerse en cuenta para el desarrollo homog\u00e9neo y racional de la medicina de observaci\u00f3n y de las unidades de observaci\u00f3n tanto en Espa\u00f1a como en pa\u00edses de nuestro entorno sanitario.<\/li><li>Como material adicional al libro impreso el lector tendr\u00e1 acceso a un conjunto de\u00a0<em>checklists<\/em>\u00a0o listados de verificaci\u00f3n en formato electr\u00f3nico denominados tambi\u00e9n\u00a0<em>order set<\/em>\u00a0cuyo objetivo es ordenar paso a paso una serie de procesos asistenciales aplicados a las unidades o \u00e1reas de observaci\u00f3n de un servicio de urgencias.<\/li><li>Su autor el Dr. Francisco Javier Montero P\u00e9rez cuenta con una gran experiencia en el \u00e1mbito de urgencias dedicando su vida profesional a esta \u00e1rea y en particular a la Medicina de Observaci\u00f3n. Adem\u00e1s de su labor docente cabe destacar su faceta investigadora con m\u00e1s de 200 art\u00edculos publicados sin olvidar su funci\u00f3n como co-director de obras de gran calado y tradici\u00f3n en este \u00e1mbito como son\u00a0<em>Medicina de Urgencias y Emergencias: gu\u00eda diagn\u00f3stica y Protocolos de actuaci\u00f3n<\/em>\u00a0y\u00a0<em>Medicina de Urgencias. Gu\u00eda terap\u00e9utica<\/em>.<\/li><\/ul>\t\t\t\t\t\t\t\t<\/div>\n\t\t\t\t<\/div>\n\t\t\t\t\t<\/div>\n\t\t\t\t<\/div>\n\t\t\t\t<\/div>\n\t\t","protected":false},"excerpt":{"rendered":"<p><strong>Autores:<\/strong>\u00a0F. Javier Montero P\u00e9rez<br \/>\n<strong>ISBN:<\/strong>\u00a09788491132660<br \/>\n<strong>Editorial:<\/strong>\u00a0Elsevier<br \/>\n<strong>Edici\u00f3n:<\/strong>\u00a01\u00aa<br \/>\n<strong>Especialidad<\/strong>: Medicina Interna<br \/>\n<strong>P\u00e1ginas<\/strong>: 630<br \/>\n\u00a9 2020<\/p>\n","protected":false},"featured_media":14382,"comment_status":"open","ping_status":"open","template":"","meta":{"_joinchat":[]},"product_cat":[150],"product_tag":[85,151],"class_list":{"0":"post-14381","1":"product","2":"type-product","3":"status-publish","4":"has-post-thumbnail","6":"product_cat-medicina-interna","7":"product_tag-elsevier","8":"product_tag-medicina-interna","10":"first","11":"instock","12":"featured","13":"taxable","14":"shipping-taxable","15":"purchasable","16":"product-type-simple"},"_links":{"self":[{"href":"https:\/\/edimeinter.com\/libreria\/wp-json\/wp\/v2\/product\/14381","targetHints":{"allow":["GET"]}}],"collection":[{"href":"https:\/\/edimeinter.com\/libreria\/wp-json\/wp\/v2\/product"}],"about":[{"href":"https:\/\/edimeinter.com\/libreria\/wp-json\/wp\/v2\/types\/product"}],"replies":[{"embeddable":true,"href":"https:\/\/edimeinter.com\/libreria\/wp-json\/wp\/v2\/comments?post=14381"}],"version-history":[{"count":4,"href":"https:\/\/edimeinter.com\/libreria\/wp-json\/wp\/v2\/product\/14381\/revisions"}],"predecessor-version":[{"id":14391,"href":"https:\/\/edimeinter.com\/libreria\/wp-json\/wp\/v2\/product\/14381\/revisions\/14391"}],"wp:featuredmedia":[{"embeddable":true,"href":"https:\/\/edimeinter.com\/libreria\/wp-json\/wp\/v2\/media\/14382"}],"wp:attachment":[{"href":"https:\/\/edimeinter.com\/libreria\/wp-json\/wp\/v2\/media?parent=14381"}],"wp:term":[{"taxonomy":"product_cat","embeddable":true,"href":"https:\/\/edimeinter.com\/libreria\/wp-json\/wp\/v2\/product_cat?post=14381"},{"taxonomy":"product_tag","embeddable":true,"href":"https:\/\/edimeinter.com\/libreria\/wp-json\/wp\/v2\/product_tag?post=14381"}],"curies":[{"name":"wp","href":"https:\/\/api.w.org\/{rel}","templated":true}]}}