{"id":14393,"date":"2025-02-23T22:04:53","date_gmt":"2025-02-23T22:04:53","guid":{"rendered":"https:\/\/edimeinter.com\/libreria\/?post_type=product&#038;p=14393"},"modified":"2026-03-06T19:51:31","modified_gmt":"2026-03-06T19:51:31","slug":"medicina-del-viajero-4a-edicion","status":"publish","type":"product","link":"https:\/\/edimeinter.com\/libreria\/product\/medicina-del-viajero-4a-edicion\/","title":{"rendered":"Medicina del viajero. 4\u00aa Edici\u00f3n"},"content":{"rendered":"\t\t<div data-elementor-type=\"wp-post\" data-elementor-id=\"14393\" class=\"elementor elementor-14393\">\n\t\t\t\t<div class=\"elementor-element elementor-element-2612b12 e-flex e-con-boxed e-con e-parent\" data-id=\"2612b12\" data-element_type=\"container\" data-e-type=\"container\">\n\t\t\t\t\t<div class=\"e-con-inner\">\n\t\t\n\t\t<div class=\"elementor-element elementor-element-498707ae elementor-widget elementor-widget-text-editor\" data-id=\"498707ae\" data-element_type=\"widget\" data-e-type=\"widget\" data-widget_type=\"text-editor.default\">\n\t\t\t\t<div class=\"elementor-widget-container\">\n\t\t\t\t\t\t\t\t\t<div>El objetivo de los autores no solo ha sido proporcionar una revisi\u00f3n de las \u00e1reas m\u00e1s importantes sino tambi\u00e9n actualizar la edici\u00f3n anterior e incluir nuevos elementos que incluyan la salud en los viajes.<\/div><div>Se incluye nueva informaci\u00f3n sobre vacunas medicamentos profil\u00e1cticos y orientaci\u00f3n al viajero.<\/div><div>Esta cuarta edici\u00f3n incluye cap\u00edtulos sobre el ecoturismo viajes VIP y consideraciones previas al viaje en la prevenci\u00f3n de infecciones que se pueden prevenir con vacunas como el Zika Chikungunya y el S\u00edndrome Respiratorio de Oriente Medio.<\/div><div>Proporciona a los profesionales un enfoque de las enfermedades que pueden encontrar en los viajeros tanto en lo que respecta a las investigaciones como a los problemas de gesti\u00f3n.<\/div><div>Ense\u00f1a las medidas preventivas que se han de tomar antes de iniciar el viaje.<\/div><div>Ayuda a resolver los problemas m\u00e9dicos que una persona pueda terner durante y despu\u00e9s del viaje.<\/div><div>Abarca diferentes aspectos de la medicina tan diversos como: enfermedades infecciosas medicina paliativa pediatr\u00eda o medicina interna.<\/div><div>Al incorporar un enfoque pr\u00e1ctico y basado en la evidencia los autores han hecho de este libro un recurso esencial para todos los profesionales de la medicina del viajero.<\/div>\t\t\t\t\t\t\t\t<\/div>\n\t\t\t\t<\/div>\n\t\t\t\t\t<\/div>\n\t\t\t\t<\/div>\n\t\t\t\t<\/div>\n\t\t","protected":false},"excerpt":{"rendered":"<p><strong>Autores:<\/strong>\u00a0Jay S. Keystone &amp; Phyllis E. Kozarsky &amp; Bradley A. Connor &amp; Hans D. Nothdurft &amp; Marc Mendelson &amp; Karin Leder<br \/>\n<strong>ISBN:<\/strong>\u00a09788491136767<br \/>\n<strong>Editorial:<\/strong>\u00a0Elsevier<br \/>\n<strong>Edici\u00f3n:<\/strong>\u00a04\u00aa<br \/>\n<strong>Especialidad<\/strong>: Medicina Interna<br \/>\n<strong>P\u00e1ginas<\/strong>: 562<br \/>\n\u00a9 2020<\/p>\n","protected":false},"featured_media":14395,"comment_status":"open","ping_status":"closed","template":"","meta":{"_joinchat":[]},"product_cat":[150],"product_tag":[85,151],"class_list":{"0":"post-14393","1":"product","2":"type-product","3":"status-publish","4":"has-post-thumbnail","6":"product_cat-medicina-interna","7":"product_tag-elsevier","8":"product_tag-medicina-interna","10":"first","11":"outofstock","12":"featured","13":"taxable","14":"shipping-taxable","15":"purchasable","16":"product-type-simple"},"_links":{"self":[{"href":"https:\/\/edimeinter.com\/libreria\/wp-json\/wp\/v2\/product\/14393","targetHints":{"allow":["GET"]}}],"collection":[{"href":"https:\/\/edimeinter.com\/libreria\/wp-json\/wp\/v2\/product"}],"about":[{"href":"https:\/\/edimeinter.com\/libreria\/wp-json\/wp\/v2\/types\/product"}],"replies":[{"embeddable":true,"href":"https:\/\/edimeinter.com\/libreria\/wp-json\/wp\/v2\/comments?post=14393"}],"version-history":[{"count":4,"href":"https:\/\/edimeinter.com\/libreria\/wp-json\/wp\/v2\/product\/14393\/revisions"}],"predecessor-version":[{"id":14399,"href":"https:\/\/edimeinter.com\/libreria\/wp-json\/wp\/v2\/product\/14393\/revisions\/14399"}],"wp:featuredmedia":[{"embeddable":true,"href":"https:\/\/edimeinter.com\/libreria\/wp-json\/wp\/v2\/media\/14395"}],"wp:attachment":[{"href":"https:\/\/edimeinter.com\/libreria\/wp-json\/wp\/v2\/media?parent=14393"}],"wp:term":[{"taxonomy":"product_cat","embeddable":true,"href":"https:\/\/edimeinter.com\/libreria\/wp-json\/wp\/v2\/product_cat?post=14393"},{"taxonomy":"product_tag","embeddable":true,"href":"https:\/\/edimeinter.com\/libreria\/wp-json\/wp\/v2\/product_tag?post=14393"}],"curies":[{"name":"wp","href":"https:\/\/api.w.org\/{rel}","templated":true}]}}