{"id":14414,"date":"2025-02-23T22:30:25","date_gmt":"2025-02-23T22:30:25","guid":{"rendered":"https:\/\/edimeinter.com\/libreria\/?post_type=product&#038;p=14414"},"modified":"2025-03-12T17:24:54","modified_gmt":"2025-03-12T17:24:54","slug":"introduccion-a-la-medicina-clinica-4a-edicion","status":"publish","type":"product","link":"https:\/\/edimeinter.com\/libreria\/product\/introduccion-a-la-medicina-clinica-4a-edicion\/","title":{"rendered":"Introducci\u00f3n a la medicina cl\u00ednica. 4\u00aa Edici\u00f3n"},"content":{"rendered":"\t\t<div data-elementor-type=\"wp-post\" data-elementor-id=\"14414\" class=\"elementor elementor-14414\">\n\t\t\t\t<div class=\"elementor-element elementor-element-2612b12 e-flex e-con-boxed e-con e-parent\" data-id=\"2612b12\" data-element_type=\"container\" data-e-type=\"container\">\n\t\t\t\t\t<div class=\"e-con-inner\">\n\t\t\n\t\t<div class=\"elementor-element elementor-element-498707ae elementor-widget elementor-widget-text-editor\" data-id=\"498707ae\" data-element_type=\"widget\" data-e-type=\"widget\" data-widget_type=\"text-editor.default\">\n\t\t\t\t<div class=\"elementor-widget-container\">\n\t\t\t\t\t\t\t\t\t<p>Cuarta edici\u00f3n que contin\u00faa con el objetivo de ofrecer a los estudiantes de Medicina\u00a0un acercamiento s\u00f3lido a las causas y los mecanismos de las enfermedades los trastornos en la funci\u00f3n y la estructura de los \u00f3rganos y los sistemas.<\/p><p>Contiene contenido actualizado que incorpora novedades consolidadas y optimiza su car\u00e1cter did\u00e1ctico para ajustarlo a las necesidades de los estudiantes que el autor conoce de primera mano gracias a su extensa carrera docente en el aula el seminario y el hospital.<\/p><p>Se organiza en 10 partes: la pirmera dedicada a generalidades aplicables a cualquiera de los aparatos y sistemas del organismo; el resto se adentra en la patolog\u00eda espec\u00edfica de cada uno de ellos. Un ap\u00e9ndice final recoge 40 problemas cl\u00ednicos que por su relevancia y su representatividad son ejemplos clave de la pr\u00e1ctica m\u00e9dica.<\/p><p>Adem\u00e1s del contenido actualizado esta edici\u00f3n ofrece nuevas preguntas de autoevaluaci\u00f3n bibliograf\u00eda actualizada problemas cl\u00ednicos ejemplares algoritmos de diagn\u00f3stico diferencial revisados y ampliados as\u00ed como galer\u00eda de im\u00e1genes.<\/p>\t\t\t\t\t\t\t\t<\/div>\n\t\t\t\t<\/div>\n\t\t\t\t\t<\/div>\n\t\t\t\t<\/div>\n\t\t\t\t<\/div>\n\t\t","protected":false},"excerpt":{"rendered":"<p><strong>Autores:<\/strong>\u00a0F. Javier Laso Guzm\u00e1n<br \/>\n<strong>ISBN:<\/strong>\u00a09788491133520<br \/>\n<strong>Editorial:<\/strong>\u00a0Elsevier<br \/>\n<strong>Edici\u00f3n:<\/strong>\u00a04\u00aa<br \/>\n<strong>Especialidad<\/strong>: Medicina Interna<br \/>\n<strong>P\u00e1ginas<\/strong>: 616<br \/>\n\u00a9 2020<\/p>\n","protected":false},"featured_media":14415,"comment_status":"open","ping_status":"open","template":"","meta":{"_joinchat":[]},"product_cat":[150],"product_tag":[85,151],"class_list":{"0":"post-14414","1":"product","2":"type-product","3":"status-publish","4":"has-post-thumbnail","6":"product_cat-medicina-interna","7":"product_tag-elsevier","8":"product_tag-medicina-interna","10":"first","11":"instock","12":"featured","13":"taxable","14":"shipping-taxable","15":"purchasable","16":"product-type-simple"},"_links":{"self":[{"href":"https:\/\/edimeinter.com\/libreria\/wp-json\/wp\/v2\/product\/14414","targetHints":{"allow":["GET"]}}],"collection":[{"href":"https:\/\/edimeinter.com\/libreria\/wp-json\/wp\/v2\/product"}],"about":[{"href":"https:\/\/edimeinter.com\/libreria\/wp-json\/wp\/v2\/types\/product"}],"replies":[{"embeddable":true,"href":"https:\/\/edimeinter.com\/libreria\/wp-json\/wp\/v2\/comments?post=14414"}],"version-history":[{"count":4,"href":"https:\/\/edimeinter.com\/libreria\/wp-json\/wp\/v2\/product\/14414\/revisions"}],"predecessor-version":[{"id":14426,"href":"https:\/\/edimeinter.com\/libreria\/wp-json\/wp\/v2\/product\/14414\/revisions\/14426"}],"wp:featuredmedia":[{"embeddable":true,"href":"https:\/\/edimeinter.com\/libreria\/wp-json\/wp\/v2\/media\/14415"}],"wp:attachment":[{"href":"https:\/\/edimeinter.com\/libreria\/wp-json\/wp\/v2\/media?parent=14414"}],"wp:term":[{"taxonomy":"product_cat","embeddable":true,"href":"https:\/\/edimeinter.com\/libreria\/wp-json\/wp\/v2\/product_cat?post=14414"},{"taxonomy":"product_tag","embeddable":true,"href":"https:\/\/edimeinter.com\/libreria\/wp-json\/wp\/v2\/product_tag?post=14414"}],"curies":[{"name":"wp","href":"https:\/\/api.w.org\/{rel}","templated":true}]}}