{"id":14433,"date":"2025-02-24T15:50:16","date_gmt":"2025-02-24T15:50:16","guid":{"rendered":"https:\/\/edimeinter.com\/libreria\/?post_type=product&#038;p=14433"},"modified":"2025-03-12T17:26:38","modified_gmt":"2025-03-12T17:26:38","slug":"hematologia-manual-basico-razonado-5a-edicion","status":"publish","type":"product","link":"https:\/\/edimeinter.com\/libreria\/product\/hematologia-manual-basico-razonado-5a-edicion\/","title":{"rendered":"Hematolog\u00eda. Manual b\u00e1sico razonado. 5\u00aa Edici\u00f3n"},"content":{"rendered":"\t\t<div data-elementor-type=\"wp-post\" data-elementor-id=\"14433\" class=\"elementor elementor-14433\">\n\t\t\t\t<div class=\"elementor-element elementor-element-2612b12 e-flex e-con-boxed e-con e-parent\" data-id=\"2612b12\" data-element_type=\"container\" data-e-type=\"container\">\n\t\t\t\t\t<div class=\"e-con-inner\">\n\t\t\n\t\t<div class=\"elementor-element elementor-element-498707ae elementor-widget elementor-widget-text-editor\" data-id=\"498707ae\" data-element_type=\"widget\" data-e-type=\"widget\" data-widget_type=\"text-editor.default\">\n\t\t\t\t<div class=\"elementor-widget-container\">\n\t\t\t\t\t\t\t\t\t<p>Quinta edici\u00f3n que incorpora las diversas novedades que han aparecido desde la publicaci\u00f3n de la edici\u00f3n previa poniendo especial \u00e9nfasis en la nueva clasificaci\u00f3n de las neoplasias hematol\u00f3gicas elaborada por la OMS o los \u00faltimos hallazgos moleculares que tienen implicaciones para el diagn\u00f3stico el pron\u00f3stico y\/o el tratamiento de las enfermedades de la sangre.<\/p><p>Entre las novedades terap\u00e9uticas destacan la consolidaci\u00f3n de la inmunoterapia con la llegada de los inhibidores de los puntos de control inmune los nuevos anticuerpos monoclonales y la terapia celular adoptiva con linfocitos T con receptor de ant\u00edgeno quim\u00e9rico.<\/p><p>Se mantienen los res\u00famenes introductorios que recogen los aspectos m\u00e1s importantes de cada cap\u00edtulo con las llamadas al margen que destacan datos clave.<\/p><p>Esta obra se ha consolidado entre los estudiantes espa\u00f1oles e hispanoamericanos de Medicina y Ciencias Biom\u00e9dicas por su formato diferencial basado en el desarrollo de contenido doctrinal de la hematolog\u00eda en forma de preguntas directas seguidas de una respuesta razonada. Tambi\u00e9n es atractiva para otros profesionales biom\u00e9dicos en formaci\u00f3n y para residentes de las diversas especialidades m\u00e9dicas.<\/p>\t\t\t\t\t\t\t\t<\/div>\n\t\t\t\t<\/div>\n\t\t\t\t\t<\/div>\n\t\t\t\t<\/div>\n\t\t\t\t<\/div>\n\t\t","protected":false},"excerpt":{"rendered":"<p><strong>Autores:<\/strong>\u00a0Jes\u00fas F. San Miguel &amp; Ferm\u00edn S\u00e1nchez-Guijo<br \/>\n<strong>ISBN:<\/strong>\u00a09788491134534<br \/>\n<strong>Editorial:<\/strong>\u00a0Elsevier<br \/>\n<strong>Edici\u00f3n:<\/strong>\u00a05\u00aa<br \/>\n<strong>Especialidad<\/strong>: Hematolog\u00eda<br \/>\n<strong>P\u00e1ginas<\/strong>: 336<br \/>\n\u00a9 2020<\/p>\n","protected":false},"featured_media":14434,"comment_status":"open","ping_status":"open","template":"","meta":{"_joinchat":[]},"product_cat":[124],"product_tag":[85,125],"class_list":{"0":"post-14433","1":"product","2":"type-product","3":"status-publish","4":"has-post-thumbnail","6":"product_cat-hematologia","7":"product_tag-elsevier","8":"product_tag-hematologia","10":"first","11":"instock","12":"featured","13":"taxable","14":"shipping-taxable","15":"purchasable","16":"product-type-simple"},"_links":{"self":[{"href":"https:\/\/edimeinter.com\/libreria\/wp-json\/wp\/v2\/product\/14433","targetHints":{"allow":["GET"]}}],"collection":[{"href":"https:\/\/edimeinter.com\/libreria\/wp-json\/wp\/v2\/product"}],"about":[{"href":"https:\/\/edimeinter.com\/libreria\/wp-json\/wp\/v2\/types\/product"}],"replies":[{"embeddable":true,"href":"https:\/\/edimeinter.com\/libreria\/wp-json\/wp\/v2\/comments?post=14433"}],"version-history":[{"count":4,"href":"https:\/\/edimeinter.com\/libreria\/wp-json\/wp\/v2\/product\/14433\/revisions"}],"predecessor-version":[{"id":14438,"href":"https:\/\/edimeinter.com\/libreria\/wp-json\/wp\/v2\/product\/14433\/revisions\/14438"}],"wp:featuredmedia":[{"embeddable":true,"href":"https:\/\/edimeinter.com\/libreria\/wp-json\/wp\/v2\/media\/14434"}],"wp:attachment":[{"href":"https:\/\/edimeinter.com\/libreria\/wp-json\/wp\/v2\/media?parent=14433"}],"wp:term":[{"taxonomy":"product_cat","embeddable":true,"href":"https:\/\/edimeinter.com\/libreria\/wp-json\/wp\/v2\/product_cat?post=14433"},{"taxonomy":"product_tag","embeddable":true,"href":"https:\/\/edimeinter.com\/libreria\/wp-json\/wp\/v2\/product_tag?post=14433"}],"curies":[{"name":"wp","href":"https:\/\/api.w.org\/{rel}","templated":true}]}}