{"id":14439,"date":"2025-02-24T16:17:39","date_gmt":"2025-02-24T16:17:39","guid":{"rendered":"https:\/\/edimeinter.com\/libreria\/?post_type=product&#038;p=14439"},"modified":"2025-05-08T17:41:32","modified_gmt":"2025-05-08T17:41:32","slug":"tratado-de-dialisis-peritoneal-3a-edicion","status":"publish","type":"product","link":"https:\/\/edimeinter.com\/libreria\/product\/tratado-de-dialisis-peritoneal-3a-edicion\/","title":{"rendered":"Tratado de di\u00e1lisis peritoneal. 3\u00aa Edici\u00f3n"},"content":{"rendered":"\t\t<div data-elementor-type=\"wp-post\" data-elementor-id=\"14439\" class=\"elementor elementor-14439\">\n\t\t\t\t<div class=\"elementor-element elementor-element-2612b12 e-flex e-con-boxed e-con e-parent\" data-id=\"2612b12\" data-element_type=\"container\" data-e-type=\"container\">\n\t\t\t\t\t<div class=\"e-con-inner\">\n\t\t\n\t\t<div class=\"elementor-element elementor-element-498707ae elementor-widget elementor-widget-text-editor\" data-id=\"498707ae\" data-element_type=\"widget\" data-e-type=\"widget\" data-widget_type=\"text-editor.default\">\n\t\t\t\t<div class=\"elementor-widget-container\">\n\t\t\t\t\t\t\t\t\t<p>Tercera edici\u00f3n de la obra de referencia indiscutible en lengua espa\u00f1ola sobre la di\u00e1lisis peritoneal.<\/p><p>Contraindicaciones controvertidas para la di\u00e1lisis peritoneal. Venciendo barreras en la selecci\u00f3n de pacientes; La telemedicina aplicada a la di\u00e1lisis; Hipertensi\u00f3n arterial en la enfermedad renal cr\u00f3nica di\u00e1lisis peritoneal y hemodi\u00e1lisis; Patogenia y manejo de las alteraciones del metabolismo \u00f3seo y mineral en la enfermedad renal cr\u00f3nica y C\u00e1ncer en el paciente en di\u00e1lisis.<\/p><p>Actualizada y ampliada ofrece una vez m\u00e1s un exhaustivo espectro de temas clave para la comprensi\u00f3n y la correcta aplicaci\u00f3n cl\u00ednica de la di\u00e1lisis peritoneal.<\/p><p>Con la colaboraci\u00f3n de m\u00e1s de un centenar de expertos procedentes de Espa\u00f1a Portugal Francia Hispanoam\u00e9rica y Brasil.<\/p><p>Obra que tiene como objetivo dar a conocer la d\u00ed\u00e1lisis peritoneal a aquellos m\u00e9dicos y enfermeras que inician un programa de formaci\u00f3n en esta t\u00e9cnica as\u00ed como servir de texto de consulta y actualizaci\u00f3n para nefr\u00f3logos ya iniciados en la di\u00e1lisis peritoneal.<\/p>\t\t\t\t\t\t\t\t<\/div>\n\t\t\t\t<\/div>\n\t\t\t\t\t<\/div>\n\t\t\t\t<\/div>\n\t\t\t\t<\/div>\n\t\t","protected":false},"excerpt":{"rendered":"<p><strong>Autores:<\/strong>\u00a0Jes\u00fas Montenegro Mart\u00ednez &amp; Ricardo Correa Rotter &amp; Miguel Carlos Riella<br \/>\n<strong>ISBN:<\/strong>\u00a09788491134718<br \/>\n<strong>Editorial:<\/strong>\u00a0Elsevier<br \/>\n<strong>Edici\u00f3n:<\/strong>\u00a03\u00aa<br \/>\n<strong>Especialidad<\/strong>: Nefrolog\u00eda<br \/>\n<strong>P\u00e1ginas<\/strong>: 712<br \/>\n\u00a9 2020<\/p>\n","protected":false},"featured_media":14440,"comment_status":"open","ping_status":"closed","template":"","meta":{"_joinchat":[]},"product_cat":[113],"product_tag":[85,114],"class_list":{"0":"post-14439","1":"product","2":"type-product","3":"status-publish","4":"has-post-thumbnail","6":"product_cat-nefrologia-clinica","7":"product_tag-elsevier","8":"product_tag-nefrologia-clinica","10":"first","11":"instock","12":"featured","13":"taxable","14":"shipping-taxable","15":"purchasable","16":"product-type-simple"},"_links":{"self":[{"href":"https:\/\/edimeinter.com\/libreria\/wp-json\/wp\/v2\/product\/14439","targetHints":{"allow":["GET"]}}],"collection":[{"href":"https:\/\/edimeinter.com\/libreria\/wp-json\/wp\/v2\/product"}],"about":[{"href":"https:\/\/edimeinter.com\/libreria\/wp-json\/wp\/v2\/types\/product"}],"replies":[{"embeddable":true,"href":"https:\/\/edimeinter.com\/libreria\/wp-json\/wp\/v2\/comments?post=14439"}],"version-history":[{"count":5,"href":"https:\/\/edimeinter.com\/libreria\/wp-json\/wp\/v2\/product\/14439\/revisions"}],"predecessor-version":[{"id":16500,"href":"https:\/\/edimeinter.com\/libreria\/wp-json\/wp\/v2\/product\/14439\/revisions\/16500"}],"wp:featuredmedia":[{"embeddable":true,"href":"https:\/\/edimeinter.com\/libreria\/wp-json\/wp\/v2\/media\/14440"}],"wp:attachment":[{"href":"https:\/\/edimeinter.com\/libreria\/wp-json\/wp\/v2\/media?parent=14439"}],"wp:term":[{"taxonomy":"product_cat","embeddable":true,"href":"https:\/\/edimeinter.com\/libreria\/wp-json\/wp\/v2\/product_cat?post=14439"},{"taxonomy":"product_tag","embeddable":true,"href":"https:\/\/edimeinter.com\/libreria\/wp-json\/wp\/v2\/product_tag?post=14439"}],"curies":[{"name":"wp","href":"https:\/\/api.w.org\/{rel}","templated":true}]}}