{"id":14446,"date":"2025-02-24T16:20:40","date_gmt":"2025-02-24T16:20:40","guid":{"rendered":"https:\/\/edimeinter.com\/libreria\/?post_type=product&#038;p=14446"},"modified":"2026-03-17T17:16:23","modified_gmt":"2026-03-17T17:16:23","slug":"embriologia-clinica-11a-edicion","status":"publish","type":"product","link":"https:\/\/edimeinter.com\/libreria\/product\/embriologia-clinica-11a-edicion\/","title":{"rendered":"Embriolog\u00eda cl\u00ednica. 11\u00aa Edici\u00f3n"},"content":{"rendered":"\t\t<div data-elementor-type=\"wp-post\" data-elementor-id=\"14446\" class=\"elementor elementor-14446\">\n\t\t\t\t<div class=\"elementor-element elementor-element-2612b12 e-flex e-con-boxed e-con e-parent\" data-id=\"2612b12\" data-element_type=\"container\" data-e-type=\"container\">\n\t\t\t\t\t<div class=\"e-con-inner\">\n\t\t\n\t\t<div class=\"elementor-element elementor-element-498707ae elementor-widget elementor-widget-text-editor\" data-id=\"498707ae\" data-element_type=\"widget\" data-e-type=\"widget\" data-widget_type=\"text-editor.default\">\n\t\t\t\t<div class=\"elementor-widget-container\">\n\t\t\t\t\t\t\t\t\t<p>Nueva edici\u00f3n del texto de referencia en Embriolog\u00eda que ofrece la descripci\u00f3n m\u00e1s completa y profusamente ilustrada de las etapas del desarrollo humano.<\/p><p>Los cap\u00edtulos est\u00e1n organizados de forma que ofrezcan una aproximaci\u00f3n sistem\u00e1tica y l\u00f3gica que explique c\u00f3mo se desarrollan los embriones. Al final de cada cap\u00edtulo se incluye un resumen de los aspectos clave y se recogen las referencias bibliogr\u00e1ficas correspondientes a los estudios cl\u00e1sico y a las publicaciones de investigaci\u00f3n m\u00e1s recientes.<\/p><p>La nueva edici\u00f3n ha sido totalmente revisada aunque fundamentalmente \u00e9sta se ha realizado en los siguientes niveles: 1) inclusi\u00f3n de mayor cantidad de contenido cl\u00ednico 2) inclusi\u00f3n de un mayor n\u00famero de im\u00e1genes de radiodiagn\u00f3stico (ecograf\u00edas y resonancias tridimensionales) de embriones y fetos que ilustran sus diversos aspectos tridimensionales y 3) incremento de la cobertura de la teratolog\u00eda.<\/p><p>A trav\u00e9s de SC.com la nueva edici\u00f3n ofrece acceso a un conjunto de 18 animaciones locutadas un banco de preguntas de autoevaluaci\u00f3n y problemas con orientaci\u00f3n cl\u00ednica.<\/p>\t\t\t\t\t\t\t\t<\/div>\n\t\t\t\t<\/div>\n\t\t\t\t\t<\/div>\n\t\t\t\t<\/div>\n\t\t\t\t<\/div>\n\t\t","protected":false},"excerpt":{"rendered":"<p><strong>Autores:<\/strong>\u00a0Keith L. Moore &amp; Keith L. Moore &amp; T. V. N. Persaud &amp; Mark G. Torchia<br \/>\n<strong>ISBN:<\/strong>\u00a09788491135906<br \/>\n<strong>Editorial:<\/strong>\u00a0Elsevier<br \/>\n<strong>Edici\u00f3n:<\/strong>\u00a011\u00aa<br \/>\n<strong>Especialidad<\/strong>:\u00a0Embriolog\u00eda<br \/>\n<strong>P\u00e1ginas<\/strong>: 520<br \/>\n\u00a9 2020<\/p>\n","protected":false},"featured_media":14447,"comment_status":"open","ping_status":"closed","template":"","meta":{"_joinchat":[]},"product_cat":[216],"product_tag":[85,217],"class_list":{"0":"post-14446","1":"product","2":"type-product","3":"status-publish","4":"has-post-thumbnail","6":"product_cat-embriologia","7":"product_tag-elsevier","8":"product_tag-embriologia","10":"first","11":"outofstock","12":"featured","13":"taxable","14":"shipping-taxable","15":"purchasable","16":"product-type-simple"},"_links":{"self":[{"href":"https:\/\/edimeinter.com\/libreria\/wp-json\/wp\/v2\/product\/14446","targetHints":{"allow":["GET"]}}],"collection":[{"href":"https:\/\/edimeinter.com\/libreria\/wp-json\/wp\/v2\/product"}],"about":[{"href":"https:\/\/edimeinter.com\/libreria\/wp-json\/wp\/v2\/types\/product"}],"replies":[{"embeddable":true,"href":"https:\/\/edimeinter.com\/libreria\/wp-json\/wp\/v2\/comments?post=14446"}],"version-history":[{"count":6,"href":"https:\/\/edimeinter.com\/libreria\/wp-json\/wp\/v2\/product\/14446\/revisions"}],"predecessor-version":[{"id":17840,"href":"https:\/\/edimeinter.com\/libreria\/wp-json\/wp\/v2\/product\/14446\/revisions\/17840"}],"wp:featuredmedia":[{"embeddable":true,"href":"https:\/\/edimeinter.com\/libreria\/wp-json\/wp\/v2\/media\/14447"}],"wp:attachment":[{"href":"https:\/\/edimeinter.com\/libreria\/wp-json\/wp\/v2\/media?parent=14446"}],"wp:term":[{"taxonomy":"product_cat","embeddable":true,"href":"https:\/\/edimeinter.com\/libreria\/wp-json\/wp\/v2\/product_cat?post=14446"},{"taxonomy":"product_tag","embeddable":true,"href":"https:\/\/edimeinter.com\/libreria\/wp-json\/wp\/v2\/product_tag?post=14446"}],"curies":[{"name":"wp","href":"https:\/\/api.w.org\/{rel}","templated":true}]}}