{"id":14459,"date":"2025-02-24T16:29:50","date_gmt":"2025-02-24T16:29:50","guid":{"rendered":"https:\/\/edimeinter.com\/libreria\/?post_type=product&#038;p=14459"},"modified":"2025-03-12T17:31:08","modified_gmt":"2025-03-12T17:31:08","slug":"medicina-y-cirugia-del-aparato-digestivo-1a-edicion","status":"publish","type":"product","link":"https:\/\/edimeinter.com\/libreria\/product\/medicina-y-cirugia-del-aparato-digestivo-1a-edicion\/","title":{"rendered":"Medicina y cirug\u00eda del aparato digestivo. 1\u00aa Edici\u00f3n"},"content":{"rendered":"\t\t<div data-elementor-type=\"wp-post\" data-elementor-id=\"14459\" class=\"elementor elementor-14459\">\n\t\t\t\t<div class=\"elementor-element elementor-element-2612b12 e-flex e-con-boxed e-con e-parent\" data-id=\"2612b12\" data-element_type=\"container\" data-e-type=\"container\">\n\t\t\t\t\t<div class=\"e-con-inner\">\n\t\t\n\t\t<div class=\"elementor-element elementor-element-498707ae elementor-widget elementor-widget-text-editor\" data-id=\"498707ae\" data-element_type=\"widget\" data-e-type=\"widget\" data-widget_type=\"text-editor.default\">\n\t\t\t\t<div class=\"elementor-widget-container\">\n\t\t\t\t\t\t\t\t\t<p>Obra que nace con el objetivo de convertirse en un texto de referencia guiado por lema de Medicalum: \u00abLa experiencia de aprender de la experiencia\u00bb.<\/p><p>La obra cuenta con la colaboraci\u00f3n de m\u00e1s de 100 autores de Espa\u00f1a y Latinoam\u00e9rica todos ellos con una reconocida trayectoria profesional gran experiencia cl\u00ednica e indiscutible motivaci\u00f3n docente.<\/p><p>Este manual consta de 71 cap\u00edtulos en los que se abordan los principios esenciales de la fisiopatolog\u00eda el diagn\u00f3stico y las estrategias terap\u00e9uticas de las enfermedades cl\u00ednicas y quir\u00fargicas del aparato digestivo. Incluye tambi\u00e9n preguntas de autoevaluaci\u00f3n que garantizan un aprendizaje eficaz.<\/p><p>La obra va dirigida a los estudiantes que cursan el grado en Medicina. As\u00ed mismo es una valiosa fuente de consulta para m\u00e9dicos en formaci\u00f3n y especialistas de las \u00e1reas relacionadas.<\/p>\t\t\t\t\t\t\t\t<\/div>\n\t\t\t\t<\/div>\n\t\t\t\t\t<\/div>\n\t\t\t\t<\/div>\n\t\t\t\t<\/div>\n\t\t","protected":false},"excerpt":{"rendered":"<p><strong>Autores:<\/strong>\u00a0Pedro Antonio Cascales Campos<br \/>\n<strong>ISBN:<\/strong>\u00a09788491136507<br \/>\n<strong>Editorial:<\/strong>\u00a0Elsevier<br \/>\n<strong>Edici\u00f3n:<\/strong>\u00a01\u00aa<br \/>\n<strong>Especialidad<\/strong>:\u00a0Cirug\u00eda General<br \/>\n<strong>P\u00e1ginas<\/strong>: 520<br \/>\n\u00a9 2020<\/p>\n","protected":false},"featured_media":14460,"comment_status":"open","ping_status":"open","template":"","meta":{"_joinchat":[]},"product_cat":[175],"product_tag":[176,85],"class_list":{"0":"post-14459","1":"product","2":"type-product","3":"status-publish","4":"has-post-thumbnail","6":"product_cat-cirugia","7":"product_tag-cirugia","8":"product_tag-elsevier","10":"first","11":"instock","12":"featured","13":"taxable","14":"shipping-taxable","15":"purchasable","16":"product-type-simple"},"_links":{"self":[{"href":"https:\/\/edimeinter.com\/libreria\/wp-json\/wp\/v2\/product\/14459","targetHints":{"allow":["GET"]}}],"collection":[{"href":"https:\/\/edimeinter.com\/libreria\/wp-json\/wp\/v2\/product"}],"about":[{"href":"https:\/\/edimeinter.com\/libreria\/wp-json\/wp\/v2\/types\/product"}],"replies":[{"embeddable":true,"href":"https:\/\/edimeinter.com\/libreria\/wp-json\/wp\/v2\/comments?post=14459"}],"version-history":[{"count":4,"href":"https:\/\/edimeinter.com\/libreria\/wp-json\/wp\/v2\/product\/14459\/revisions"}],"predecessor-version":[{"id":14464,"href":"https:\/\/edimeinter.com\/libreria\/wp-json\/wp\/v2\/product\/14459\/revisions\/14464"}],"wp:featuredmedia":[{"embeddable":true,"href":"https:\/\/edimeinter.com\/libreria\/wp-json\/wp\/v2\/media\/14460"}],"wp:attachment":[{"href":"https:\/\/edimeinter.com\/libreria\/wp-json\/wp\/v2\/media?parent=14459"}],"wp:term":[{"taxonomy":"product_cat","embeddable":true,"href":"https:\/\/edimeinter.com\/libreria\/wp-json\/wp\/v2\/product_cat?post=14459"},{"taxonomy":"product_tag","embeddable":true,"href":"https:\/\/edimeinter.com\/libreria\/wp-json\/wp\/v2\/product_tag?post=14459"}],"curies":[{"name":"wp","href":"https:\/\/api.w.org\/{rel}","templated":true}]}}