{"id":14465,"date":"2025-02-24T16:34:22","date_gmt":"2025-02-24T16:34:22","guid":{"rendered":"https:\/\/edimeinter.com\/libreria\/?post_type=product&#038;p=14465"},"modified":"2025-03-12T17:31:33","modified_gmt":"2025-03-12T17:31:33","slug":"toma-de-decisiones-en-cirugia-6a-edicion","status":"publish","type":"product","link":"https:\/\/edimeinter.com\/libreria\/product\/toma-de-decisiones-en-cirugia-6a-edicion\/","title":{"rendered":"Toma de decisiones en cirug\u00eda. 6\u00aa Edici\u00f3n"},"content":{"rendered":"\t\t<div data-elementor-type=\"wp-post\" data-elementor-id=\"14465\" class=\"elementor elementor-14465\">\n\t\t\t\t<div class=\"elementor-element elementor-element-2612b12 e-flex e-con-boxed e-con e-parent\" data-id=\"2612b12\" data-element_type=\"container\" data-e-type=\"container\">\n\t\t\t\t\t<div class=\"e-con-inner\">\n\t\t\n\t\t<div class=\"elementor-element elementor-element-498707ae elementor-widget elementor-widget-text-editor\" data-id=\"498707ae\" data-element_type=\"widget\" data-e-type=\"widget\" data-widget_type=\"text-editor.default\">\n\t\t\t\t<div class=\"elementor-widget-container\">\n\t\t\t\t\t\t\t\t\t<p>Obra con un enfoque pr\u00e1ctico y de probada eficacia consistente en el uso de algoritmos de f\u00e1cil comprensi\u00f3n que abarca los m\u00e1s relevantes protocolos y gu\u00edas basadas en la evidencia para la toma de decisiones en cirug\u00eda.<\/p><p>Contiene 58 cap\u00edtulos nuevos e informaci\u00f3n exhaustivamente actualizada en todos los cap\u00edtulos. Aborda nuevos temas como la evaluaci\u00f3n preoperatoria del paciente geri\u00e1trico la neoplasia del p\u00e1ncreas el c\u00e1ncer de mama hereditario el uso del bal\u00f3n de resucitaci\u00f3n endovascular y el traumatismo cerebrovascular cerrado entre muchos otros.<\/p><p>Sigue un formato sistem\u00e1tico y de f\u00e1cil comprensi\u00f3n con algoritmos y texto explicativo en p\u00e1ginas encaradas; cada paso del proceso de decisi\u00f3n est\u00e1 perfectamente identificado mediante una letra (A B C erc.) tanto en el propio algoritmo como en el texto explicativo.<\/p><p>Incluye notas aclaratoriasque resumen signos y s\u00edntomas pruebas de laboratorio modalidades diagn\u00f3sticas tratamientos quir\u00fargicos y terapias complementarias para cada trastorno.<\/p>\t\t\t\t\t\t\t\t<\/div>\n\t\t\t\t<\/div>\n\t\t\t\t\t<\/div>\n\t\t\t\t<\/div>\n\t\t\t\t<\/div>\n\t\t","protected":false},"excerpt":{"rendered":"<p><strong>Autores:<\/strong>\u00a0Robert C. McIntyre &amp; Richard D. Schulick<br \/>\n<strong>ISBN:<\/strong>\u00a09788491136613<br \/>\n<strong>Editorial:<\/strong>\u00a0Elsevier<br \/>\n<strong>Edici\u00f3n:<\/strong>\u00a06\u00aa<br \/>\n<strong>Especialidad<\/strong>:\u00a0Cirug\u00eda General<br \/>\n<strong>P\u00e1ginas<\/strong>: 504<br \/>\n\u00a9 2020<\/p>\n","protected":false},"featured_media":14466,"comment_status":"open","ping_status":"open","template":"","meta":{"_joinchat":[]},"product_cat":[175],"product_tag":[176,85],"class_list":{"0":"post-14465","1":"product","2":"type-product","3":"status-publish","4":"has-post-thumbnail","6":"product_cat-cirugia","7":"product_tag-cirugia","8":"product_tag-elsevier","10":"first","11":"outofstock","12":"featured","13":"taxable","14":"shipping-taxable","15":"purchasable","16":"product-type-simple"},"_links":{"self":[{"href":"https:\/\/edimeinter.com\/libreria\/wp-json\/wp\/v2\/product\/14465","targetHints":{"allow":["GET"]}}],"collection":[{"href":"https:\/\/edimeinter.com\/libreria\/wp-json\/wp\/v2\/product"}],"about":[{"href":"https:\/\/edimeinter.com\/libreria\/wp-json\/wp\/v2\/types\/product"}],"replies":[{"embeddable":true,"href":"https:\/\/edimeinter.com\/libreria\/wp-json\/wp\/v2\/comments?post=14465"}],"version-history":[{"count":4,"href":"https:\/\/edimeinter.com\/libreria\/wp-json\/wp\/v2\/product\/14465\/revisions"}],"predecessor-version":[{"id":14470,"href":"https:\/\/edimeinter.com\/libreria\/wp-json\/wp\/v2\/product\/14465\/revisions\/14470"}],"wp:featuredmedia":[{"embeddable":true,"href":"https:\/\/edimeinter.com\/libreria\/wp-json\/wp\/v2\/media\/14466"}],"wp:attachment":[{"href":"https:\/\/edimeinter.com\/libreria\/wp-json\/wp\/v2\/media?parent=14465"}],"wp:term":[{"taxonomy":"product_cat","embeddable":true,"href":"https:\/\/edimeinter.com\/libreria\/wp-json\/wp\/v2\/product_cat?post=14465"},{"taxonomy":"product_tag","embeddable":true,"href":"https:\/\/edimeinter.com\/libreria\/wp-json\/wp\/v2\/product_tag?post=14465"}],"curies":[{"name":"wp","href":"https:\/\/api.w.org\/{rel}","templated":true}]}}