{"id":14471,"date":"2025-02-24T16:39:10","date_gmt":"2025-02-24T16:39:10","guid":{"rendered":"https:\/\/edimeinter.com\/libreria\/?post_type=product&#038;p=14471"},"modified":"2025-03-12T17:32:02","modified_gmt":"2025-03-12T17:32:02","slug":"biomarcadores-en-enfermedades-cardiovasculares-1a-edicion","status":"publish","type":"product","link":"https:\/\/edimeinter.com\/libreria\/product\/biomarcadores-en-enfermedades-cardiovasculares-1a-edicion\/","title":{"rendered":"Biomarcadores en enfermedades cardiovasculares. 1\u00aa Edici\u00f3n"},"content":{"rendered":"\t\t<div data-elementor-type=\"wp-post\" data-elementor-id=\"14471\" class=\"elementor elementor-14471\">\n\t\t\t\t<div class=\"elementor-element elementor-element-2612b12 e-flex e-con-boxed e-con e-parent\" data-id=\"2612b12\" data-element_type=\"container\" data-e-type=\"container\">\n\t\t\t\t\t<div class=\"e-con-inner\">\n\t\t\n\t\t<div class=\"elementor-element elementor-element-498707ae elementor-widget elementor-widget-text-editor\" data-id=\"498707ae\" data-element_type=\"widget\" data-e-type=\"widget\" data-widget_type=\"text-editor.default\">\n\t\t\t\t<div class=\"elementor-widget-container\">\n\t\t\t\t\t\t\t\t\t<p>Obra que aborda los est\u00e1ndares de laboratorio y la interpretaci\u00f3n estad\u00edstica de biomarcadores con un enfoque cl\u00ednicos.<\/p><p>Los avances tecnol\u00f3gicos y la aparici\u00f3n de nuevos campos como la gen\u00f3mica la prote\u00f3mica y la metabol\u00f3mica han aportado nuevos conocimientos y estimulantes oportunidades para el manejo de las ECV. En este libro un destacado grupo de autores revisa y aporta su experiencia en el uso de los biomarcadores en el manejo de diversos aspectos de las ECV.<\/p><p>Los temas tratados incluyen m\u00e9todos estad\u00edsticos para la evaluaci\u00f3n de los biomarcadores; normas y metodolog\u00eda de laboratorio; biomarcadores y factores de riesgo cardiovascular tradicionales; evaluaci\u00f3n de los s\u00edntomas en el servicio de urgencias; manejo de diversas ECV frecuentes como s\u00edndromes coronarios agudos insuficiencia card\u00edaca y tromboembolia venosa y monitorizaci\u00f3n del tratamiento antiagregante plaquetario.<\/p><p>Los autores tambi\u00e9n presentan a los lectores la prote\u00f3mica la gen\u00f3mica y la metabol\u00f3mica y se revisan las perspectivas futuras en esta \u00e1rea.<\/p>\t\t\t\t\t\t\t\t<\/div>\n\t\t\t\t<\/div>\n\t\t\t\t\t<\/div>\n\t\t\t\t<\/div>\n\t\t\t\t<\/div>\n\t\t","protected":false},"excerpt":{"rendered":"<p><strong>Autores:<\/strong>\u00a0Vijay Nambi<br \/>\n<strong>ISBN:<\/strong>\u00a09788491135609<br \/>\n<strong>Editorial:<\/strong>\u00a0Elsevier<br \/>\n<strong>Edici\u00f3n:<\/strong>\u00a01\u00aa<br \/>\n<strong>Especialidad<\/strong>: Cardiolog\u00eda<br \/>\n<strong>P\u00e1ginas<\/strong>: 200<br \/>\n\u00a9 2020<\/p>\n","protected":false},"featured_media":14472,"comment_status":"open","ping_status":"open","template":"","meta":{"_joinchat":[]},"product_cat":[181],"product_tag":[182,85],"class_list":{"0":"post-14471","1":"product","2":"type-product","3":"status-publish","4":"has-post-thumbnail","6":"product_cat-cardiologia-y-cirugia-vascular","7":"product_tag-cardiologia-y-cirugia-vascular","8":"product_tag-elsevier","10":"first","11":"instock","12":"featured","13":"taxable","14":"shipping-taxable","15":"purchasable","16":"product-type-simple"},"_links":{"self":[{"href":"https:\/\/edimeinter.com\/libreria\/wp-json\/wp\/v2\/product\/14471","targetHints":{"allow":["GET"]}}],"collection":[{"href":"https:\/\/edimeinter.com\/libreria\/wp-json\/wp\/v2\/product"}],"about":[{"href":"https:\/\/edimeinter.com\/libreria\/wp-json\/wp\/v2\/types\/product"}],"replies":[{"embeddable":true,"href":"https:\/\/edimeinter.com\/libreria\/wp-json\/wp\/v2\/comments?post=14471"}],"version-history":[{"count":4,"href":"https:\/\/edimeinter.com\/libreria\/wp-json\/wp\/v2\/product\/14471\/revisions"}],"predecessor-version":[{"id":14476,"href":"https:\/\/edimeinter.com\/libreria\/wp-json\/wp\/v2\/product\/14471\/revisions\/14476"}],"wp:featuredmedia":[{"embeddable":true,"href":"https:\/\/edimeinter.com\/libreria\/wp-json\/wp\/v2\/media\/14472"}],"wp:attachment":[{"href":"https:\/\/edimeinter.com\/libreria\/wp-json\/wp\/v2\/media?parent=14471"}],"wp:term":[{"taxonomy":"product_cat","embeddable":true,"href":"https:\/\/edimeinter.com\/libreria\/wp-json\/wp\/v2\/product_cat?post=14471"},{"taxonomy":"product_tag","embeddable":true,"href":"https:\/\/edimeinter.com\/libreria\/wp-json\/wp\/v2\/product_tag?post=14471"}],"curies":[{"name":"wp","href":"https:\/\/api.w.org\/{rel}","templated":true}]}}