{"id":14483,"date":"2025-02-24T16:50:27","date_gmt":"2025-02-24T16:50:27","guid":{"rendered":"https:\/\/edimeinter.com\/libreria\/?post_type=product&#038;p=14483"},"modified":"2025-07-03T17:02:28","modified_gmt":"2025-07-03T17:02:28","slug":"bioquimica-clinica-texto-y-atlas-en-color-6a-edicion","status":"publish","type":"product","link":"https:\/\/edimeinter.com\/libreria\/product\/bioquimica-clinica-texto-y-atlas-en-color-6a-edicion\/","title":{"rendered":"Bioqu\u00edmica cl\u00ednica. Texto y atlas en color. 6\u00aa Edici\u00f3n"},"content":{"rendered":"\t\t<div data-elementor-type=\"wp-post\" data-elementor-id=\"14483\" class=\"elementor elementor-14483\">\n\t\t\t\t<div class=\"elementor-element elementor-element-2612b12 e-flex e-con-boxed e-con e-parent\" data-id=\"2612b12\" data-element_type=\"container\" data-e-type=\"container\">\n\t\t\t\t\t<div class=\"e-con-inner\">\n\t\t\n\t\t<div class=\"elementor-element elementor-element-498707ae elementor-widget elementor-widget-text-editor\" data-id=\"498707ae\" data-element_type=\"widget\" data-e-type=\"widget\" data-widget_type=\"text-editor.default\">\n\t\t\t\t<div class=\"elementor-widget-container\">\n\t\t\t\t\t\t\t\t\t<p>Obra que se organiza en diferentes \u00abunidades de aprendizaje\u00bb con un dise\u00f1o a doble p\u00e1gina que presentan de forma clara y concisa los aspectos fundamentales de la bioqu\u00edmica cl\u00ednica.<\/p><p>Se han examinado y actualizado todas las unidades de aprendizaje para reflejar los avances m\u00e1s recientes y la mejor pr\u00e1ctica cl\u00ednica. El material nuevo incluye nueva informaci\u00f3n sobre la interpretaci\u00f3n y los aspectos anal\u00edticos de la bioqu\u00edmica cl\u00ednica as\u00ed como un tratamiento en mayor profundidad de los l\u00edquidos corporales. Adem\u00e1s se incorporan unos cuadros titulados \u00ab\u00bfQuiere saber m\u00e1s? en los que se a\u00f1aden links a p\u00e1ginas de inter\u00e9s.<\/p><p>La nueva edici\u00f3n sigue destacando por su alto valor did\u00e1ctico no solo por su capacidad de s\u00edntesis sino por los recuadros de notas cl\u00ednicas de utilizaci\u00f3n pr\u00e1ctica en el laboratorio y de casos cl\u00ednicos. Se incluyen adem\u00e1s tablas y esquemas para que la cantidad de texto sea la menor posible y el libro cumpla con la tipolog\u00eda de atlas.<\/p><p>El libro cuenta con acceso a un banco de preguntas de autoevaluaci\u00f3n disponibles en SC.com (contenido en ingl\u00e9s).<\/p>\t\t\t\t\t\t\t\t<\/div>\n\t\t\t\t<\/div>\n\t\t\t\t\t<\/div>\n\t\t\t\t<\/div>\n\t\t\t\t<\/div>\n\t\t","protected":false},"excerpt":{"rendered":"<p><strong>Autores:<\/strong>\u00a0Michael Murphy &amp; Rajeev Srivastava &amp; Kevin Deans<br \/>\n<strong>ISBN:<\/strong>\u00a09788491136286<br \/>\n<strong>Editorial:<\/strong>\u00a0Elsevier<br \/>\n<strong>Edici\u00f3n:<\/strong>\u00a06\u00aa<br \/>\n<strong>Especialidad<\/strong>: Bioqu\u00edmica<br \/>\n<strong>P\u00e1ginas<\/strong>: 192<br \/>\n\u00a9 2020<\/p>\n","protected":false},"featured_media":14484,"comment_status":"open","ping_status":"closed","template":"","meta":{"_joinchat":[]},"product_cat":[90],"product_tag":[91,85,174],"class_list":{"0":"post-14483","1":"product","2":"type-product","3":"status-publish","4":"has-post-thumbnail","6":"product_cat-bioquimica","7":"product_tag-bioquimica","8":"product_tag-elsevier","9":"product_tag-outlet","11":"first","12":"outofstock","13":"sale","14":"featured","15":"taxable","16":"shipping-taxable","17":"purchasable","18":"product-type-simple"},"_links":{"self":[{"href":"https:\/\/edimeinter.com\/libreria\/wp-json\/wp\/v2\/product\/14483","targetHints":{"allow":["GET"]}}],"collection":[{"href":"https:\/\/edimeinter.com\/libreria\/wp-json\/wp\/v2\/product"}],"about":[{"href":"https:\/\/edimeinter.com\/libreria\/wp-json\/wp\/v2\/types\/product"}],"replies":[{"embeddable":true,"href":"https:\/\/edimeinter.com\/libreria\/wp-json\/wp\/v2\/comments?post=14483"}],"version-history":[{"count":5,"href":"https:\/\/edimeinter.com\/libreria\/wp-json\/wp\/v2\/product\/14483\/revisions"}],"predecessor-version":[{"id":16881,"href":"https:\/\/edimeinter.com\/libreria\/wp-json\/wp\/v2\/product\/14483\/revisions\/16881"}],"wp:featuredmedia":[{"embeddable":true,"href":"https:\/\/edimeinter.com\/libreria\/wp-json\/wp\/v2\/media\/14484"}],"wp:attachment":[{"href":"https:\/\/edimeinter.com\/libreria\/wp-json\/wp\/v2\/media?parent=14483"}],"wp:term":[{"taxonomy":"product_cat","embeddable":true,"href":"https:\/\/edimeinter.com\/libreria\/wp-json\/wp\/v2\/product_cat?post=14483"},{"taxonomy":"product_tag","embeddable":true,"href":"https:\/\/edimeinter.com\/libreria\/wp-json\/wp\/v2\/product_tag?post=14483"}],"curies":[{"name":"wp","href":"https:\/\/api.w.org\/{rel}","templated":true}]}}