{"id":14501,"date":"2025-02-24T17:05:29","date_gmt":"2025-02-24T17:05:29","guid":{"rendered":"https:\/\/edimeinter.com\/libreria\/?post_type=product&#038;p=14501"},"modified":"2025-03-12T17:42:18","modified_gmt":"2025-03-12T17:42:18","slug":"tecnicas-basicas-de-laboratorio-en-inmunologia-clinica-1a-edicion","status":"publish","type":"product","link":"https:\/\/edimeinter.com\/libreria\/product\/tecnicas-basicas-de-laboratorio-en-inmunologia-clinica-1a-edicion\/","title":{"rendered":"T\u00e9cnicas b\u00e1sicas de laboratorio en inmunolog\u00eda cl\u00ednica. 1\u00aa Edici\u00f3n"},"content":{"rendered":"\t\t<div data-elementor-type=\"wp-post\" data-elementor-id=\"14501\" class=\"elementor elementor-14501\">\n\t\t\t\t<div class=\"elementor-element elementor-element-2612b12 e-flex e-con-boxed e-con e-parent\" data-id=\"2612b12\" data-element_type=\"container\" data-e-type=\"container\">\n\t\t\t\t\t<div class=\"e-con-inner\">\n\t\t\n\t\t<div class=\"elementor-element elementor-element-498707ae elementor-widget elementor-widget-text-editor\" data-id=\"498707ae\" data-element_type=\"widget\" data-e-type=\"widget\" data-widget_type=\"text-editor.default\">\n\t\t\t\t<div class=\"elementor-widget-container\">\n\t\t\t\t\t\t\t\t\t<p>Proporciona el conocimiento suficiente sobre las t\u00e9cnicas b\u00e1sicas del laboratorio en la inmunolog\u00eda cl\u00ednica para los m\u00e9dicos que no est\u00e1n implicados en la asistencia directa del paciente.<\/p><p>Incorpora el contenido de los cap\u00edtulos m\u00e1s relevantes del tratado\u00a0<em>Inmunolog\u00eda cl\u00ednica. Principios y pr\u00e1ctica\u00a0<\/em>que aportan de forma concisa las tecnolog\u00edas b\u00e1sicas de la inmunolog\u00eda cl\u00ednica de especial inter\u00e9s para pat\u00f3logos cl\u00ednicos e inmun\u00f3logos que intervienen en investigaci\u00f3n traslacional utilizando las herramientas de laboratorio esenciales del inmun\u00f3logo cl\u00ednico.<\/p><p>Los cap\u00edtulos seleccionados abordan los contenidos sobre evaluaci\u00f3n gen\u00f3mica citometr\u00edas de flujo evaluaciones in vitro de las funciones linfocitarias y neutr\u00f3fila herramientas para el estudio in vitro de las enfermedades al\u00e9rgicas y evaluaci\u00f3n de los pacientes con sospecha de inmunodeficiencia.<\/p>\t\t\t\t\t\t\t\t<\/div>\n\t\t\t\t<\/div>\n\t\t\t\t\t<\/div>\n\t\t\t\t<\/div>\n\t\t\t\t<\/div>\n\t\t","protected":false},"excerpt":{"rendered":"<p><strong>Autores:<\/strong>\u00a0Robert R. Rich<br \/>\n<strong>ISBN:<\/strong>\u00a09788491136620<br \/>\n<strong>Editorial:<\/strong>\u00a0Elsevier<br \/>\n<strong>Edici\u00f3n:<\/strong>\u00a01\u00aa<br \/>\n<strong>Especialidad<\/strong>: Laboratorio Cl\u00ednico<br \/>\n<strong>P\u00e1ginas<\/strong>: 144<br \/>\n\u00a9 2019<\/p>\n","protected":false},"featured_media":14502,"comment_status":"open","ping_status":"open","template":"","meta":{"_joinchat":[]},"product_cat":[136],"product_tag":[85,137],"class_list":{"0":"post-14501","1":"product","2":"type-product","3":"status-publish","4":"has-post-thumbnail","6":"product_cat-laboratorio-clinico","7":"product_tag-elsevier","8":"product_tag-laboratorio-clinico","10":"first","11":"instock","12":"featured","13":"taxable","14":"shipping-taxable","15":"purchasable","16":"product-type-simple"},"_links":{"self":[{"href":"https:\/\/edimeinter.com\/libreria\/wp-json\/wp\/v2\/product\/14501","targetHints":{"allow":["GET"]}}],"collection":[{"href":"https:\/\/edimeinter.com\/libreria\/wp-json\/wp\/v2\/product"}],"about":[{"href":"https:\/\/edimeinter.com\/libreria\/wp-json\/wp\/v2\/types\/product"}],"replies":[{"embeddable":true,"href":"https:\/\/edimeinter.com\/libreria\/wp-json\/wp\/v2\/comments?post=14501"}],"version-history":[{"count":4,"href":"https:\/\/edimeinter.com\/libreria\/wp-json\/wp\/v2\/product\/14501\/revisions"}],"predecessor-version":[{"id":14506,"href":"https:\/\/edimeinter.com\/libreria\/wp-json\/wp\/v2\/product\/14501\/revisions\/14506"}],"wp:featuredmedia":[{"embeddable":true,"href":"https:\/\/edimeinter.com\/libreria\/wp-json\/wp\/v2\/media\/14502"}],"wp:attachment":[{"href":"https:\/\/edimeinter.com\/libreria\/wp-json\/wp\/v2\/media?parent=14501"}],"wp:term":[{"taxonomy":"product_cat","embeddable":true,"href":"https:\/\/edimeinter.com\/libreria\/wp-json\/wp\/v2\/product_cat?post=14501"},{"taxonomy":"product_tag","embeddable":true,"href":"https:\/\/edimeinter.com\/libreria\/wp-json\/wp\/v2\/product_tag?post=14501"}],"curies":[{"name":"wp","href":"https:\/\/api.w.org\/{rel}","templated":true}]}}