{"id":14519,"date":"2025-02-24T17:30:28","date_gmt":"2025-02-24T17:30:28","guid":{"rendered":"https:\/\/edimeinter.com\/libreria\/?post_type=product&#038;p=14519"},"modified":"2025-03-12T17:45:39","modified_gmt":"2025-03-12T17:45:39","slug":"creasy-resnik-medicina-maternofetal-8a-edicion","status":"publish","type":"product","link":"https:\/\/edimeinter.com\/libreria\/product\/creasy-resnik-medicina-maternofetal-8a-edicion\/","title":{"rendered":"Creasy &amp; Resnik. Medicina maternofetal. 8\u00aa Edici\u00f3n"},"content":{"rendered":"\t\t<div data-elementor-type=\"wp-post\" data-elementor-id=\"14519\" class=\"elementor elementor-14519\">\n\t\t\t\t<div class=\"elementor-element elementor-element-2612b12 e-flex e-con-boxed e-con e-parent\" data-id=\"2612b12\" data-element_type=\"container\" data-e-type=\"container\">\n\t\t\t\t\t<div class=\"e-con-inner\">\n\t\t\n\t\t<div class=\"elementor-element elementor-element-498707ae elementor-widget elementor-widget-text-editor\" data-id=\"498707ae\" data-element_type=\"widget\" data-e-type=\"widget\" data-widget_type=\"text-editor.default\">\n\t\t\t\t<div class=\"elementor-widget-container\">\n\t\t\t\t\t\t\t\t\t<p>\u00daltimas directrices basadas en la evidencia para el manejo obst\u00e9trico y neonatal que ayudan al profesional a reducir al m\u00ednimo las complicaciones y ofrecer a los pacientes la mejor atenci\u00f3n posible.<\/p><p>Ofrece actualizaciones exhaustivas sobre temas en r\u00e1pida evoluci\u00f3n como una secci\u00f3n completamente revisada sobre gen\u00e9tica y t\u00e9cnicas gen\u00e9ticas para el diagn\u00f3stico prenatal y otra secci\u00f3n ampliada sobre t\u00e9cnicas de imagen que contiene nuevos v\u00eddeos de im\u00e1genes abdominales urogenitales y esquel\u00e9ticas.<\/p><p>Contiene numerosos algoritmos para acceder r\u00e1pidamente a los protocolos de diagn\u00f3stico y tratamiento y para aclarar los temas m\u00e1s complejos.<\/p><p>Incluye acceso al ebook en ingl\u00e9s en ExpertConsult. Contenido electr\u00f3nico enriquecido que permite hacer b\u00fasquedas en todo el texto las figuras y las referencias del libro desde diversos dispositivos.<\/p>\t\t\t\t\t\t\t\t<\/div>\n\t\t\t\t<\/div>\n\t\t\t\t\t<\/div>\n\t\t\t\t<\/div>\n\t\t\t\t<\/div>\n\t\t","protected":false},"excerpt":{"rendered":"<p><strong>Autores:<\/strong>\u00a0Robert Resnik &amp; Charles J. Lockwood &amp; Thomas Moore &amp; Michael F Greene &amp; Joshua Copel &amp; Robert M Silver<br \/>\n<strong>ISBN:<\/strong>\u00a09788491135500<br \/>\n<strong>Editorial:<\/strong>\u00a0Elsevier<br \/>\n<strong>Edici\u00f3n:<\/strong>\u00a08\u00aa<br \/>\n<strong>Especialidad<\/strong>: Ginecolog\u00eda y Obstetricia<br \/>\n<strong>P\u00e1ginas<\/strong>: 1408<br \/>\n\u00a9 2019<\/p>\n","protected":false},"featured_media":14520,"comment_status":"open","ping_status":"open","template":"","meta":{"_joinchat":[]},"product_cat":[104],"product_tag":[85,105],"class_list":{"0":"post-14519","1":"product","2":"type-product","3":"status-publish","4":"has-post-thumbnail","6":"product_cat-ginecologia-y-obstetricia","7":"product_tag-elsevier","8":"product_tag-ginecologia-y-obstetricia","10":"first","11":"instock","12":"featured","13":"taxable","14":"shipping-taxable","15":"purchasable","16":"product-type-simple"},"_links":{"self":[{"href":"https:\/\/edimeinter.com\/libreria\/wp-json\/wp\/v2\/product\/14519","targetHints":{"allow":["GET"]}}],"collection":[{"href":"https:\/\/edimeinter.com\/libreria\/wp-json\/wp\/v2\/product"}],"about":[{"href":"https:\/\/edimeinter.com\/libreria\/wp-json\/wp\/v2\/types\/product"}],"replies":[{"embeddable":true,"href":"https:\/\/edimeinter.com\/libreria\/wp-json\/wp\/v2\/comments?post=14519"}],"version-history":[{"count":4,"href":"https:\/\/edimeinter.com\/libreria\/wp-json\/wp\/v2\/product\/14519\/revisions"}],"predecessor-version":[{"id":14524,"href":"https:\/\/edimeinter.com\/libreria\/wp-json\/wp\/v2\/product\/14519\/revisions\/14524"}],"wp:featuredmedia":[{"embeddable":true,"href":"https:\/\/edimeinter.com\/libreria\/wp-json\/wp\/v2\/media\/14520"}],"wp:attachment":[{"href":"https:\/\/edimeinter.com\/libreria\/wp-json\/wp\/v2\/media?parent=14519"}],"wp:term":[{"taxonomy":"product_cat","embeddable":true,"href":"https:\/\/edimeinter.com\/libreria\/wp-json\/wp\/v2\/product_cat?post=14519"},{"taxonomy":"product_tag","embeddable":true,"href":"https:\/\/edimeinter.com\/libreria\/wp-json\/wp\/v2\/product_tag?post=14519"}],"curies":[{"name":"wp","href":"https:\/\/api.w.org\/{rel}","templated":true}]}}