{"id":14525,"date":"2025-02-24T17:39:52","date_gmt":"2025-02-24T17:39:52","guid":{"rendered":"https:\/\/edimeinter.com\/libreria\/?post_type=product&#038;p=14525"},"modified":"2025-03-12T17:46:01","modified_gmt":"2025-03-12T17:46:01","slug":"enfermedades-gastrointestinales-e-infecciones-asociadas-1a-edicion","status":"publish","type":"product","link":"https:\/\/edimeinter.com\/libreria\/product\/enfermedades-gastrointestinales-e-infecciones-asociadas-1a-edicion\/","title":{"rendered":"Enfermedades gastrointestinales e infecciones asociadas. 1\u00aa Edici\u00f3n"},"content":{"rendered":"\t\t<div data-elementor-type=\"wp-post\" data-elementor-id=\"14525\" class=\"elementor elementor-14525\">\n\t\t\t\t<div class=\"elementor-element elementor-element-2612b12 e-flex e-con-boxed e-con e-parent\" data-id=\"2612b12\" data-element_type=\"container\" data-e-type=\"container\">\n\t\t\t\t\t<div class=\"e-con-inner\">\n\t\t\n\t\t<div class=\"elementor-element elementor-element-498707ae elementor-widget elementor-widget-text-editor\" data-id=\"498707ae\" data-element_type=\"widget\" data-e-type=\"widget\" data-widget_type=\"text-editor.default\">\n\t\t\t\t<div class=\"elementor-widget-container\">\n\t\t\t\t\t\t\t\t\t<p>Obra que permite realizar una apuesta al d\u00eda describiendo el estado de los tratamientos m\u00e1s eficaces disponibles en la actualidad para el adecuado manejo de las principales enfermedades infecciosas del sistema gastrointestinal.<\/p><p>Ayuda al lector a conocer las bacterias del aparato digestivo su papel en el desarrollo de infecciones locales as\u00ed como la creciente implicaci\u00f3n de muestra microbiota intestinal en la fisiopatolog\u00eda de algunas enfermedades digestivas y extradigestivas.<\/p><p>Este texto ayuda a los profesionales a superar los retos cl\u00ednicos m\u00e1s complejos y a recurrir a las t\u00e9cnicas y tratamientos m\u00e1s novedosos.<\/p><p>Este recurso que cubre una amplia gama de enfermedades gastrointestinales benignas y malignas proporciona una visi\u00f3n general del campo. De uso imprescindible para todos los gastroenter\u00f3logos y especialistas en enfermedades infecciosas.<\/p>\t\t\t\t\t\t\t\t<\/div>\n\t\t\t\t<\/div>\n\t\t\t\t\t<\/div>\n\t\t\t\t<\/div>\n\t\t\t\t<\/div>\n\t\t","protected":false},"excerpt":{"rendered":"<p><strong>Autores:<\/strong>\u00a0Guy D. Eslick<br \/>\n<strong>ISBN:<\/strong>\u00a09788491137290<br \/>\n<strong>Editorial:<\/strong>\u00a0Elsevier<br \/>\n<strong>Edici\u00f3n:<\/strong>\u00a01\u00aa<br \/>\n<strong>Especialidad<\/strong>: Gastroenterolog\u00eda<br \/>\n<strong>P\u00e1ginas<\/strong>: 288<br \/>\n\u00a9 2020<\/p>\n","protected":false},"featured_media":14526,"comment_status":"open","ping_status":"open","template":"","meta":{"_joinchat":[]},"product_cat":[168],"product_tag":[85,169],"class_list":{"0":"post-14525","1":"product","2":"type-product","3":"status-publish","4":"has-post-thumbnail","6":"product_cat-gastroenterologia","7":"product_tag-elsevier","8":"product_tag-gastroenterologia","10":"first","11":"instock","12":"featured","13":"taxable","14":"shipping-taxable","15":"purchasable","16":"product-type-simple"},"_links":{"self":[{"href":"https:\/\/edimeinter.com\/libreria\/wp-json\/wp\/v2\/product\/14525","targetHints":{"allow":["GET"]}}],"collection":[{"href":"https:\/\/edimeinter.com\/libreria\/wp-json\/wp\/v2\/product"}],"about":[{"href":"https:\/\/edimeinter.com\/libreria\/wp-json\/wp\/v2\/types\/product"}],"replies":[{"embeddable":true,"href":"https:\/\/edimeinter.com\/libreria\/wp-json\/wp\/v2\/comments?post=14525"}],"version-history":[{"count":4,"href":"https:\/\/edimeinter.com\/libreria\/wp-json\/wp\/v2\/product\/14525\/revisions"}],"predecessor-version":[{"id":14530,"href":"https:\/\/edimeinter.com\/libreria\/wp-json\/wp\/v2\/product\/14525\/revisions\/14530"}],"wp:featuredmedia":[{"embeddable":true,"href":"https:\/\/edimeinter.com\/libreria\/wp-json\/wp\/v2\/media\/14526"}],"wp:attachment":[{"href":"https:\/\/edimeinter.com\/libreria\/wp-json\/wp\/v2\/media?parent=14525"}],"wp:term":[{"taxonomy":"product_cat","embeddable":true,"href":"https:\/\/edimeinter.com\/libreria\/wp-json\/wp\/v2\/product_cat?post=14525"},{"taxonomy":"product_tag","embeddable":true,"href":"https:\/\/edimeinter.com\/libreria\/wp-json\/wp\/v2\/product_tag?post=14525"}],"curies":[{"name":"wp","href":"https:\/\/api.w.org\/{rel}","templated":true}]}}