{"id":14531,"date":"2025-02-24T17:44:25","date_gmt":"2025-02-24T17:44:25","guid":{"rendered":"https:\/\/edimeinter.com\/libreria\/?post_type=product&#038;p=14531"},"modified":"2025-03-12T17:46:41","modified_gmt":"2025-03-12T17:46:41","slug":"chestnut-anestesia-obstetrica-principios-y-practica-6a-edicion","status":"publish","type":"product","link":"https:\/\/edimeinter.com\/libreria\/product\/chestnut-anestesia-obstetrica-principios-y-practica-6a-edicion\/","title":{"rendered":"Chestnut. Anestesia obst\u00e9trica. Principios y pr\u00e1ctica. 6\u00aa Edici\u00f3n"},"content":{"rendered":"\t\t<div data-elementor-type=\"wp-post\" data-elementor-id=\"14531\" class=\"elementor elementor-14531\">\n\t\t\t\t<div class=\"elementor-element elementor-element-2612b12 e-flex e-con-boxed e-con e-parent\" data-id=\"2612b12\" data-element_type=\"container\" data-e-type=\"container\">\n\t\t\t\t\t<div class=\"e-con-inner\">\n\t\t\n\t\t<div class=\"elementor-element elementor-element-498707ae elementor-widget elementor-widget-text-editor\" data-id=\"498707ae\" data-element_type=\"widget\" data-e-type=\"widget\" data-widget_type=\"text-editor.default\">\n\t\t\t\t<div class=\"elementor-widget-container\">\n\t\t\t\t\t\t\t\t\t<p>Con un planteamiento integral de f\u00e1cil manejo y plenamente actualizada la sexta edici\u00f3n de Chestnut. Anestesia obst\u00e9trica. Principios y pr\u00e1ctica ofrece la informaci\u00f3n cl\u00ednica m\u00e1s acreditada necesaria para prestar una asistencia \u00f3ptima a las pacientes. Esta edici\u00f3n completamente revisada permite estar al d\u00eda sobre todos los aspectos relacionados con la anestesia obst\u00e9trica desde los fundamentos cient\u00edficos b\u00e1sicos hasta las t\u00e9cnicas anest\u00e9sicas y sus complicaciones e incluye informaci\u00f3n acerca de las nuevas investigaciones que est\u00e1n abriendo camino en la mejora de los desenlaces de las pacientes obst\u00e9tricas.<\/p><p>Un experto equipo editorial garantiza que la presente edici\u00f3n contin\u00faa siendo un recurso imprescindible para anestesi\u00f3logos obst\u00e9tricos y obstetras enfermeras y asistentes de anestesiolog\u00eda y residentes y estudiantes de Obstetricia y Anestesiolog\u00eda.<\/p>\t\t\t\t\t\t\t\t<\/div>\n\t\t\t\t<\/div>\n\t\t\t\t\t<\/div>\n\t\t\t\t<\/div>\n\t\t\t\t<\/div>\n\t\t","protected":false},"excerpt":{"rendered":"<p><strong>Autores:<\/strong>\u00a0David H. Chestnut &amp; Cynthia A Wong &amp; Lawrence C Tsen &amp; Warwick D Ngan Kee &amp; Yaakov Beilin &amp; Jill Mhyre &amp; Brian T. Bateman &amp; Naveen Nathan<br \/>\n<strong>ISBN:<\/strong>\u00a09788491137665<br \/>\n<strong>Editorial:<\/strong>\u00a0Elsevier<br \/>\n<strong>Edici\u00f3n:<\/strong>\u00a06\u00aa<br \/>\n<strong>Especialidad<\/strong>:\u00a0Anestesiolog\u00eda<br \/>\n<strong>P\u00e1ginas<\/strong>: 1384<br \/>\n\u00a9 2020<\/p>\n","protected":false},"featured_media":14532,"comment_status":"open","ping_status":"open","template":"","meta":{"_joinchat":[]},"product_cat":[86],"product_tag":[87,85],"class_list":{"0":"post-14531","1":"product","2":"type-product","3":"status-publish","4":"has-post-thumbnail","6":"product_cat-anestesiologia-y-reanimacion","7":"product_tag-anestesiologia-y-reanimacion","8":"product_tag-elsevier","10":"first","11":"instock","12":"featured","13":"taxable","14":"shipping-taxable","15":"purchasable","16":"product-type-simple"},"_links":{"self":[{"href":"https:\/\/edimeinter.com\/libreria\/wp-json\/wp\/v2\/product\/14531","targetHints":{"allow":["GET"]}}],"collection":[{"href":"https:\/\/edimeinter.com\/libreria\/wp-json\/wp\/v2\/product"}],"about":[{"href":"https:\/\/edimeinter.com\/libreria\/wp-json\/wp\/v2\/types\/product"}],"replies":[{"embeddable":true,"href":"https:\/\/edimeinter.com\/libreria\/wp-json\/wp\/v2\/comments?post=14531"}],"version-history":[{"count":4,"href":"https:\/\/edimeinter.com\/libreria\/wp-json\/wp\/v2\/product\/14531\/revisions"}],"predecessor-version":[{"id":14536,"href":"https:\/\/edimeinter.com\/libreria\/wp-json\/wp\/v2\/product\/14531\/revisions\/14536"}],"wp:featuredmedia":[{"embeddable":true,"href":"https:\/\/edimeinter.com\/libreria\/wp-json\/wp\/v2\/media\/14532"}],"wp:attachment":[{"href":"https:\/\/edimeinter.com\/libreria\/wp-json\/wp\/v2\/media?parent=14531"}],"wp:term":[{"taxonomy":"product_cat","embeddable":true,"href":"https:\/\/edimeinter.com\/libreria\/wp-json\/wp\/v2\/product_cat?post=14531"},{"taxonomy":"product_tag","embeddable":true,"href":"https:\/\/edimeinter.com\/libreria\/wp-json\/wp\/v2\/product_tag?post=14531"}],"curies":[{"name":"wp","href":"https:\/\/api.w.org\/{rel}","templated":true}]}}