{"id":14537,"date":"2025-02-26T15:51:27","date_gmt":"2025-02-26T15:51:27","guid":{"rendered":"https:\/\/edimeinter.com\/libreria\/?post_type=product&#038;p=14537"},"modified":"2025-03-12T17:47:08","modified_gmt":"2025-03-12T17:47:08","slug":"cirugia-vascular-y-endovascular-9a-edicion","status":"publish","type":"product","link":"https:\/\/edimeinter.com\/libreria\/product\/cirugia-vascular-y-endovascular-9a-edicion\/","title":{"rendered":"Cirug\u00eda vascular y endovascular. 9\u00aa Edici\u00f3n"},"content":{"rendered":"\t\t<div data-elementor-type=\"wp-post\" data-elementor-id=\"14537\" class=\"elementor elementor-14537\">\n\t\t\t\t<div class=\"elementor-element elementor-element-2612b12 e-flex e-con-boxed e-con e-parent\" data-id=\"2612b12\" data-element_type=\"container\" data-e-type=\"container\">\n\t\t\t\t\t<div class=\"e-con-inner\">\n\t\t\n\t\t<div class=\"elementor-element elementor-element-498707ae elementor-widget elementor-widget-text-editor\" data-id=\"498707ae\" data-element_type=\"widget\" data-e-type=\"widget\" data-widget_type=\"text-editor.default\">\n\t\t\t\t<div class=\"elementor-widget-container\">\n\t\t\t\t\t\t\t\t\t<p>Presenta de forma actualizada el papel cada vez m\u00e1s importante de las intervenciones endovasculares en la pr\u00e1ctica del cirujano vascular.<\/p><p>Incluye cinco cap\u00edtulos nuevos: Malformaciones arteriales cong\u00e9nitas Dispositivos de aterectom\u00eda y de cierre arterial Tumores del cuerpo carot\u00eddeo Construcci\u00f3n de un quir\u00f3fano h\u00edbrido con capacidad rob\u00f3tica y Tratamiento de las \u00falceras venosas en la pierna.<\/p><p>Presenta las indicaciones las t\u00e9cnicas y los resultados de todas las principales operaciones vasculares abiertas incluidas la endarterectom\u00eda carot\u00eddea la reparaci\u00f3n de aneurismas de la aorta abdominal y las derivaciones aortofemorales e infrainguinales as\u00ed como el tratamiento de las varices y de la enfermedad venooclusiva profunda.<\/p><p>Incluye acceso al ebook en ingl\u00e9s en ExpertConsult. Este contenido electr\u00f3nico enriquecido permite realizar b\u00fasquedas en todo el texto las figuras y las referencias del libro desde diversos dispositivos.<\/p>\t\t\t\t\t\t\t\t<\/div>\n\t\t\t\t<\/div>\n\t\t\t\t\t<\/div>\n\t\t\t\t<\/div>\n\t\t\t\t<\/div>\n\t\t","protected":false},"excerpt":{"rendered":"<div>\n<p><strong>Autores:<\/strong>\u00a0Wesley S. Moore<br \/>\n<strong>ISBN:<\/strong>\u00a09788491135562<br \/>\n<strong>Editorial:<\/strong>\u00a0Elsevier<br \/>\n<strong>Edici\u00f3n:<\/strong>\u00a09\u00aa<br \/>\n<strong>Especialidad<\/strong>: Cirug\u00eda Vascular<br \/>\n<strong>P\u00e1ginas<\/strong>: 1088<br \/>\n\u00a9 2019<\/p>\n<\/div>\n","protected":false},"featured_media":14538,"comment_status":"open","ping_status":"open","template":"","meta":{"_joinchat":[]},"product_cat":[181],"product_tag":[182,85],"class_list":{"0":"post-14537","1":"product","2":"type-product","3":"status-publish","4":"has-post-thumbnail","6":"product_cat-cardiologia-y-cirugia-vascular","7":"product_tag-cardiologia-y-cirugia-vascular","8":"product_tag-elsevier","10":"first","11":"instock","12":"featured","13":"taxable","14":"shipping-taxable","15":"purchasable","16":"product-type-simple"},"_links":{"self":[{"href":"https:\/\/edimeinter.com\/libreria\/wp-json\/wp\/v2\/product\/14537","targetHints":{"allow":["GET"]}}],"collection":[{"href":"https:\/\/edimeinter.com\/libreria\/wp-json\/wp\/v2\/product"}],"about":[{"href":"https:\/\/edimeinter.com\/libreria\/wp-json\/wp\/v2\/types\/product"}],"replies":[{"embeddable":true,"href":"https:\/\/edimeinter.com\/libreria\/wp-json\/wp\/v2\/comments?post=14537"}],"version-history":[{"count":4,"href":"https:\/\/edimeinter.com\/libreria\/wp-json\/wp\/v2\/product\/14537\/revisions"}],"predecessor-version":[{"id":14542,"href":"https:\/\/edimeinter.com\/libreria\/wp-json\/wp\/v2\/product\/14537\/revisions\/14542"}],"wp:featuredmedia":[{"embeddable":true,"href":"https:\/\/edimeinter.com\/libreria\/wp-json\/wp\/v2\/media\/14538"}],"wp:attachment":[{"href":"https:\/\/edimeinter.com\/libreria\/wp-json\/wp\/v2\/media?parent=14537"}],"wp:term":[{"taxonomy":"product_cat","embeddable":true,"href":"https:\/\/edimeinter.com\/libreria\/wp-json\/wp\/v2\/product_cat?post=14537"},{"taxonomy":"product_tag","embeddable":true,"href":"https:\/\/edimeinter.com\/libreria\/wp-json\/wp\/v2\/product_tag?post=14537"}],"curies":[{"name":"wp","href":"https:\/\/api.w.org\/{rel}","templated":true}]}}