{"id":14567,"date":"2025-02-26T16:35:53","date_gmt":"2025-02-26T16:35:53","guid":{"rendered":"https:\/\/edimeinter.com\/libreria\/?post_type=product&#038;p=14567"},"modified":"2025-03-12T17:56:03","modified_gmt":"2025-03-12T17:56:03","slug":"kern-manual-de-cateterismo-cardiaco-7a-edicion","status":"publish","type":"product","link":"https:\/\/edimeinter.com\/libreria\/product\/kern-manual-de-cateterismo-cardiaco-7a-edicion\/","title":{"rendered":"Kern. Manual de cateterismo card\u00edaco. 7\u00aa Edici\u00f3n"},"content":{"rendered":"\t\t<div data-elementor-type=\"wp-post\" data-elementor-id=\"14567\" class=\"elementor elementor-14567\">\n\t\t\t\t<div class=\"elementor-element elementor-element-2612b12 e-flex e-con-boxed e-con e-parent\" data-id=\"2612b12\" data-element_type=\"container\" data-e-type=\"container\">\n\t\t\t\t\t<div class=\"e-con-inner\">\n\t\t\n\t\t<div class=\"elementor-element elementor-element-498707ae elementor-widget elementor-widget-text-editor\" data-id=\"498707ae\" data-element_type=\"widget\" data-e-type=\"widget\" data-widget_type=\"text-editor.default\">\n\t\t\t\t<div class=\"elementor-widget-container\">\n\t\t\t\t\t\t\t\t\t<p>Para un acceso r\u00e1pido a la informaci\u00f3n necesaria sobre\u00a0<strong>cateterismo a la cabecera del paciente\u00a0<\/strong>no existe mejor recurso que\u00a0<em>Kern. Manual de cateterismo card\u00edaco\u00a0<\/em>7.\u00aa edici\u00f3n. Esta gu\u00eda detallada y acreditada es ideal para aquellos cardi\u00f3logos que necesitan un manual de cateterismo card\u00edaco de consulta r\u00e1pida pero tambi\u00e9n para el resto de miembros del equipo.\u00a0<strong>De f\u00e1cil lectura y muy pr\u00e1ctico\u00a0<\/strong>le ayuda a brindar la mejor atenci\u00f3n a sus pacientes con informaci\u00f3n fiable acerca de los \u00faltimos avances diagn\u00f3sticos y terap\u00e9uticos en este campo en constante evoluci\u00f3n.<\/p>\t\t\t\t\t\t\t\t<\/div>\n\t\t\t\t<\/div>\n\t\t\t\t\t<\/div>\n\t\t\t\t<\/div>\n\t\t\t\t<\/div>\n\t\t","protected":false},"excerpt":{"rendered":"<p><strong>Autores:<\/strong>\u00a0Paul Sorajja &amp; Michael J Lim &amp; Morton J. Kern<br \/>\n<strong>ISBN:<\/strong>\u00a09788491137818<br \/>\n<strong>Editorial:<\/strong>\u00a0Elsevier<br \/>\n<strong>Edici\u00f3n:<\/strong>\u00a07\u00aa<br \/>\n<strong>Especialidad<\/strong>: Cardiolog\u00eda<br \/>\n<strong>P\u00e1ginas<\/strong>: 16<br \/>\n\u00a9 2020<\/p>\n","protected":false},"featured_media":14568,"comment_status":"open","ping_status":"open","template":"","meta":{"_joinchat":[]},"product_cat":[181],"product_tag":[182,85],"class_list":{"0":"post-14567","1":"product","2":"type-product","3":"status-publish","4":"has-post-thumbnail","6":"product_cat-cardiologia-y-cirugia-vascular","7":"product_tag-cardiologia-y-cirugia-vascular","8":"product_tag-elsevier","10":"first","11":"instock","12":"featured","13":"taxable","14":"shipping-taxable","15":"purchasable","16":"product-type-simple"},"_links":{"self":[{"href":"https:\/\/edimeinter.com\/libreria\/wp-json\/wp\/v2\/product\/14567","targetHints":{"allow":["GET"]}}],"collection":[{"href":"https:\/\/edimeinter.com\/libreria\/wp-json\/wp\/v2\/product"}],"about":[{"href":"https:\/\/edimeinter.com\/libreria\/wp-json\/wp\/v2\/types\/product"}],"replies":[{"embeddable":true,"href":"https:\/\/edimeinter.com\/libreria\/wp-json\/wp\/v2\/comments?post=14567"}],"version-history":[{"count":4,"href":"https:\/\/edimeinter.com\/libreria\/wp-json\/wp\/v2\/product\/14567\/revisions"}],"predecessor-version":[{"id":14572,"href":"https:\/\/edimeinter.com\/libreria\/wp-json\/wp\/v2\/product\/14567\/revisions\/14572"}],"wp:featuredmedia":[{"embeddable":true,"href":"https:\/\/edimeinter.com\/libreria\/wp-json\/wp\/v2\/media\/14568"}],"wp:attachment":[{"href":"https:\/\/edimeinter.com\/libreria\/wp-json\/wp\/v2\/media?parent=14567"}],"wp:term":[{"taxonomy":"product_cat","embeddable":true,"href":"https:\/\/edimeinter.com\/libreria\/wp-json\/wp\/v2\/product_cat?post=14567"},{"taxonomy":"product_tag","embeddable":true,"href":"https:\/\/edimeinter.com\/libreria\/wp-json\/wp\/v2\/product_tag?post=14567"}],"curies":[{"name":"wp","href":"https:\/\/api.w.org\/{rel}","templated":true}]}}