{"id":14573,"date":"2025-02-26T16:50:26","date_gmt":"2025-02-26T16:50:26","guid":{"rendered":"https:\/\/edimeinter.com\/libreria\/?post_type=product&#038;p=14573"},"modified":"2025-06-26T21:55:01","modified_gmt":"2025-06-26T21:55:01","slug":"guia-practica-de-ecocardiografia-4a-edicion","status":"publish","type":"product","link":"https:\/\/edimeinter.com\/libreria\/product\/guia-practica-de-ecocardiografia-4a-edicion\/","title":{"rendered":"Gu\u00eda pr\u00e1ctica de ecocardiograf\u00eda. 4\u00aa Edici\u00f3n"},"content":{"rendered":"\t\t<div data-elementor-type=\"wp-post\" data-elementor-id=\"14573\" class=\"elementor elementor-14573\">\n\t\t\t\t<div class=\"elementor-element elementor-element-2612b12 e-flex e-con-boxed e-con e-parent\" data-id=\"2612b12\" data-element_type=\"container\" data-e-type=\"container\">\n\t\t\t\t\t<div class=\"e-con-inner\">\n\t\t\n\t\t<div class=\"elementor-element elementor-element-498707ae elementor-widget elementor-widget-text-editor\" data-id=\"498707ae\" data-element_type=\"widget\" data-e-type=\"widget\" data-widget_type=\"text-editor.default\">\n\t\t\t\t<div class=\"elementor-widget-container\">\n\t\t\t\t\t\t\t\t\t<p>Obra que proporciona una revisi\u00f3n de los principios b\u00e1sicos de la ecocardiograf\u00eda y de la interpretaci\u00f3n de datos ofreciendo tambi\u00e9n instrucciones detalladas para un examen ecocardiogr\u00e1fico orientado al diagn\u00f3stico.<\/p><p>Gu\u00eda pr\u00e1ctica que complementa la sexta edici\u00f3n en ingl\u00e9s de Textbook of Clinical Echocardiography y que contiene instrucciones paso a paso sobre todos los aspectos relacionados con la utilizaci\u00f3n e interpretaci\u00f3n de la ecocardiograf\u00eda identificando posibles escollos y proporcionando m\u00e9todos para evitar errores.<\/p><p>El contenido se organiza en vi\u00f1etas con una breve lista de principios b\u00e1sicos importantes y puntos clave que contribuyen a mejorar el aprendizaje. Igualmente se incluyen preguntas de opci\u00f3n m\u00faltiple que invitan al lector a participar de manera activa en el proceso de aprendizaje.<\/p><p>Gu\u00eda pr\u00e1ctica de gran inter\u00e9s para cardi\u00f3logos y t\u00e9cnicos de ecocardiograf\u00eda as\u00ed como para anestesi\u00f3logos m\u00e9dicos de urgencias y de cuidados intensivos y profesionales de Atenci\u00f3n Primaria.<\/p>\t\t\t\t\t\t\t\t<\/div>\n\t\t\t\t<\/div>\n\t\t\t\t\t<\/div>\n\t\t\t\t<\/div>\n\t\t\t\t<\/div>\n\t\t","protected":false},"excerpt":{"rendered":"<p><strong>Autores:<\/strong>\u00a0Catherine M. Otto &amp; Rosario V. Freeman &amp; Rebecca Gibbons Schwaegler &amp; Jason Linefsky<br \/>\n<strong>ISBN:<\/strong>\u00a09788491136873<br \/>\n<strong>Editorial:<\/strong>\u00a0Elsevier<br \/>\n<strong>Edici\u00f3n:<\/strong>\u00a04\u00aa<br \/>\n<strong>Especialidad<\/strong>: Cardiolog\u00eda<br \/>\n<strong>P\u00e1ginas<\/strong>: 444<br \/>\n\u00a9 2020<\/p>\n","protected":false},"featured_media":14574,"comment_status":"open","ping_status":"closed","template":"","meta":{"_joinchat":[]},"product_cat":[181],"product_tag":[182,85],"class_list":{"0":"post-14573","1":"product","2":"type-product","3":"status-publish","4":"has-post-thumbnail","6":"product_cat-cardiologia-y-cirugia-vascular","7":"product_tag-cardiologia-y-cirugia-vascular","8":"product_tag-elsevier","10":"first","11":"instock","12":"featured","13":"taxable","14":"shipping-taxable","15":"purchasable","16":"product-type-simple"},"_links":{"self":[{"href":"https:\/\/edimeinter.com\/libreria\/wp-json\/wp\/v2\/product\/14573","targetHints":{"allow":["GET"]}}],"collection":[{"href":"https:\/\/edimeinter.com\/libreria\/wp-json\/wp\/v2\/product"}],"about":[{"href":"https:\/\/edimeinter.com\/libreria\/wp-json\/wp\/v2\/types\/product"}],"replies":[{"embeddable":true,"href":"https:\/\/edimeinter.com\/libreria\/wp-json\/wp\/v2\/comments?post=14573"}],"version-history":[{"count":5,"href":"https:\/\/edimeinter.com\/libreria\/wp-json\/wp\/v2\/product\/14573\/revisions"}],"predecessor-version":[{"id":16877,"href":"https:\/\/edimeinter.com\/libreria\/wp-json\/wp\/v2\/product\/14573\/revisions\/16877"}],"wp:featuredmedia":[{"embeddable":true,"href":"https:\/\/edimeinter.com\/libreria\/wp-json\/wp\/v2\/media\/14574"}],"wp:attachment":[{"href":"https:\/\/edimeinter.com\/libreria\/wp-json\/wp\/v2\/media?parent=14573"}],"wp:term":[{"taxonomy":"product_cat","embeddable":true,"href":"https:\/\/edimeinter.com\/libreria\/wp-json\/wp\/v2\/product_cat?post=14573"},{"taxonomy":"product_tag","embeddable":true,"href":"https:\/\/edimeinter.com\/libreria\/wp-json\/wp\/v2\/product_tag?post=14573"}],"curies":[{"name":"wp","href":"https:\/\/api.w.org\/{rel}","templated":true}]}}