{"id":14585,"date":"2025-02-26T17:09:30","date_gmt":"2025-02-26T17:09:30","guid":{"rendered":"https:\/\/edimeinter.com\/libreria\/?post_type=product&#038;p=14585"},"modified":"2026-04-30T17:27:30","modified_gmt":"2026-04-30T17:27:30","slug":"ecg-facil-9a-edicion","status":"publish","type":"product","link":"https:\/\/edimeinter.com\/libreria\/product\/ecg-facil-9a-edicion\/","title":{"rendered":"ECG f\u00e1cil. 9\u00aa Edici\u00f3n"},"content":{"rendered":"\t\t<div data-elementor-type=\"wp-post\" data-elementor-id=\"14585\" class=\"elementor elementor-14585\">\n\t\t\t\t<div class=\"elementor-element elementor-element-2612b12 e-flex e-con-boxed e-con e-parent\" data-id=\"2612b12\" data-element_type=\"container\" data-e-type=\"container\">\n\t\t\t\t\t<div class=\"e-con-inner\">\n\t\t\n\t\t<div class=\"elementor-element elementor-element-498707ae elementor-widget elementor-widget-text-editor\" data-id=\"498707ae\" data-element_type=\"widget\" data-e-type=\"widget\" data-widget_type=\"text-editor.default\">\n\t\t\t\t<div class=\"elementor-widget-container\">\n\t\t\t\t\t\t\t\t\t<p>Durante cuarenta y cinco a\u00f1os ha sido considerada una de las mejores gu\u00edas de introducci\u00f3n al ECG traducida a m\u00e1s de una decena de idiomas y elogiada por British Medical Journal como \u00abun cl\u00e1sico de la medicina\u00bb.<\/p><p>Esta novena edici\u00f3n de inter\u00e9s para todos los estudiantes y profesionales m\u00e9dicos y sanitarios que deseen adquirir conocimientos claros y b\u00e1sicos sobre el ECG incluye un nuevo cap\u00edtulo inicial \u00abECG muy f\u00e1cil de verdad\u00bb que presenta los aspectos esenciales del uso del ECG en la pr\u00e1ctica cl\u00ednica con la m\u00ednima teor\u00eda y el m\u00e1ximo enfoque pr\u00e1ctico.<\/p><p>En la segunda parte se explica la teor\u00eda en la que se basa el registro de un ECG para comenzar la interpretaci\u00f3n b\u00e1sica de las 12 derivaciones.<\/p><p>La tercera parte se centra en la interpretaci\u00f3n cl\u00ednica de ECG individuales en pacientes con dolor tor\u00e1cico disnea palpitaciones y s\u00edncope as\u00ed como en la comprensi\u00f3n de las variaciones normales en los ECG obtenidos en personas sanas.<\/p>\t\t\t\t\t\t\t\t<\/div>\n\t\t\t\t<\/div>\n\t\t\t\t\t<\/div>\n\t\t\t\t<\/div>\n\t\t\t\t<\/div>\n\t\t","protected":false},"excerpt":{"rendered":"<p><strong>Autores:<\/strong>\u00a0John Hampton<br \/>\n<strong>ISBN:<\/strong>\u00a09788491135142<br \/>\n<strong>Editorial:<\/strong>\u00a0Elsevier<br \/>\n<strong>Edici\u00f3n:<\/strong>\u00a09\u00aa<br \/>\n<strong>Especialidad<\/strong>: Cardiolog\u00eda<br \/>\n<strong>P\u00e1ginas<\/strong>: 208<br \/>\n\u00a9 2019<\/p>\n","protected":false},"featured_media":14586,"comment_status":"open","ping_status":"closed","template":"","meta":{"_joinchat":[]},"product_cat":[181],"product_tag":[182,85],"class_list":{"0":"post-14585","1":"product","2":"type-product","3":"status-publish","4":"has-post-thumbnail","6":"product_cat-cardiologia-y-cirugia-vascular","7":"product_tag-cardiologia-y-cirugia-vascular","8":"product_tag-elsevier","10":"first","11":"outofstock","12":"featured","13":"purchasable","14":"product-type-simple"},"_links":{"self":[{"href":"https:\/\/edimeinter.com\/libreria\/wp-json\/wp\/v2\/product\/14585","targetHints":{"allow":["GET"]}}],"collection":[{"href":"https:\/\/edimeinter.com\/libreria\/wp-json\/wp\/v2\/product"}],"about":[{"href":"https:\/\/edimeinter.com\/libreria\/wp-json\/wp\/v2\/types\/product"}],"replies":[{"embeddable":true,"href":"https:\/\/edimeinter.com\/libreria\/wp-json\/wp\/v2\/comments?post=14585"}],"version-history":[{"count":5,"href":"https:\/\/edimeinter.com\/libreria\/wp-json\/wp\/v2\/product\/14585\/revisions"}],"predecessor-version":[{"id":18015,"href":"https:\/\/edimeinter.com\/libreria\/wp-json\/wp\/v2\/product\/14585\/revisions\/18015"}],"wp:featuredmedia":[{"embeddable":true,"href":"https:\/\/edimeinter.com\/libreria\/wp-json\/wp\/v2\/media\/14586"}],"wp:attachment":[{"href":"https:\/\/edimeinter.com\/libreria\/wp-json\/wp\/v2\/media?parent=14585"}],"wp:term":[{"taxonomy":"product_cat","embeddable":true,"href":"https:\/\/edimeinter.com\/libreria\/wp-json\/wp\/v2\/product_cat?post=14585"},{"taxonomy":"product_tag","embeddable":true,"href":"https:\/\/edimeinter.com\/libreria\/wp-json\/wp\/v2\/product_tag?post=14585"}],"curies":[{"name":"wp","href":"https:\/\/api.w.org\/{rel}","templated":true}]}}