{"id":14598,"date":"2025-02-26T17:32:18","date_gmt":"2025-02-26T17:32:18","guid":{"rendered":"https:\/\/edimeinter.com\/libreria\/?post_type=product&#038;p=14598"},"modified":"2025-03-28T20:11:00","modified_gmt":"2025-03-28T20:11:00","slug":"otorrinolaringologia-pediatrica-1a-edicion-2","status":"publish","type":"product","link":"https:\/\/edimeinter.com\/libreria\/product\/otorrinolaringologia-pediatrica-1a-edicion-2\/","title":{"rendered":"Otorrinolaringolog\u00eda pedi\u00e1trica. 1\u00aa Edici\u00f3n"},"content":{"rendered":"\t\t<div data-elementor-type=\"wp-post\" data-elementor-id=\"14598\" class=\"elementor elementor-14598\">\n\t\t\t\t\n<div class=\"elementor-element elementor-element-2612b12 e-flex e-con-boxed e-con e-parent\" data-id=\"2612b12\" data-element_type=\"container\" data-e-type=\"container\">\n\t\t\t\t\t<div class=\"e-con-inner\">\n\t\t\n\t\t<div class=\"elementor-element elementor-element-498707ae elementor-widget elementor-widget-text-editor\" data-id=\"498707ae\" data-element_type=\"widget\" data-e-type=\"widget\" data-widget_type=\"text-editor.default\">\n\t\t\t\t<div class=\"elementor-widget-container\">\n\t\t\t\t\t\t\t\t\t<p>Obra de referencia en Otorrinolaringolog\u00eda pedi\u00e1trica que describe de manera completa y exhaustiva y en un \u00fanico volumen los aspectos esenciales de esta subespecialidad.<\/p><p>Adem\u00e1s de la presentaci\u00f3n de las patolog\u00edas otorrinolaringol\u00f3gicas m\u00e1s habituales en la poblaci\u00f3n pedi\u00e1trica los autores se hacen eco de aquellas patolog\u00eda que cursan con perdida auditiva en ni\u00f1os y que normalmente no est\u00e1n cubiertas en los textos est\u00e1ndares.<\/p><p>A lo largo del libro pueden encontrarse numerosos cuadros de alerta que orientan al lector sobre los signos de peligro ofrecen consejos y trucos en cirug\u00eda advierten sobre las posibles compliaciones y situaciones que requieren derivaci\u00f3n urgente y detallana los riesgos m\u00e9dico-legales m\u00e1s relevantes.<\/p><p>El enfoque transversal del contenido hace que sea un manual de gran utilidad para la preparaci\u00f3n de ex\u00e1menes de la especialidad que sirva de fueten accesible de informaci\u00f3n para los otorrinolaring\u00f3logos generales as\u00ed como de referencia r\u00e1pida para los especialistas en otorrinolaringolog\u00eda pedi\u00e1trica.<\/p>\t\t\t\t\t\t\t\t<\/div>\n\t\t\t\t<\/div>\n\t\t\t\t\t<\/div>\n\t\t\t\t<\/div>\n\t\t\t\t<\/div>\n\t\t","protected":false},"excerpt":{"rendered":"<p><strong>Autores:<\/strong>\u00a0Ray W Clark<br \/>\n<strong>ISBN:<\/strong>\u00a09788491135258<br \/>\n<strong>Editorial:<\/strong>\u00a0Elsevier<br \/>\n<strong>Edici\u00f3n:<\/strong>\u00a01\u00aa<br \/>\n<strong>Especialidad<\/strong>: Otorrinolaringolog\u00eda<br \/>\n<strong>P\u00e1ginas<\/strong>: 416<br \/>\n\u00a9 2019<\/p>\n","protected":false},"featured_media":14599,"comment_status":"open","ping_status":"open","template":"","meta":{"_joinchat":[]},"product_cat":[156],"product_tag":[85,157],"class_list":{"0":"post-14598","1":"product","2":"type-product","3":"status-publish","4":"has-post-thumbnail","6":"product_cat-otorrinolaringologia","7":"product_tag-elsevier","8":"product_tag-otorrinolaringologia","10":"first","11":"instock","12":"featured","13":"purchasable","14":"product-type-simple"},"_links":{"self":[{"href":"https:\/\/edimeinter.com\/libreria\/wp-json\/wp\/v2\/product\/14598","targetHints":{"allow":["GET"]}}],"collection":[{"href":"https:\/\/edimeinter.com\/libreria\/wp-json\/wp\/v2\/product"}],"about":[{"href":"https:\/\/edimeinter.com\/libreria\/wp-json\/wp\/v2\/types\/product"}],"replies":[{"embeddable":true,"href":"https:\/\/edimeinter.com\/libreria\/wp-json\/wp\/v2\/comments?post=14598"}],"version-history":[{"count":4,"href":"https:\/\/edimeinter.com\/libreria\/wp-json\/wp\/v2\/product\/14598\/revisions"}],"predecessor-version":[{"id":14603,"href":"https:\/\/edimeinter.com\/libreria\/wp-json\/wp\/v2\/product\/14598\/revisions\/14603"}],"wp:featuredmedia":[{"embeddable":true,"href":"https:\/\/edimeinter.com\/libreria\/wp-json\/wp\/v2\/media\/14599"}],"wp:attachment":[{"href":"https:\/\/edimeinter.com\/libreria\/wp-json\/wp\/v2\/media?parent=14598"}],"wp:term":[{"taxonomy":"product_cat","embeddable":true,"href":"https:\/\/edimeinter.com\/libreria\/wp-json\/wp\/v2\/product_cat?post=14598"},{"taxonomy":"product_tag","embeddable":true,"href":"https:\/\/edimeinter.com\/libreria\/wp-json\/wp\/v2\/product_tag?post=14598"}],"curies":[{"name":"wp","href":"https:\/\/api.w.org\/{rel}","templated":true}]}}