{"id":14610,"date":"2025-02-26T17:39:47","date_gmt":"2025-02-26T17:39:47","guid":{"rendered":"https:\/\/edimeinter.com\/libreria\/?post_type=product&#038;p=14610"},"modified":"2025-03-28T20:10:51","modified_gmt":"2025-03-28T20:10:51","slug":"pruebas-clinicas-para-patologia-osea-articular-y-muscular-6a-edicion","status":"publish","type":"product","link":"https:\/\/edimeinter.com\/libreria\/product\/pruebas-clinicas-para-patologia-osea-articular-y-muscular-6a-edicion\/","title":{"rendered":"Pruebas cl\u00ednicas para patolog\u00eda \u00f3sea articular y muscular. 6\u00aa Edici\u00f3n"},"content":{"rendered":"\t\t<div data-elementor-type=\"wp-post\" data-elementor-id=\"14610\" class=\"elementor elementor-14610\">\n\t\t\t\t<div class=\"elementor-element elementor-element-2612b12 e-flex e-con-boxed e-con e-parent\" data-id=\"2612b12\" data-element_type=\"container\" data-e-type=\"container\">\n\t\t\t\t\t<div class=\"e-con-inner\">\n\t\t\n\t\t<div class=\"elementor-element elementor-element-498707ae elementor-widget elementor-widget-text-editor\" data-id=\"498707ae\" data-element_type=\"widget\" data-e-type=\"widget\" data-widget_type=\"text-editor.default\">\n\t\t\t\t<div class=\"elementor-widget-container\">\n\t\t\t\t\t\t\t\t\t<p>Manual de referencia pr\u00e1ctica para el diagn\u00f3stico r\u00e1pido sencillo y certero de las alteraciones funcionales del aparato locomotor.<\/p><p>Esquemas orientativos en forma de diagramas de flujo al comienzo de cada cap\u00edtulo para elegir las pruebas adecuadas en funci\u00f3n del diagn\u00f3stico de sospecha adem\u00e1s de tener una estructuraci\u00f3n sencilla en base a las regiones corporales.<\/p><p>Revisi\u00f3n actualizaci\u00f3n y ampliaci\u00f3n de 330 pruebas realizadas por expertos de renombre. Nuevas figuras material adicional online con 50 exploraciones en v\u00eddeo de la edici\u00f3n original en alem\u00e1n (acceso mediante c\u00f3digo QR).<\/p><p>Todas las pruebas de mayor importancia cl\u00ednica est\u00e1n descritas paso a paso en el texto en las figuras y como novedad en v\u00eddeo.<\/p>\t\t\t\t\t\t\t\t<\/div>\n\t\t\t\t<\/div>\n\t\t\t\t\t<\/div>\n\t\t\t\t<\/div>\n\t\t\t\t<\/div>\n\t\t","protected":false},"excerpt":{"rendered":"<p><strong>Autores:<\/strong>\u00a0Klaus Buckup &amp; Johannes Buckup<br \/>\n<strong>ISBN:<\/strong>\u00a09788491134886<br \/>\n<strong>Editorial:<\/strong>\u00a0Elsevier<br \/>\n<strong>Edici\u00f3n:<\/strong>\u00a06\u00aa<br \/>\n<strong>Especialidad<\/strong>: Fisioterapia<br \/>\n<strong>P\u00e1ginas<\/strong>: 472<br \/>\n\u00a9 2019<\/p>\n","protected":false},"featured_media":14611,"comment_status":"open","ping_status":"open","template":"","meta":{"_joinchat":[]},"product_cat":[111],"product_tag":[85,112],"class_list":{"0":"post-14610","1":"product","2":"type-product","3":"status-publish","4":"has-post-thumbnail","6":"product_cat-fisioterapia","7":"product_tag-elsevier","8":"product_tag-fisioterapia","10":"first","11":"instock","12":"featured","13":"purchasable","14":"product-type-simple"},"_links":{"self":[{"href":"https:\/\/edimeinter.com\/libreria\/wp-json\/wp\/v2\/product\/14610","targetHints":{"allow":["GET"]}}],"collection":[{"href":"https:\/\/edimeinter.com\/libreria\/wp-json\/wp\/v2\/product"}],"about":[{"href":"https:\/\/edimeinter.com\/libreria\/wp-json\/wp\/v2\/types\/product"}],"replies":[{"embeddable":true,"href":"https:\/\/edimeinter.com\/libreria\/wp-json\/wp\/v2\/comments?post=14610"}],"version-history":[{"count":4,"href":"https:\/\/edimeinter.com\/libreria\/wp-json\/wp\/v2\/product\/14610\/revisions"}],"predecessor-version":[{"id":14615,"href":"https:\/\/edimeinter.com\/libreria\/wp-json\/wp\/v2\/product\/14610\/revisions\/14615"}],"wp:featuredmedia":[{"embeddable":true,"href":"https:\/\/edimeinter.com\/libreria\/wp-json\/wp\/v2\/media\/14611"}],"wp:attachment":[{"href":"https:\/\/edimeinter.com\/libreria\/wp-json\/wp\/v2\/media?parent=14610"}],"wp:term":[{"taxonomy":"product_cat","embeddable":true,"href":"https:\/\/edimeinter.com\/libreria\/wp-json\/wp\/v2\/product_cat?post=14610"},{"taxonomy":"product_tag","embeddable":true,"href":"https:\/\/edimeinter.com\/libreria\/wp-json\/wp\/v2\/product_tag?post=14610"}],"curies":[{"name":"wp","href":"https:\/\/api.w.org\/{rel}","templated":true}]}}