{"id":14616,"date":"2025-02-26T17:45:16","date_gmt":"2025-02-26T17:45:16","guid":{"rendered":"https:\/\/edimeinter.com\/libreria\/?post_type=product&#038;p=14616"},"modified":"2025-10-29T18:15:31","modified_gmt":"2025-10-29T18:15:31","slug":"valoracion-manual-2a-edicion","status":"publish","type":"product","link":"https:\/\/edimeinter.com\/libreria\/product\/valoracion-manual-2a-edicion\/","title":{"rendered":"Valoraci\u00f3n manual. 2\u00aa Edici\u00f3n"},"content":{"rendered":"\t\t<div data-elementor-type=\"wp-post\" data-elementor-id=\"14616\" class=\"elementor elementor-14616\">\n\t\t\t\t<div class=\"elementor-element elementor-element-2612b12 e-flex e-con-boxed e-con e-parent\" data-id=\"2612b12\" data-element_type=\"container\" data-e-type=\"container\">\n\t\t\t\t\t<div class=\"e-con-inner\">\n\t\t\n\t\t<div class=\"elementor-element elementor-element-498707ae elementor-widget elementor-widget-text-editor\" data-id=\"498707ae\" data-element_type=\"widget\" data-e-type=\"widget\" data-widget_type=\"text-editor.default\">\n\t\t\t\t<div class=\"elementor-widget-container\">\n\t\t\t\t\t\t\t\t\t<p>Gu\u00eda pr\u00e1ctica que recoge las maniobras de diagn\u00f3sticos manual m\u00e1s habituales utilizadas por los fisioterapeutas proporcionando descripciones detalladas paso a paso y poniendo \u00e9nfasis en la valoraci\u00f3n global del paciente.<\/p><p>Por primera vez en una bora de estas caracter\u00edsticas se proporciona informaci\u00f3n detallada a cerca de la evidencia cient\u00edfica disponible para cada una de las pruebas con referencias a los art\u00edculos cient\u00edficos de los que proceden los datos aline\u00e1ndose as\u00ed con los est\u00e1ndares de medicina basada en la evidencia que impera en la pr\u00e1ctica cl\u00ednica actual.<\/p><p>El cotenido mantiene la clasificaci\u00f3n por especialidades (Reumatolog\u00eda Traumatolog\u00eda y Ortopedia; Neurolog\u00eda; Oftalmolog\u00eda; Otorrinolaringolog\u00eda; Medicina vascular; Medicina Interna y Pruebas especiales) pero dentro de cada cap\u00edtulo ofrece la importante novedad de organizar las pruebas por las patolog\u00edas m\u00e1s frecuentes de las diferentes estructuras anat\u00f3micas a fin de racionalizar y facilitar la consulta.<\/p><p>Comprende cerca de 780 pruebas y m\u00e1s de 850 im\u00e1genes incluyendo numerosos tests e ilustraciones nuevos para esta edici\u00f3n.<\/p>\t\t\t\t\t\t\t\t<\/div>\n\t\t\t\t<\/div>\n\t\t\t\t\t<\/div>\n\t\t\t\t<\/div>\n\t\t\t\t<\/div>\n\t\t","protected":false},"excerpt":{"rendered":"<p><strong>Autores:<\/strong>\u00a0Juan Antonio D\u00edaz Mancha<br \/>\n<strong>ISBN:<\/strong>\u00a09788491132523<br \/>\n<strong>Editorial:<\/strong>\u00a0Elsevier<br \/>\n<strong>Edici\u00f3n:<\/strong>\u00a02\u00aa<br \/>\n<strong>Especialidad<\/strong>: Fisioterapia<br \/>\n<strong>P\u00e1ginas<\/strong>: 616<br \/>\n\u00a9 2020<\/p>\n","protected":false},"featured_media":14617,"comment_status":"open","ping_status":"closed","template":"","meta":{"_joinchat":[]},"product_cat":[111],"product_tag":[85,112],"class_list":{"0":"post-14616","1":"product","2":"type-product","3":"status-publish","4":"has-post-thumbnail","6":"product_cat-fisioterapia","7":"product_tag-elsevier","8":"product_tag-fisioterapia","10":"first","11":"instock","12":"featured","13":"purchasable","14":"product-type-simple"},"_links":{"self":[{"href":"https:\/\/edimeinter.com\/libreria\/wp-json\/wp\/v2\/product\/14616","targetHints":{"allow":["GET"]}}],"collection":[{"href":"https:\/\/edimeinter.com\/libreria\/wp-json\/wp\/v2\/product"}],"about":[{"href":"https:\/\/edimeinter.com\/libreria\/wp-json\/wp\/v2\/types\/product"}],"replies":[{"embeddable":true,"href":"https:\/\/edimeinter.com\/libreria\/wp-json\/wp\/v2\/comments?post=14616"}],"version-history":[{"count":5,"href":"https:\/\/edimeinter.com\/libreria\/wp-json\/wp\/v2\/product\/14616\/revisions"}],"predecessor-version":[{"id":17160,"href":"https:\/\/edimeinter.com\/libreria\/wp-json\/wp\/v2\/product\/14616\/revisions\/17160"}],"wp:featuredmedia":[{"embeddable":true,"href":"https:\/\/edimeinter.com\/libreria\/wp-json\/wp\/v2\/media\/14617"}],"wp:attachment":[{"href":"https:\/\/edimeinter.com\/libreria\/wp-json\/wp\/v2\/media?parent=14616"}],"wp:term":[{"taxonomy":"product_cat","embeddable":true,"href":"https:\/\/edimeinter.com\/libreria\/wp-json\/wp\/v2\/product_cat?post=14616"},{"taxonomy":"product_tag","embeddable":true,"href":"https:\/\/edimeinter.com\/libreria\/wp-json\/wp\/v2\/product_tag?post=14616"}],"curies":[{"name":"wp","href":"https:\/\/api.w.org\/{rel}","templated":true}]}}