{"id":14622,"date":"2025-02-26T17:54:26","date_gmt":"2025-02-26T17:54:26","guid":{"rendered":"https:\/\/edimeinter.com\/libreria\/?post_type=product&#038;p=14622"},"modified":"2025-03-28T20:10:31","modified_gmt":"2025-03-28T20:10:31","slug":"manual-de-medicina-fisica-y-rehabilitacion-4a-edicion","status":"publish","type":"product","link":"https:\/\/edimeinter.com\/libreria\/product\/manual-de-medicina-fisica-y-rehabilitacion-4a-edicion\/","title":{"rendered":"Manual de medicina f\u00edsica y rehabilitaci\u00f3n. 4\u00aa Edici\u00f3n"},"content":{"rendered":"\t\t<div data-elementor-type=\"wp-post\" data-elementor-id=\"14622\" class=\"elementor elementor-14622\">\n\t\t\t\t<div class=\"elementor-element elementor-element-2612b12 e-flex e-con-boxed e-con e-parent\" data-id=\"2612b12\" data-element_type=\"container\" data-e-type=\"container\">\n\t\t\t\t\t<div class=\"e-con-inner\">\n\t\t\n\t\t<div class=\"elementor-element elementor-element-498707ae elementor-widget elementor-widget-text-editor\" data-id=\"498707ae\" data-element_type=\"widget\" data-e-type=\"widget\" data-widget_type=\"text-editor.default\">\n\t\t\t\t<div class=\"elementor-widget-container\">\n\t\t\t\t\t\t\t\t\t<p>Una gu\u00eda pr\u00e1ctica que ayuda a prevenir diagnosticar y tratar un amplio especto de trastornos musculoequel\u00e9sticos s\u00edndromes dolorosos y cuadros discapacitantes cr\u00f3nicos habituales en la pr\u00e1ctica cl\u00ednica.<\/p><p>Presenta cada tema con un formato homog\u00e9neo y de r\u00e1pida consulta que incluye la descripci\u00f3n del cuadro la exposici\u00f3n de los s\u00edntomas los hallazgos de la exploraci\u00f3n las limitaciones funcionales y las pruebas diagn\u00f3sticas. Adem\u00e1s los completos apartados de tratamiento describen las terapias iniciales las intervenciones de rehabilitaci\u00f3n los procedimientos y la cirug\u00eda.<\/p><p>Proporciona una amplia cobertura de los temas m\u00e1s actuales en medicina regenerativa como las c\u00e9lulas madre y el plasma rico en plaquetas (PRP) as\u00ed como un cap\u00edtulo nuevo sobre dolor de la pared abdominal.<\/p><p>Contiene apartados espec\u00edficos sobre las tecnolog\u00edas m\u00e1s innovadoras en \u00e1reas de tratamiento en cuyas estrategias terap\u00e9uticas y de rehabilitaci\u00f3n se ha incorporado recientemente nuevas tecnolog\u00edas o dispositivos incluidos los exoesqueletos rob\u00f3ticos y los sensores portables.<\/p>\t\t\t\t\t\t\t\t<\/div>\n\t\t\t\t<\/div>\n\t\t\t\t\t<\/div>\n\t\t\t\t<\/div>\n\t\t\t\t<\/div>\n\t\t","protected":false},"excerpt":{"rendered":"<p><strong>Autores:<\/strong>\u00a0Walter R. Frontera &amp; Julie K. Silver &amp; Thomas D. Rizzo<br \/>\n<strong>ISBN:<\/strong>\u00a09788491136347<br \/>\n<strong>Editorial:<\/strong>\u00a0Elsevier<br \/>\n<strong>Edici\u00f3n:<\/strong>\u00a04\u00aa<br \/>\n<strong>Especialidad<\/strong>: Fisioterapia<br \/>\n<strong>P\u00e1ginas<\/strong>: 1024<br \/>\n\u00a9 2020<\/p>\n","protected":false},"featured_media":14623,"comment_status":"open","ping_status":"open","template":"","meta":{"_joinchat":[]},"product_cat":[111],"product_tag":[85,112],"class_list":{"0":"post-14622","1":"product","2":"type-product","3":"status-publish","4":"has-post-thumbnail","6":"product_cat-fisioterapia","7":"product_tag-elsevier","8":"product_tag-fisioterapia","10":"first","11":"instock","12":"featured","13":"purchasable","14":"product-type-simple"},"_links":{"self":[{"href":"https:\/\/edimeinter.com\/libreria\/wp-json\/wp\/v2\/product\/14622","targetHints":{"allow":["GET"]}}],"collection":[{"href":"https:\/\/edimeinter.com\/libreria\/wp-json\/wp\/v2\/product"}],"about":[{"href":"https:\/\/edimeinter.com\/libreria\/wp-json\/wp\/v2\/types\/product"}],"replies":[{"embeddable":true,"href":"https:\/\/edimeinter.com\/libreria\/wp-json\/wp\/v2\/comments?post=14622"}],"version-history":[{"count":4,"href":"https:\/\/edimeinter.com\/libreria\/wp-json\/wp\/v2\/product\/14622\/revisions"}],"predecessor-version":[{"id":14627,"href":"https:\/\/edimeinter.com\/libreria\/wp-json\/wp\/v2\/product\/14622\/revisions\/14627"}],"wp:featuredmedia":[{"embeddable":true,"href":"https:\/\/edimeinter.com\/libreria\/wp-json\/wp\/v2\/media\/14623"}],"wp:attachment":[{"href":"https:\/\/edimeinter.com\/libreria\/wp-json\/wp\/v2\/media?parent=14622"}],"wp:term":[{"taxonomy":"product_cat","embeddable":true,"href":"https:\/\/edimeinter.com\/libreria\/wp-json\/wp\/v2\/product_cat?post=14622"},{"taxonomy":"product_tag","embeddable":true,"href":"https:\/\/edimeinter.com\/libreria\/wp-json\/wp\/v2\/product_tag?post=14622"}],"curies":[{"name":"wp","href":"https:\/\/api.w.org\/{rel}","templated":true}]}}