{"id":14628,"date":"2025-02-26T18:04:22","date_gmt":"2025-02-26T18:04:22","guid":{"rendered":"https:\/\/edimeinter.com\/libreria\/?post_type=product&#038;p=14628"},"modified":"2025-03-28T20:10:17","modified_gmt":"2025-03-28T20:10:17","slug":"daniels-y-worthingham-tecnicas-de-balance-muscular-10a-edicion","status":"publish","type":"product","link":"https:\/\/edimeinter.com\/libreria\/product\/daniels-y-worthingham-tecnicas-de-balance-muscular-10a-edicion\/","title":{"rendered":"Daniels y Worthingham. T\u00e9cnicas de balance muscular. 10\u00aa Edici\u00f3n"},"content":{"rendered":"\t\t<div data-elementor-type=\"wp-post\" data-elementor-id=\"14628\" class=\"elementor elementor-14628\">\n\t\t\t\t<div class=\"elementor-element elementor-element-2612b12 e-flex e-con-boxed e-con e-parent\" data-id=\"2612b12\" data-element_type=\"container\" data-e-type=\"container\">\n\t\t\t\t\t<div class=\"e-con-inner\">\n\t\t\n\t\t<div class=\"elementor-element elementor-element-498707ae elementor-widget elementor-widget-text-editor\" data-id=\"498707ae\" data-element_type=\"widget\" data-e-type=\"widget\" data-widget_type=\"text-editor.default\">\n\t\t\t\t<div class=\"elementor-widget-container\">\n\t\t\t\t\t\t\t\t\t<p>Texto m\u00e1s actualizado que existe sobre la evaluaci\u00f3n muscular que ofrece informaci\u00f3n pr\u00e1ctica detallada sobre cientos de pruebas.<\/p><p>Este manual pr\u00e1ctico sobre la evaluaci\u00f3n de la fuerza y la funci\u00f3n musculares es un texto cl\u00e1sico en el campo de la fisioterapia que ayuda a conocer y dominar los m\u00e9todos de exploraci\u00f3n muscular manual y de valoraci\u00f3n funcional.<\/p><p>Contenidos acerca de los m\u00e9todos y par\u00e1metros de referencia de la dinamometr\u00eda muscular as\u00ed como los resultados esperables para cada grupo muscular y tambi\u00e9n ejercicios recomendados con lo que se consigue un reclutamiento muscular de la menos un 40% a continuaci\u00f3n de cada prueba.<\/p><p>Contiene instrucciones claras e ilustradas sobre la posici\u00f3n del paciente la direcci\u00f3n del movimiento y la direcci\u00f3n de la resistencia as\u00ed como pruebas de fuerza alternativas para adultos de todas las edades y pruebas para personas con deterioro funcional.<\/p>\t\t\t\t\t\t\t\t<\/div>\n\t\t\t\t<\/div>\n\t\t\t\t\t<\/div>\n\t\t\t\t<\/div>\n\t\t\t\t<\/div>\n\t\t","protected":false},"excerpt":{"rendered":"<p><strong>Autores:<\/strong>\u00a0Dale Avers<br \/>\n<strong>ISBN:<\/strong>\u00a09788491135739<br \/>\n<strong>Editorial:<\/strong>\u00a0Elsevier<br \/>\n<strong>Edici\u00f3n:<\/strong>\u00a010\u00aa<br \/>\n<strong>Especialidad<\/strong>: Fisioterapia<br \/>\n<strong>P\u00e1ginas<\/strong>: 416<br \/>\n\u00a9 2019<\/p>\n","protected":false},"featured_media":14629,"comment_status":"open","ping_status":"open","template":"","meta":{"_joinchat":[]},"product_cat":[111],"product_tag":[85,112],"class_list":{"0":"post-14628","1":"product","2":"type-product","3":"status-publish","4":"has-post-thumbnail","6":"product_cat-fisioterapia","7":"product_tag-elsevier","8":"product_tag-fisioterapia","10":"first","11":"instock","12":"featured","13":"purchasable","14":"product-type-simple"},"_links":{"self":[{"href":"https:\/\/edimeinter.com\/libreria\/wp-json\/wp\/v2\/product\/14628","targetHints":{"allow":["GET"]}}],"collection":[{"href":"https:\/\/edimeinter.com\/libreria\/wp-json\/wp\/v2\/product"}],"about":[{"href":"https:\/\/edimeinter.com\/libreria\/wp-json\/wp\/v2\/types\/product"}],"replies":[{"embeddable":true,"href":"https:\/\/edimeinter.com\/libreria\/wp-json\/wp\/v2\/comments?post=14628"}],"version-history":[{"count":4,"href":"https:\/\/edimeinter.com\/libreria\/wp-json\/wp\/v2\/product\/14628\/revisions"}],"predecessor-version":[{"id":14633,"href":"https:\/\/edimeinter.com\/libreria\/wp-json\/wp\/v2\/product\/14628\/revisions\/14633"}],"wp:featuredmedia":[{"embeddable":true,"href":"https:\/\/edimeinter.com\/libreria\/wp-json\/wp\/v2\/media\/14629"}],"wp:attachment":[{"href":"https:\/\/edimeinter.com\/libreria\/wp-json\/wp\/v2\/media?parent=14628"}],"wp:term":[{"taxonomy":"product_cat","embeddable":true,"href":"https:\/\/edimeinter.com\/libreria\/wp-json\/wp\/v2\/product_cat?post=14628"},{"taxonomy":"product_tag","embeddable":true,"href":"https:\/\/edimeinter.com\/libreria\/wp-json\/wp\/v2\/product_tag?post=14628"}],"curies":[{"name":"wp","href":"https:\/\/api.w.org\/{rel}","templated":true}]}}