{"id":14634,"date":"2025-02-26T18:07:09","date_gmt":"2025-02-26T18:07:09","guid":{"rendered":"https:\/\/edimeinter.com\/libreria\/?post_type=product&#038;p=14634"},"modified":"2025-03-28T20:10:08","modified_gmt":"2025-03-28T20:10:08","slug":"trastorno-depresivo-mayor-1a-edicion","status":"publish","type":"product","link":"https:\/\/edimeinter.com\/libreria\/product\/trastorno-depresivo-mayor-1a-edicion\/","title":{"rendered":"Trastorno depresivo mayor. 1\u00aa Edici\u00f3n"},"content":{"rendered":"\t\t<div data-elementor-type=\"wp-post\" data-elementor-id=\"14634\" class=\"elementor elementor-14634\">\n\t\t\t\t<div class=\"elementor-element elementor-element-2612b12 e-flex e-con-boxed e-con e-parent\" data-id=\"2612b12\" data-element_type=\"container\" data-e-type=\"container\">\n\t\t\t\t\t<div class=\"e-con-inner\">\n\t\t\n\t\t<div class=\"elementor-element elementor-element-498707ae elementor-widget elementor-widget-text-editor\" data-id=\"498707ae\" data-element_type=\"widget\" data-e-type=\"widget\" data-widget_type=\"text-editor.default\">\n\t\t\t\t<div class=\"elementor-widget-container\">\n\t\t\t\t\t\t\t\t\t<div>Una visi\u00f3n somera pero rigurosa de los trastornos depresivos mayores que recoge el consenso actual de tratamiento. Consolida la informaci\u00f3n disponible hoy d\u00eda sobre este complejo tema en un recurso que se convierte en una referencia ideal y de f\u00e1cil lectura tanto para psiquiatras como para m\u00e9dicos de atenci\u00f3n primaria.<\/div><div>Proporciona una visi\u00f3n actual de los trastornos depresivos mayores que tiene como base la medicina basada en la evidencia.<\/div><div>Da respuestas claras y concisas a las preguntas que con m\u00e1s frecuencia pueden hacerse los especialistas.<\/div><div>Es de utilidad para un amplio n\u00famero de especialistas.<\/div>\t\t\t\t\t\t\t\t<\/div>\n\t\t\t\t<\/div>\n\t\t\t\t\t<\/div>\n\t\t\t\t<\/div>\n\t\t\t\t<\/div>\n\t\t","protected":false},"excerpt":{"rendered":"<p><strong>Autores:<\/strong>\u00a0Roger S McIntyre &amp; Carola Rong &amp; Mehala Subramaniapillai &amp; Yena Lee<br \/>\n<strong>ISBN:<\/strong>\u00a09788491137931<br \/>\n<strong>Editorial:<\/strong>\u00a0Elsevier<br \/>\n<strong>Edici\u00f3n:<\/strong>\u00a01\u00aa<br \/>\n<strong>Especialidad<\/strong>: Psiquiatr\u00eda<br \/>\n<strong>P\u00e1ginas<\/strong>: 200<br \/>\n\u00a9 2020<\/p>\n","protected":false},"featured_media":14635,"comment_status":"open","ping_status":"open","template":"","meta":{"_joinchat":[]},"product_cat":[68],"product_tag":[85,69],"class_list":{"0":"post-14634","1":"product","2":"type-product","3":"status-publish","4":"has-post-thumbnail","6":"product_cat-psiquiatria","7":"product_tag-elsevier","8":"product_tag-psiquiatria","10":"first","11":"instock","12":"featured","13":"purchasable","14":"product-type-simple"},"_links":{"self":[{"href":"https:\/\/edimeinter.com\/libreria\/wp-json\/wp\/v2\/product\/14634","targetHints":{"allow":["GET"]}}],"collection":[{"href":"https:\/\/edimeinter.com\/libreria\/wp-json\/wp\/v2\/product"}],"about":[{"href":"https:\/\/edimeinter.com\/libreria\/wp-json\/wp\/v2\/types\/product"}],"replies":[{"embeddable":true,"href":"https:\/\/edimeinter.com\/libreria\/wp-json\/wp\/v2\/comments?post=14634"}],"version-history":[{"count":4,"href":"https:\/\/edimeinter.com\/libreria\/wp-json\/wp\/v2\/product\/14634\/revisions"}],"predecessor-version":[{"id":14639,"href":"https:\/\/edimeinter.com\/libreria\/wp-json\/wp\/v2\/product\/14634\/revisions\/14639"}],"wp:featuredmedia":[{"embeddable":true,"href":"https:\/\/edimeinter.com\/libreria\/wp-json\/wp\/v2\/media\/14635"}],"wp:attachment":[{"href":"https:\/\/edimeinter.com\/libreria\/wp-json\/wp\/v2\/media?parent=14634"}],"wp:term":[{"taxonomy":"product_cat","embeddable":true,"href":"https:\/\/edimeinter.com\/libreria\/wp-json\/wp\/v2\/product_cat?post=14634"},{"taxonomy":"product_tag","embeddable":true,"href":"https:\/\/edimeinter.com\/libreria\/wp-json\/wp\/v2\/product_tag?post=14634"}],"curies":[{"name":"wp","href":"https:\/\/api.w.org\/{rel}","templated":true}]}}